{"id":3173,"date":"2024-03-25T21:17:07","date_gmt":"2024-03-25T21:17:07","guid":{"rendered":"https:\/\/geartips.com\/greenhub\/?page_id=3173"},"modified":"2024-04-08T20:35:04","modified_gmt":"2024-04-08T20:35:04","slug":"o-que-e-o-green-hub","status":"publish","type":"page","link":"https:\/\/geartips.com\/greenhub\/o-que-e-o-green-hub\/","title":{"rendered":"O que \u00e9 o Green Hub"},"content":{"rendered":"\t\t<div data-elementor-type=\"wp-page\" data-elementor-id=\"3173\" class=\"elementor elementor-3173\" data-elementor-post-type=\"page\">\n\t\t\t\t<div data-dce-background-color=\"#ECECEC\" data-dce-background-overlay-color=\"#00000000\" data-dce-background-image-url=\"https:\/\/geartips.com\/greenhub\/wp-content\/uploads\/sites\/2\/2024\/03\/gear-tips-bg-31.webp\" class=\"elementor-element elementor-element-20e3387b e-flex e-con-boxed e-con e-parent\" data-id=\"20e3387b\" data-element_type=\"container\" data-e-type=\"container\" data-settings=\"{&quot;background_background&quot;:&quot;classic&quot;}\">\n\t\t\t\t\t<div class=\"e-con-inner\">\n\t\t<div class=\"elementor-element elementor-element-4b57c71c e-con-full e-flex e-con e-child\" data-id=\"4b57c71c\" data-element_type=\"container\" data-e-type=\"container\">\n\t\t<div class=\"elementor-element elementor-element-1a722c94 e-flex e-con-boxed e-con e-child\" data-id=\"1a722c94\" data-element_type=\"container\" data-e-type=\"container\">\n\t\t\t\t\t<div class=\"e-con-inner\">\n\t\t\t\t<div data-dce-title-color=\"#FFFFFF\" class=\"elementor-element elementor-element-7dd4bf41 elementor-widget elementor-widget-heading\" data-id=\"7dd4bf41\" data-element_type=\"widget\" data-e-type=\"widget\" data-widget_type=\"heading.default\">\n\t\t\t\t<div class=\"elementor-widget-container\">\n\t\t\t\t\t<h1 class=\"elementor-heading-title elementor-size-default\">Entenda o Green Hub<\/h1>\t\t\t\t<\/div>\n\t\t\t\t<\/div>\n\t\t\t\t\t<\/div>\n\t\t\t\t<\/div>\n\t\t<div class=\"elementor-element elementor-element-224dddb5 e-con-full e-flex e-con e-child\" data-id=\"224dddb5\" data-element_type=\"container\" data-e-type=\"container\">\n\t\t<div class=\"elementor-element elementor-element-3ebd0079 e-con-full e-flex e-con e-child\" data-id=\"3ebd0079\" data-element_type=\"container\" data-e-type=\"container\">\n\t\t\t\t<div data-dce-text-color=\"#FFFFFF\" class=\"elementor-element elementor-element-1e3d6f4d elementor-widget elementor-widget-text-editor\" data-id=\"1e3d6f4d\" data-element_type=\"widget\" data-e-type=\"widget\" data-widget_type=\"text-editor.default\">\n\t\t\t\t<div class=\"elementor-widget-container\">\n\t\t\t\t\t\t\t\t\t<p><span style=\"font-weight: 400;\">O Green Hub \u00e9 o centro das iniciativas sustent\u00e1veis do Gear Tips, focado em minimizar nosso impacto ambiental e promover pr\u00e1ticas ecoconscientes. Destacamos o Programa de Reciclagem de Cartuchos de G\u00e1s e a neutraliza\u00e7\u00e3o das emiss\u00f5es de carbono de nossos eventos e opera\u00e7\u00f5es. Nosso compromisso com os Objetivos de Desenvolvimento Sustent\u00e1vel da ONU orienta essas iniciativas, visando criar um futuro mais verde e sustent\u00e1vel para os entusiastas de atividades ao ar livre.<\/span><\/p>\t\t\t\t\t\t\t\t<\/div>\n\t\t\t\t<\/div>\n\t\t\t\t<\/div>\n\t\t<div class=\"elementor-element elementor-element-32ae7320 e-con-full elementor-hidden-tablet elementor-hidden-mobile e-flex e-con e-child\" data-id=\"32ae7320\" data-element_type=\"container\" data-e-type=\"container\">\n\t\t\t\t<\/div>\n\t\t\t\t<\/div>\n\t\t\t\t<\/div>\n\t\t\t\t\t<\/div>\n\t\t\t\t<\/div>\n\t\t<div class=\"elementor-element elementor-element-77a06b0 e-flex e-con-boxed e-con e-parent\" data-id=\"77a06b0\" data-element_type=\"container\" data-e-type=\"container\">\n\t\t\t\t\t<div class=\"e-con-inner\">\n\t\t\t\t<div class=\"elementor-element elementor-element-b9b11b6 dce_masking-none elementor-vertical-align-top elementor-widget elementor-widget-image-box\" data-id=\"b9b11b6\" data-element_type=\"widget\" data-e-type=\"widget\" data-widget_type=\"image-box.default\">\n\t\t\t\t<div class=\"elementor-widget-container\">\n\t\t\t\t\t<div class=\"elementor-image-box-wrapper\"><div class=\"elementor-image-box-content\"><h3 class=\"elementor-image-box-title\">Promovendo a Sustentabilidade e a Consci\u00eancia Ambiental<\/h3><p class=\"elementor-image-box-description\">O Gear Tips Green Hub representa o cora\u00e7\u00e3o de nossas iniciativas sustent\u00e1veis, impulsionando a consci\u00eancia ambiental e a\u00e7\u00f5es concretas para minimizar nosso impacto no planeta.<\/p><\/div><\/div>\t\t\t\t<\/div>\n\t\t\t\t<\/div>\n\t\t\t\t\t<\/div>\n\t\t\t\t<\/div>\n\t\t<div class=\"elementor-element elementor-element-d2f3a20 e-flex e-con-boxed e-con e-parent\" data-id=\"d2f3a20\" data-element_type=\"container\" data-e-type=\"container\">\n\t\t\t\t\t<div class=\"e-con-inner\">\n\t\t<div data-dce-background-color=\"#FFFFFF\" class=\"elementor-element elementor-element-4e1a7ff e-flex e-con-boxed e-con e-child\" data-id=\"4e1a7ff\" data-element_type=\"container\" data-e-type=\"container\" data-settings=\"{&quot;background_background&quot;:&quot;classic&quot;}\">\n\t\t\t\t\t<div class=\"e-con-inner\">\n\t\t\t\t<div class=\"elementor-element elementor-element-60e5a5f elementor-position-left elementor-position-top dce_masking-none elementor-vertical-align-top elementor-widget elementor-widget-image-box\" data-id=\"60e5a5f\" data-element_type=\"widget\" data-e-type=\"widget\" data-widget_type=\"image-box.default\">\n\t\t\t\t<div class=\"elementor-widget-container\">\n\t\t\t\t\t<div class=\"elementor-image-box-wrapper\"><figure class=\"elementor-image-box-img\"><img decoding=\"async\" width=\"122\" height=\"86\" src=\"https:\/\/geartips.com\/greenhub\/wp-content\/uploads\/sites\/2\/2024\/03\/setas-verde.png\" class=\"attachment-full size-full wp-image-3248\" alt=\"\" \/><\/figure><div class=\"elementor-image-box-content\"><h3 class=\"elementor-image-box-title\">Programa de Reciclagem de Cartuchos de G\u00e1s: Promovendo a Sustentabilidade e a Conscientiza\u00e7\u00e3o<\/h3><p class=\"elementor-image-box-description\">Ganhador do prestigioso pr\u00eamio Mountain Protection Award, concedido pela UIAA (Union Internationale des Association d'Alpinisme), nosso Programa de Reciclagem de Cartuchos de G\u00e1s estabelece-se como um modelo de excel\u00eancia na preserva\u00e7\u00e3o ambiental. Presente em parques nacionais e estaduais do Brasil al\u00e9m de Clubes Excursionistas e lojas, o programa n\u00e3o apenas promove a reciclagem, mas tamb\u00e9m educa e conscientiza sobre a import\u00e2ncia da gest\u00e3o respons\u00e1vel de res\u00edduos.<\/p><\/div><\/div>\t\t\t\t<\/div>\n\t\t\t\t<\/div>\n\t\t\t\t<div class=\"elementor-element elementor-element-958e677 elementor-widget elementor-widget-button\" data-id=\"958e677\" data-element_type=\"widget\" data-e-type=\"widget\" data-widget_type=\"button.default\">\n\t\t\t\t<div class=\"elementor-widget-container\">\n\t\t\t\t\t\t\t\t\t<div class=\"elementor-button-wrapper\">\n\t\t\t\t\t<a class=\"elementor-button elementor-button-link elementor-size-sm\" href=\"https:\/\/geartips.com\/greenhub\/programa-de-reciclagem\/\">\n\t\t\t\t\t\t<span class=\"elementor-button-content-wrapper\">\n\t\t\t\t\t\t\t\t\t<span class=\"elementor-button-text\">Saiba mais<\/span>\n\t\t\t\t\t<\/span>\n\t\t\t\t\t<\/a>\n\t\t\t\t<\/div>\n\t\t\t\t\t\t\t\t<\/div>\n\t\t\t\t<\/div>\n\t\t\t\t\t<\/div>\n\t\t\t\t<\/div>\n\t\t\t\t\t<\/div>\n\t\t\t\t<\/div>\n\t\t<div class=\"elementor-element elementor-element-f44e372 e-flex e-con-boxed e-con e-parent\" data-id=\"f44e372\" data-element_type=\"container\" data-e-type=\"container\">\n\t\t\t\t\t<div class=\"e-con-inner\">\n\t\t<div data-dce-background-color=\"#FFFFFF\" class=\"elementor-element elementor-element-9c1308e e-flex e-con-boxed e-con e-child\" data-id=\"9c1308e\" data-element_type=\"container\" data-e-type=\"container\" data-settings=\"{&quot;background_background&quot;:&quot;classic&quot;}\">\n\t\t\t\t\t<div class=\"e-con-inner\">\n\t\t\t\t<div class=\"elementor-element elementor-element-b4379bb elementor-position-left elementor-position-top dce_masking-none elementor-vertical-align-top elementor-widget elementor-widget-image-box\" data-id=\"b4379bb\" data-element_type=\"widget\" data-e-type=\"widget\" data-widget_type=\"image-box.default\">\n\t\t\t\t<div class=\"elementor-widget-container\">\n\t\t\t\t\t<div class=\"elementor-image-box-wrapper\"><figure class=\"elementor-image-box-img\"><img decoding=\"async\" width=\"122\" height=\"86\" src=\"https:\/\/geartips.com\/greenhub\/wp-content\/uploads\/sites\/2\/2024\/03\/setas-verde.png\" class=\"attachment-full size-full wp-image-3248\" alt=\"\" \/><\/figure><div class=\"elementor-image-box-content\"><h3 class=\"elementor-image-box-title\">Neutraliza\u00e7\u00e3o de Emiss\u00f5es de Carbono: Compromisso com o Meio Ambiente<\/h3><p class=\"elementor-image-box-description\">Nosso compromisso com a neutralidade de carbono \u00e9 incans\u00e1vel. Tanto nossos eventos quanto nossas opera\u00e7\u00f5es s\u00e3o neutros em carbono, gra\u00e7as ao plantio de \u00e1rvores em projetos de reflorestamento. Alinhado ao ODS 13 (A\u00e7\u00e3o Clim\u00e1tica), esse esfor\u00e7o contribui para mitigar os impactos das mudan\u00e7as clim\u00e1ticas e preservar o ambiente para as gera\u00e7\u00f5es futuras.<\/p><\/div><\/div>\t\t\t\t<\/div>\n\t\t\t\t<\/div>\n\t\t\t\t<div class=\"elementor-element elementor-element-1f5bca6 elementor-widget elementor-widget-button\" data-id=\"1f5bca6\" data-element_type=\"widget\" data-e-type=\"widget\" data-widget_type=\"button.default\">\n\t\t\t\t<div class=\"elementor-widget-container\">\n\t\t\t\t\t\t\t\t\t<div class=\"elementor-button-wrapper\">\n\t\t\t\t\t<a class=\"elementor-button elementor-button-link elementor-size-sm\" href=\"https:\/\/geartips.com\/greenhub\/neutralizacao-de-carbono\/\">\n\t\t\t\t\t\t<span class=\"elementor-button-content-wrapper\">\n\t\t\t\t\t\t\t\t\t<span class=\"elementor-button-text\">Saiba mais<\/span>\n\t\t\t\t\t<\/span>\n\t\t\t\t\t<\/a>\n\t\t\t\t<\/div>\n\t\t\t\t\t\t\t\t<\/div>\n\t\t\t\t<\/div>\n\t\t\t\t\t<\/div>\n\t\t\t\t<\/div>\n\t\t\t\t\t<\/div>\n\t\t\t\t<\/div>\n\t\t<div class=\"elementor-element elementor-element-9a276ea e-flex e-con-boxed e-con e-parent\" data-id=\"9a276ea\" data-element_type=\"container\" data-e-type=\"container\">\n\t\t\t\t\t<div class=\"e-con-inner\">\n\t\t<div data-dce-background-color=\"#FFFFFF\" class=\"elementor-element elementor-element-6783216 e-flex e-con-boxed e-con e-child\" data-id=\"6783216\" data-element_type=\"container\" data-e-type=\"container\" data-settings=\"{&quot;background_background&quot;:&quot;classic&quot;}\">\n\t\t\t\t\t<div class=\"e-con-inner\">\n\t\t\t\t<div class=\"elementor-element elementor-element-cb45766 elementor-position-left elementor-position-top dce_masking-none elementor-vertical-align-top elementor-widget elementor-widget-image-box\" data-id=\"cb45766\" data-element_type=\"widget\" data-e-type=\"widget\" data-widget_type=\"image-box.default\">\n\t\t\t\t<div class=\"elementor-widget-container\">\n\t\t\t\t\t<div class=\"elementor-image-box-wrapper\"><figure class=\"elementor-image-box-img\"><img decoding=\"async\" width=\"122\" height=\"86\" src=\"https:\/\/geartips.com\/greenhub\/wp-content\/uploads\/sites\/2\/2024\/03\/setas-verde.png\" class=\"attachment-full size-full wp-image-3248\" alt=\"\" \/><\/figure><div class=\"elementor-image-box-content\"><h3 class=\"elementor-image-box-title\">Capacita\u00e7\u00e3o e Educa\u00e7\u00e3o: Rumo a um Futuro Sustent\u00e1vel<\/h3><p class=\"elementor-image-box-description\">Al\u00e9m do Gear Tips Green Hub, investimos na capacita\u00e7\u00e3o e educa\u00e7\u00e3o, incorporando os Objetivos de Desenvolvimento Sustent\u00e1vel (ODS) em nossas iniciativas. O ODS 4 (Educa\u00e7\u00e3o de Qualidade) orienta nosso Programa CAPACITAR, proporcionando treinamento t\u00e9cnico para profissionais do mercado outdoor. Al\u00e9m disso, nossos cursos Leave no Trace promovem a prote\u00e7\u00e3o do ambiente terrestre, contribuindo para a conserva\u00e7\u00e3o de ecossistemas fr\u00e1geis.<\/p><\/div><\/div>\t\t\t\t<\/div>\n\t\t\t\t<\/div>\n\t\t\t\t<div class=\"elementor-element elementor-element-891ed04 elementor-widget elementor-widget-button\" data-id=\"891ed04\" data-element_type=\"widget\" data-e-type=\"widget\" data-widget_type=\"button.default\">\n\t\t\t\t<div class=\"elementor-widget-container\">\n\t\t\t\t\t\t\t\t\t<div class=\"elementor-button-wrapper\">\n\t\t\t\t\t<a class=\"elementor-button elementor-button-link elementor-size-sm\" href=\"https:\/\/geartips.com\/programa-capacitar\/\">\n\t\t\t\t\t\t<span class=\"elementor-button-content-wrapper\">\n\t\t\t\t\t\t\t\t\t<span class=\"elementor-button-text\">Saiba mais<\/span>\n\t\t\t\t\t<\/span>\n\t\t\t\t\t<\/a>\n\t\t\t\t<\/div>\n\t\t\t\t\t\t\t\t<\/div>\n\t\t\t\t<\/div>\n\t\t\t\t\t<\/div>\n\t\t\t\t<\/div>\n\t\t\t\t\t<\/div>\n\t\t\t\t<\/div>\n\t\t<div class=\"elementor-element elementor-element-6d8e126 e-flex e-con-boxed e-con e-parent\" data-id=\"6d8e126\" data-element_type=\"container\" data-e-type=\"container\">\n\t\t\t\t\t<div class=\"e-con-inner\">\n\t\t<div data-dce-background-color=\"#FFFFFF\" class=\"elementor-element elementor-element-5daf57c e-flex e-con-boxed e-con e-child\" data-id=\"5daf57c\" data-element_type=\"container\" data-e-type=\"container\" data-settings=\"{&quot;background_background&quot;:&quot;classic&quot;}\">\n\t\t\t\t\t<div class=\"e-con-inner\">\n\t\t\t\t<div class=\"elementor-element elementor-element-bd61e91 elementor-position-left elementor-position-top dce_masking-none elementor-vertical-align-top elementor-widget elementor-widget-image-box\" data-id=\"bd61e91\" data-element_type=\"widget\" data-e-type=\"widget\" data-widget_type=\"image-box.default\">\n\t\t\t\t<div class=\"elementor-widget-container\">\n\t\t\t\t\t<div class=\"elementor-image-box-wrapper\"><figure class=\"elementor-image-box-img\"><img decoding=\"async\" width=\"122\" height=\"86\" src=\"https:\/\/geartips.com\/greenhub\/wp-content\/uploads\/sites\/2\/2024\/03\/setas-verde.png\" class=\"attachment-full size-full wp-image-3248\" alt=\"\" \/><\/figure><div class=\"elementor-image-box-content\"><h3 class=\"elementor-image-box-title\">Parcerias e Engajamento Global<\/h3><p class=\"elementor-image-box-description\">Como membros orgulhosos da EOCA (European Outdoor Conservation Association), nos engajamos em campanhas globais para apoiar projetos de conserva\u00e7\u00e3o em todo o mundo. Tamb\u00e9m colaboramos com a Leave No Trace, organiza\u00e7\u00e3o dedicada a disseminar t\u00e9cnicas de m\u00ednimo impacto em ambientes naturais, fortalecendo nosso compromisso com a sustentabilidade.<\/p><\/div><\/div>\t\t\t\t<\/div>\n\t\t\t\t<\/div>\n\t\t\t\t<div class=\"elementor-element elementor-element-154eb9e elementor-widget elementor-widget-button\" data-id=\"154eb9e\" data-element_type=\"widget\" data-e-type=\"widget\" data-widget_type=\"button.default\">\n\t\t\t\t<div class=\"elementor-widget-container\">\n\t\t\t\t\t\t\t\t\t<div class=\"elementor-button-wrapper\">\n\t\t\t\t\t<a class=\"elementor-button elementor-button-link elementor-size-sm\" href=\"#\">\n\t\t\t\t\t\t<span class=\"elementor-button-content-wrapper\">\n\t\t\t\t\t\t\t\t\t<span class=\"elementor-button-text\">Saiba mais<\/span>\n\t\t\t\t\t<\/span>\n\t\t\t\t\t<\/a>\n\t\t\t\t<\/div>\n\t\t\t\t\t\t\t\t<\/div>\n\t\t\t\t<\/div>\n\t\t\t\t\t<\/div>\n\t\t\t\t<\/div>\n\t\t\t\t\t<\/div>\n\t\t\t\t<\/div>\n\t\t<div class=\"elementor-element elementor-element-2b1ec9e e-flex e-con-boxed e-con e-parent\" data-id=\"2b1ec9e\" data-element_type=\"container\" data-e-type=\"container\">\n\t\t\t\t\t<div class=\"e-con-inner\">\n\t\t<div data-dce-background-color=\"#FFFFFF\" class=\"elementor-element elementor-element-cbaa965 e-flex e-con-boxed e-con e-child\" data-id=\"cbaa965\" data-element_type=\"container\" data-e-type=\"container\" data-settings=\"{&quot;background_background&quot;:&quot;classic&quot;}\">\n\t\t\t\t\t<div class=\"e-con-inner\">\n\t\t\t\t<div class=\"elementor-element elementor-element-9baef8f elementor-position-left elementor-position-top dce_masking-none elementor-vertical-align-top elementor-widget elementor-widget-image-box\" data-id=\"9baef8f\" data-element_type=\"widget\" data-e-type=\"widget\" data-widget_type=\"image-box.default\">\n\t\t\t\t<div class=\"elementor-widget-container\">\n\t\t\t\t\t<div class=\"elementor-image-box-wrapper\"><figure class=\"elementor-image-box-img\"><img decoding=\"async\" width=\"122\" height=\"86\" src=\"https:\/\/geartips.com\/greenhub\/wp-content\/uploads\/sites\/2\/2024\/03\/setas-verde.png\" class=\"attachment-full size-full wp-image-3248\" alt=\"\" \/><\/figure><div class=\"elementor-image-box-content\"><h3 class=\"elementor-image-box-title\">Contribuindo para um Futuro Sustent\u00e1vel<\/h3><p class=\"elementor-image-box-description\">Destinamos parte das receitas do Gear Tips Club para a\u00e7\u00f5es de conserva\u00e7\u00e3o ambiental. Em a\u00e7\u00f5es espec\u00edficas, 20% do valor das assinaturas s\u00e3o revertidos para projetos de conserva\u00e7\u00e3o, enquanto 10% s\u00e3o direcionados ao Programa de Reciclagem e outros 10% alimentam o Fundo de Bolsas do Programa CAPACITAR. Dessa forma, cada assinante contribui diretamente para a preserva\u00e7\u00e3o ambiental e o desenvolvimento sustent\u00e1vel.<\/p><\/div><\/div>\t\t\t\t<\/div>\n\t\t\t\t<\/div>\n\t\t\t\t<div class=\"elementor-element elementor-element-018a68a elementor-widget elementor-widget-button\" data-id=\"018a68a\" data-element_type=\"widget\" data-e-type=\"widget\" data-widget_type=\"button.default\">\n\t\t\t\t<div class=\"elementor-widget-container\">\n\t\t\t\t\t\t\t\t\t<div class=\"elementor-button-wrapper\">\n\t\t\t\t\t<a class=\"elementor-button elementor-button-link elementor-size-sm\" href=\"#\">\n\t\t\t\t\t\t<span class=\"elementor-button-content-wrapper\">\n\t\t\t\t\t\t\t\t\t<span class=\"elementor-button-text\">Saiba mais<\/span>\n\t\t\t\t\t<\/span>\n\t\t\t\t\t<\/a>\n\t\t\t\t<\/div>\n\t\t\t\t\t\t\t\t<\/div>\n\t\t\t\t<\/div>\n\t\t\t\t\t<\/div>\n\t\t\t\t<\/div>\n\t\t\t\t\t<\/div>\n\t\t\t\t<\/div>\n\t\t<div class=\"elementor-element elementor-element-3afebb3 e-flex e-con-boxed e-con e-parent\" data-id=\"3afebb3\" data-element_type=\"container\" data-e-type=\"container\">\n\t\t\t\t\t<div class=\"e-con-inner\">\n\t\t<div data-dce-background-color=\"#FFFFFF\" class=\"elementor-element elementor-element-21dcf27 e-flex e-con-boxed e-con e-child\" data-id=\"21dcf27\" data-element_type=\"container\" data-e-type=\"container\" data-settings=\"{&quot;background_background&quot;:&quot;classic&quot;}\">\n\t\t\t\t\t<div class=\"e-con-inner\">\n\t\t\t\t<div class=\"elementor-element elementor-element-d49b6d9 elementor-position-left elementor-position-top dce_masking-none elementor-vertical-align-top elementor-widget elementor-widget-image-box\" data-id=\"d49b6d9\" data-element_type=\"widget\" data-e-type=\"widget\" data-widget_type=\"image-box.default\">\n\t\t\t\t<div class=\"elementor-widget-container\">\n\t\t\t\t\t<div class=\"elementor-image-box-wrapper\"><figure class=\"elementor-image-box-img\"><img decoding=\"async\" width=\"122\" height=\"86\" src=\"https:\/\/geartips.com\/greenhub\/wp-content\/uploads\/sites\/2\/2024\/03\/setas-verde.png\" class=\"attachment-full size-full wp-image-3248\" alt=\"\" \/><\/figure><div class=\"elementor-image-box-content\"><h3 class=\"elementor-image-box-title\">Promovendo Marcas e Produtos Sustent\u00e1veis<\/h3><p class=\"elementor-image-box-description\">Nosso compromisso com a sustentabilidade se estende \u00e0 promo\u00e7\u00e3o de marcas e produtos que adotam pr\u00e1ticas respons\u00e1veis. Por meio de conte\u00fado educacional, destacamos empresas que utilizam mat\u00e9rias-primas sustent\u00e1veis, eliminam produtos nocivos como os PFCs e aderem a certifica\u00e7\u00f5es de qualidade ambiental, como BlueSign e RDS (Responsible Down Standard). Ao compartilhar essas hist\u00f3rias, inspiramos consumidores a fazerem escolhas conscientes e apoiarem empresas comprometidas com o meio ambiente.<\/p><\/div><\/div>\t\t\t\t<\/div>\n\t\t\t\t<\/div>\n\t\t\t\t<div class=\"elementor-element elementor-element-b83b9a9 elementor-widget elementor-widget-button\" data-id=\"b83b9a9\" data-element_type=\"widget\" data-e-type=\"widget\" data-widget_type=\"button.default\">\n\t\t\t\t<div class=\"elementor-widget-container\">\n\t\t\t\t\t\t\t\t\t<div class=\"elementor-button-wrapper\">\n\t\t\t\t\t<a class=\"elementor-button elementor-button-link elementor-size-sm\" href=\"#\">\n\t\t\t\t\t\t<span class=\"elementor-button-content-wrapper\">\n\t\t\t\t\t\t\t\t\t<span class=\"elementor-button-text\">Saiba mais<\/span>\n\t\t\t\t\t<\/span>\n\t\t\t\t\t<\/a>\n\t\t\t\t<\/div>\n\t\t\t\t\t\t\t\t<\/div>\n\t\t\t\t<\/div>\n\t\t\t\t\t<\/div>\n\t\t\t\t<\/div>\n\t\t\t\t\t<\/div>\n\t\t\t\t<\/div>\n\t\t<div class=\"elementor-element elementor-element-5364374 e-flex e-con-boxed e-con e-parent\" data-id=\"5364374\" data-element_type=\"container\" data-e-type=\"container\">\n\t\t\t\t\t<div class=\"e-con-inner\">\n\t\t\t\t<div class=\"elementor-element elementor-element-9056442 elementor-widget elementor-widget-text-editor\" data-id=\"9056442\" data-element_type=\"widget\" data-e-type=\"widget\" data-widget_type=\"text-editor.default\">\n\t\t\t\t<div class=\"elementor-widget-container\">\n\t\t\t\t\t\t\t\t\t<p>O Gear Tips Green Hub \u00e9 mais do que uma iniciativa; \u00e9 um compromisso com um futuro mais sustent\u00e1vel e consciente, onde a natureza \u00e9 valorizada, protegida e respeitada. Junte-se a n\u00f3s nessa jornada rumo a um mundo melhor.<\/p>\t\t\t\t\t\t\t\t<\/div>\n\t\t\t\t<\/div>\n\t\t\t\t\t<\/div>\n\t\t\t\t<\/div>\n\t\t\t\t<\/div>\n\t\t","protected":false},"excerpt":{"rendered":"<p>Entenda o Green Hub O Green Hub \u00e9 o centro das iniciativas sustent\u00e1veis do Gear Tips, focado em minimizar nosso impacto ambiental e promover pr\u00e1ticas ecoconscientes. Destacamos o Programa de Reciclagem de Cartuchos de G\u00e1s e a neutraliza\u00e7\u00e3o das emiss\u00f5es de carbono de nossos eventos e opera\u00e7\u00f5es. Nosso compromisso com os Objetivos de Desenvolvimento Sustent\u00e1vel [&hellip;]<\/p>\n","protected":false},"author":3,"featured_media":0,"parent":0,"menu_order":0,"comment_status":"closed","ping_status":"closed","template":"","meta":{"_acf_changed":false,"footnotes":""},"class_list":["post-3173","page","type-page","status-publish","hentry"],"blocksy_meta":[],"acf":[],"publishpress_future_workflow_manual_trigger":{"enabledWorkflows":[]},"_links":{"self":[{"href":"https:\/\/geartips.com\/greenhub\/wp-json\/wp\/v2\/pages\/3173","targetHints":{"allow":["GET"]}}],"collection":[{"href":"https:\/\/geartips.com\/greenhub\/wp-json\/wp\/v2\/pages"}],"about":[{"href":"https:\/\/geartips.com\/greenhub\/wp-json\/wp\/v2\/types\/page"}],"author":[{"embeddable":true,"href":"https:\/\/geartips.com\/greenhub\/wp-json\/wp\/v2\/users\/3"}],"replies":[{"embeddable":true,"href":"https:\/\/geartips.com\/greenhub\/wp-json\/wp\/v2\/comments?post=3173"}],"version-history":[{"count":5,"href":"https:\/\/geartips.com\/greenhub\/wp-json\/wp\/v2\/pages\/3173\/revisions"}],"predecessor-version":[{"id":4255,"href":"https:\/\/geartips.com\/greenhub\/wp-json\/wp\/v2\/pages\/3173\/revisions\/4255"}],"wp:attachment":[{"href":"https:\/\/geartips.com\/greenhub\/wp-json\/wp\/v2\/media?parent=3173"}],"curies":[{"name":"wp","href":"https:\/\/api.w.org\/{rel}","templated":true}]}}