{"id":102,"date":"2024-01-11T18:32:56","date_gmt":"2024-01-11T18:32:56","guid":{"rendered":"https:\/\/geartips.com\/greenhub\/?page_id=102"},"modified":"2024-04-29T18:58:03","modified_gmt":"2024-04-29T18:58:03","slug":"neutralizacao-de-carbono","status":"publish","type":"page","link":"https:\/\/geartips.com\/greenhub\/neutralizacao-de-carbono\/","title":{"rendered":"Neutraliza\u00e7\u00e3o de Carbono"},"content":{"rendered":"\t\t<div data-elementor-type=\"wp-page\" data-elementor-id=\"102\" class=\"elementor elementor-102\" data-elementor-post-type=\"page\">\n\t\t\t\t<div data-dce-background-color=\"#ECECEC\" data-dce-background-overlay-color=\"#00000000\" data-dce-background-image-url=\"https:\/\/geartips.com\/greenhub\/wp-content\/uploads\/sites\/2\/2024\/03\/gear-tips-bg-23.webp\" class=\"elementor-element elementor-element-1f2d3f49 e-flex e-con-boxed e-con e-parent\" data-id=\"1f2d3f49\" data-element_type=\"container\" data-e-type=\"container\" data-settings=\"{&quot;background_background&quot;:&quot;classic&quot;}\">\n\t\t\t\t\t<div class=\"e-con-inner\">\n\t\t<div class=\"elementor-element elementor-element-3d7c15ee e-con-full e-flex e-con e-child\" data-id=\"3d7c15ee\" data-element_type=\"container\" data-e-type=\"container\">\n\t\t<div class=\"elementor-element elementor-element-6df52f35 e-con-full e-flex e-con e-child\" data-id=\"6df52f35\" data-element_type=\"container\" data-e-type=\"container\">\n\t\t<div class=\"elementor-element elementor-element-365ae195 e-con-full e-flex e-con e-child\" data-id=\"365ae195\" data-element_type=\"container\" data-e-type=\"container\">\n\t\t\t\t<div data-dce-title-color=\"#FFFFFF\" class=\"elementor-element elementor-element-60a941c6 elementor-widget elementor-widget-heading\" data-id=\"60a941c6\" data-element_type=\"widget\" data-e-type=\"widget\" data-widget_type=\"heading.default\">\n\t\t\t\t<div class=\"elementor-widget-container\">\n\t\t\t\t\t<h1 class=\"elementor-heading-title elementor-size-default\">Neutraliza\u00e7\u00e3o de Carbono<\/h1>\t\t\t\t<\/div>\n\t\t\t\t<\/div>\n\t\t\t\t<div data-dce-text-color=\"#FFFFFF\" class=\"elementor-element elementor-element-3ab55bc8 elementor-widget elementor-widget-text-editor\" data-id=\"3ab55bc8\" data-element_type=\"widget\" data-e-type=\"widget\" data-widget_type=\"text-editor.default\">\n\t\t\t\t<div class=\"elementor-widget-container\">\n\t\t\t\t\t\t\t\t\tSustentabilidade \u00e9 um dos pilares do Gear Tips e a neutraliza\u00e7\u00e3o das emiss\u00f5es de carbono est\u00e1 dentro das nossas a\u00e7\u00f5es ambientais, tanto de nossos eventos quanto de nossas opera\u00e7\u00f5es como um todo. Essas a\u00e7\u00f5es refletem nosso compromisso em minimizar nosso impacto ambiental e contribuir para um futuro mais verde.\t\t\t\t\t\t\t\t<\/div>\n\t\t\t\t<\/div>\n\t\t\t\t<\/div>\n\t\t<div class=\"elementor-element elementor-element-4eb0b5ab e-con-full e-flex e-con e-child\" data-id=\"4eb0b5ab\" data-element_type=\"container\" data-e-type=\"container\">\n\t\t\t\t<div data-dce-title-color=\"#3d594b\" data-dce-advanced-background-color=\"#D4DBD8F2\" class=\"elementor-element elementor-element-91ec11e elementor-widget elementor-widget-counter\" data-id=\"91ec11e\" data-element_type=\"widget\" data-e-type=\"widget\" data-widget_type=\"counter.default\">\n\t\t\t\t<div class=\"elementor-widget-container\">\n\t\t\t\t\t\t\t<div class=\"elementor-counter\">\n\t\t\t<div class=\"elementor-counter-title\">Toneladas de <br> CO\u2082 compensadas<\/div>\t\t\t<div class=\"elementor-counter-number-wrapper\">\n\t\t\t\t<span class=\"elementor-counter-number-prefix\">+<\/span>\n\t\t\t\t<span class=\"elementor-counter-number\" data-duration=\"6000\" data-to-value=\"40\" data-from-value=\"0\" data-delimiter=\" \">0<\/span>\n\t\t\t\t<span class=\"elementor-counter-number-suffix\"><\/span>\n\t\t\t<\/div>\n\t\t<\/div>\n\t\t\t\t\t\t<\/div>\n\t\t\t\t<\/div>\n\t\t\t\t<div data-dce-title-color=\"#3d594b\" data-dce-advanced-background-color=\"#D4DBD8F2\" class=\"elementor-element elementor-element-15bb617 elementor-widget elementor-widget-counter\" data-id=\"15bb617\" data-element_type=\"widget\" data-e-type=\"widget\" data-widget_type=\"counter.default\">\n\t\t\t\t<div class=\"elementor-widget-container\">\n\t\t\t\t\t\t\t<div class=\"elementor-counter\">\n\t\t\t<div class=\"elementor-counter-title\">\u00c1rvores<br> Plantadas<\/div>\t\t\t<div class=\"elementor-counter-number-wrapper\">\n\t\t\t\t<span class=\"elementor-counter-number-prefix\">+<\/span>\n\t\t\t\t<span class=\"elementor-counter-number\" data-duration=\"6900\" data-to-value=\"240\" data-from-value=\"0\" data-delimiter=\",\">0<\/span>\n\t\t\t\t<span class=\"elementor-counter-number-suffix\"><\/span>\n\t\t\t<\/div>\n\t\t<\/div>\n\t\t\t\t\t\t<\/div>\n\t\t\t\t<\/div>\n\t\t\t\t<\/div>\n\t\t\t\t<\/div>\n\t\t\t\t<\/div>\n\t\t\t\t\t<\/div>\n\t\t\t\t<\/div>\n\t\t<div data-dce-background-color=\"#FFFFFF\" class=\"elementor-element elementor-element-c2a4106 e-flex e-con-boxed e-con e-parent\" data-id=\"c2a4106\" data-element_type=\"container\" data-e-type=\"container\" data-settings=\"{&quot;background_background&quot;:&quot;classic&quot;}\">\n\t\t\t\t\t<div class=\"e-con-inner\">\n\t\t<div class=\"elementor-element elementor-element-03b2d7f e-con-full e-flex e-con e-child\" data-id=\"03b2d7f\" data-element_type=\"container\" data-e-type=\"container\">\n\t\t\t\t<div class=\"elementor-element elementor-element-df7b91d elementor-widget elementor-widget-heading\" data-id=\"df7b91d\" data-element_type=\"widget\" data-e-type=\"widget\" data-widget_type=\"heading.default\">\n\t\t\t\t<div class=\"elementor-widget-container\">\n\t\t\t\t\t<h2 class=\"elementor-heading-title elementor-size-default\">\u00c9 preciso neutralizar<\/h2>\t\t\t\t<\/div>\n\t\t\t\t<\/div>\n\t\t\t\t<div class=\"elementor-element elementor-element-66c451d elementor-widget elementor-widget-text-editor\" data-id=\"66c451d\" data-element_type=\"widget\" data-e-type=\"widget\" data-widget_type=\"text-editor.default\">\n\t\t\t\t<div class=\"elementor-widget-container\">\n\t\t\t\t\t\t\t\t\t<p>O Gear Tips foi a primeira institui\u00e7\u00e3o do segmento de atividades ao ar livre do Brasil a neutralizar as emiss\u00f5es de carbono promovidas em seus principais eventos realizados em 2022 e 2023. No total, compensamos as emiss\u00f5es de <strong>40,77 toneladas de CO2<\/strong> equivalentes atrav\u00e9s do plantio de <strong>249 \u00e1rvores<\/strong> que, ao se estabelecerem e se desenvolverem, compensar\u00e3o nossas emiss\u00f5es durante um tempo aproximado de 30 anos de vida.<\/p>\t\t\t\t\t\t\t\t<\/div>\n\t\t\t\t<\/div>\n\t\t\t\t<\/div>\n\t\t\t\t\t<\/div>\n\t\t\t\t<\/div>\n\t\t<div data-dce-background-image-url=\"https:\/\/geartips.com\/greenhub\/wp-content\/uploads\/sites\/2\/2024\/03\/bg-montanhas-home11.webp\" class=\"elementor-element elementor-element-4749074 e-flex e-con-boxed e-con e-parent\" data-id=\"4749074\" data-element_type=\"container\" data-e-type=\"container\" data-settings=\"{&quot;background_background&quot;:&quot;classic&quot;}\">\n\t\t\t\t\t<div class=\"e-con-inner\">\n\t\t<div class=\"elementor-element elementor-element-9964a4b e-con-full e-flex e-con e-child\" data-id=\"9964a4b\" data-element_type=\"container\" data-e-type=\"container\">\n\t\t\t\t<div class=\"elementor-element elementor-element-cb32432 elementor-widget elementor-widget-heading\" data-id=\"cb32432\" data-element_type=\"widget\" data-e-type=\"widget\" data-widget_type=\"heading.default\">\n\t\t\t\t<div class=\"elementor-widget-container\">\n\t\t\t\t\t<h2 class=\"elementor-heading-title elementor-size-default\">Eventos Gear Tips Neutralizados<\/h2>\t\t\t\t<\/div>\n\t\t\t\t<\/div>\n\t\t\t\t<div class=\"elementor-element elementor-element-c3e5029 elementor-widget elementor-widget-text-editor\" data-id=\"c3e5029\" data-element_type=\"widget\" data-e-type=\"widget\" data-widget_type=\"text-editor.default\">\n\t\t\t\t<div class=\"elementor-widget-container\">\n\t\t\t\t\t\t\t\t\t<p>Desde que iniciamos nossas a\u00e7\u00f5es de neutraliza\u00e7\u00e3o j\u00e1 neutralizamos as emiss\u00f5es dos seguintes eventos:<\/p><ul><li>17\u00ba Rio Mountain Festival<\/li><li>III Jornada Cultural e Cient\u00edfica de Montanhismo<\/li><li>18\u00ba Rio Mountain Festival<\/li><li>Pilgrim Experience<\/li><li>IV Jornada Cultural e Cient\u00edfica de Montanhismo<\/li><\/ul><p>Na \u00faltima Jornada, realizada em 2023, al\u00e9m da neutraliza\u00e7\u00e3o das emiss\u00f5es diretas emitidas, ainda plantamos uma \u00e1rvore por participante do evento, aumentando assim o nosso escopo e impacto positivo.\u00a0<\/p><p><span style=\"font-weight: 400;\">O trabalho foi realizado junto \u00e0 OCT \u2014 Organiza\u00e7\u00e3o pela Conserva\u00e7\u00e3o da Terra, institui\u00e7\u00e3o atuante em projetos de conserva\u00e7\u00e3o ambiental, que executou o plantio na \u00c1rea de Prote\u00e7\u00e3o Ambiental do Pratigi, \u00e1rea inserida no Mosaico de APAS do baixo sul da Bahia.<\/span><\/p>\t\t\t\t\t\t\t\t<\/div>\n\t\t\t\t<\/div>\n\t\t\t\t<\/div>\n\t\t<div class=\"elementor-element elementor-element-dd10b9f e-con-full e-flex e-con e-child\" data-id=\"dd10b9f\" data-element_type=\"container\" data-e-type=\"container\">\n\t\t\t\t<div class=\"elementor-element elementor-element-4cfec02 elementor-pagination-position-outside elementor-widget elementor-widget-image-carousel\" data-id=\"4cfec02\" data-element_type=\"widget\" data-e-type=\"widget\" data-settings=\"{&quot;slides_to_show&quot;:&quot;1&quot;,&quot;navigation&quot;:&quot;dots&quot;,&quot;slides_to_show_tablet&quot;:&quot;3&quot;,&quot;image_spacing_custom_tablet&quot;:{&quot;unit&quot;:&quot;px&quot;,&quot;size&quot;:15,&quot;sizes&quot;:[]},&quot;autoplay&quot;:&quot;yes&quot;,&quot;pause_on_hover&quot;:&quot;yes&quot;,&quot;pause_on_interaction&quot;:&quot;yes&quot;,&quot;autoplay_speed&quot;:5000,&quot;infinite&quot;:&quot;yes&quot;,&quot;effect&quot;:&quot;slide&quot;,&quot;speed&quot;:500,&quot;image_spacing_custom_mobile&quot;:{&quot;unit&quot;:&quot;px&quot;,&quot;size&quot;:&quot;&quot;,&quot;sizes&quot;:[]}}\" data-widget_type=\"image-carousel.default\">\n\t\t\t\t<div class=\"elementor-widget-container\">\n\t\t\t\t\t\t\t<div class=\"elementor-image-carousel-wrapper swiper\" role=\"region\" aria-roledescription=\"carousel\" aria-label=\"Carrossel de imagens\" dir=\"ltr\">\n\t\t\t<div class=\"elementor-image-carousel swiper-wrapper\" aria-live=\"off\">\n\t\t\t\t\t\t\t\t<div class=\"swiper-slide\" role=\"group\" aria-roledescription=\"slide\" aria-label=\"1 de 5\"><figure class=\"swiper-slide-inner\"><img decoding=\"async\" class=\"swiper-slide-image\" src=\"https:\/\/geartips.com\/greenhub\/wp-content\/uploads\/sites\/2\/2024\/03\/scn_rmf_2023.webp\" alt=\"Selo Carbono Neutro\" \/><\/figure><\/div><div class=\"swiper-slide\" role=\"group\" aria-roledescription=\"slide\" aria-label=\"2 de 5\"><figure class=\"swiper-slide-inner\"><img decoding=\"async\" class=\"swiper-slide-image\" src=\"https:\/\/geartips.com\/greenhub\/wp-content\/uploads\/sites\/2\/2024\/03\/scn_rmf_2022.webp\" alt=\"Selo Carbono Neutro\" \/><\/figure><\/div><div class=\"swiper-slide\" role=\"group\" aria-roledescription=\"slide\" aria-label=\"3 de 5\"><figure class=\"swiper-slide-inner\"><img decoding=\"async\" class=\"swiper-slide-image\" src=\"https:\/\/geartips.com\/greenhub\/wp-content\/uploads\/sites\/2\/2024\/03\/scn_pilgrim_2023.webp\" alt=\"Selo Carbono Neutro\" \/><\/figure><\/div><div class=\"swiper-slide\" role=\"group\" aria-roledescription=\"slide\" aria-label=\"4 de 5\"><figure class=\"swiper-slide-inner\"><img decoding=\"async\" class=\"swiper-slide-image\" src=\"https:\/\/geartips.com\/greenhub\/wp-content\/uploads\/sites\/2\/2024\/03\/scn_4jccm_2023.webp\" alt=\"Selo Carbono Neutro\" \/><\/figure><\/div><div class=\"swiper-slide\" role=\"group\" aria-roledescription=\"slide\" aria-label=\"5 de 5\"><figure class=\"swiper-slide-inner\"><img decoding=\"async\" class=\"swiper-slide-image\" src=\"https:\/\/geartips.com\/greenhub\/wp-content\/uploads\/sites\/2\/2024\/03\/scn_3jccm_2022.webp\" alt=\"Selo Carbono Neutro\" \/><\/figure><\/div>\t\t\t<\/div>\n\t\t\t\t\t\t\t\n\t\t\t\t\t\t\t\t\t<div class=\"swiper-pagination\"><\/div>\n\t\t\t\t\t\t\t\t\t<\/div>\n\t\t\t\t\t\t<\/div>\n\t\t\t\t<\/div>\n\t\t\t\t<\/div>\n\t\t\t\t\t<\/div>\n\t\t\t\t<\/div>\n\t\t<div data-dce-background-image-url=\"https:\/\/geartips.com\/greenhub\/wp-content\/uploads\/sites\/2\/2024\/03\/bg-montanhas-home11.webp\" class=\"elementor-element elementor-element-3ab200c e-flex e-con-boxed e-con e-parent\" data-id=\"3ab200c\" data-element_type=\"container\" data-e-type=\"container\" data-settings=\"{&quot;background_background&quot;:&quot;classic&quot;}\">\n\t\t\t\t\t<div class=\"e-con-inner\">\n\t\t<div class=\"elementor-element elementor-element-addefe9 e-flex e-con-boxed e-con e-child\" data-id=\"addefe9\" data-element_type=\"container\" data-e-type=\"container\">\n\t\t\t\t\t<div class=\"e-con-inner\">\n\t\t<div class=\"elementor-element elementor-element-eee55e3 e-con-full e-flex e-con e-child\" data-id=\"eee55e3\" data-element_type=\"container\" data-e-type=\"container\" data-settings=\"{&quot;background_background&quot;:&quot;classic&quot;}\">\n\t\t\t\t<div class=\"elementor-element elementor-element-bdb67ef elementor-widget elementor-widget-heading\" data-id=\"bdb67ef\" data-element_type=\"widget\" data-e-type=\"widget\" data-widget_type=\"heading.default\">\n\t\t\t\t<div class=\"elementor-widget-container\">\n\t\t\t\t\t<h2 class=\"elementor-heading-title elementor-size-default\">Est\u00e1 na nossa ess\u00eancia!<\/h2>\t\t\t\t<\/div>\n\t\t\t\t<\/div>\n\t\t\t\t<div class=\"elementor-element elementor-element-3041876 elementor-widget elementor-widget-text-editor\" data-id=\"3041876\" data-element_type=\"widget\" data-e-type=\"widget\" data-widget_type=\"text-editor.default\">\n\t\t\t\t<div class=\"elementor-widget-container\">\n\t\t\t\t\t\t\t\t\t<p>O Gear Tips tamb\u00e9m efetua a neutraliza\u00e7\u00e3o de todas as emiss\u00f5es de carbono da empresa. Em 2022 e 2023 foi realizado o plantio de vinte e quatro \u00e1rvores nativas da Mata Atl\u00e2ntica em projetos de restaura\u00e7\u00e3o ecol\u00f3gica nas bacias dos Rios do Peixe e Camanducaia, no sul de Minas Gerais e leste do estado de S\u00e3o Paulo e na \u00c1rea de Prote\u00e7\u00e3o Ambiental do Pratigi, no sul da Bahia. Os plantios foram realizados por organiza\u00e7\u00f5es ambientais especializadas em projetos de reflorestamento atuantes em defesa da Mata Atl\u00e2ntica.<\/p><p>Mapeamos o uso de energia el\u00e9trica de todos os membros da equipe em hor\u00e1rio de trabalho, os deslocamentos realizados em nossas atividades pontuais e a fabrica\u00e7\u00e3o de material de publicidade. Ao fim, aplicamos uma abrangente margem de erro e chegamos ao total de 3,52 tonelada de carbono equivalentes emitidos e neutralizados.<\/p><p>Nossa proposta \u00e9 fazer a neutraliza\u00e7\u00e3o durante todos os nossos anos de opera\u00e7\u00e3o, desde 2022. Nossas emiss\u00f5es de 2024, por exemplo, ser\u00e3o neutralizadas em 2025.<\/p>\t\t\t\t\t\t\t\t<\/div>\n\t\t\t\t<\/div>\n\t\t\t\t<\/div>\n\t\t<div data-dce-background-image-url=\"https:\/\/geartips.com\/greenhub\/wp-content\/uploads\/sites\/2\/2024\/03\/imagem-plantando.webp\" class=\"elementor-element elementor-element-ed0335f e-flex e-con-boxed e-con e-child\" data-id=\"ed0335f\" data-element_type=\"container\" data-e-type=\"container\" data-settings=\"{&quot;background_background&quot;:&quot;classic&quot;}\">\n\t\t\t\t\t<div class=\"e-con-inner\">\n\t\t\t\t\t<\/div>\n\t\t\t\t<\/div>\n\t\t\t\t\t<\/div>\n\t\t\t\t<\/div>\n\t\t\t\t\t<\/div>\n\t\t\t\t<\/div>\n\t\t<div class=\"elementor-element elementor-element-a9ed95a e-flex e-con-boxed e-con e-parent\" data-id=\"a9ed95a\" data-element_type=\"container\" data-e-type=\"container\">\n\t\t\t\t\t<div class=\"e-con-inner\">\n\t\t\t\t<div class=\"elementor-element elementor-element-9803bf4 elementor-widget elementor-widget-heading\" data-id=\"9803bf4\" data-element_type=\"widget\" data-e-type=\"widget\" data-widget_type=\"heading.default\">\n\t\t\t\t<div class=\"elementor-widget-container\">\n\t\t\t\t\t<h2 class=\"elementor-heading-title elementor-size-default\">Nossos Certificados<\/h2>\t\t\t\t<\/div>\n\t\t\t\t<\/div>\n\t\t<div class=\"elementor-element elementor-element-04456a4 e-flex e-con-boxed e-con e-child\" data-id=\"04456a4\" data-element_type=\"container\" data-e-type=\"container\">\n\t\t\t\t\t<div class=\"e-con-inner\">\n\t\t<div class=\"elementor-element elementor-element-0df9590 e-flex e-con-boxed e-con e-child\" data-id=\"0df9590\" data-element_type=\"container\" data-e-type=\"container\">\n\t\t\t\t\t<div class=\"e-con-inner\">\n\t\t\t\t<div class=\"elementor-element elementor-element-07422bd dce_masking-none elementor-widget elementor-widget-image\" data-id=\"07422bd\" data-element_type=\"widget\" data-e-type=\"widget\" data-widget_type=\"image.default\">\n\t\t\t\t<div class=\"elementor-widget-container\">\n\t\t\t\t\t\t\t\t\t\t\t\t\t\t\t\t<a href=\"https:\/\/geartips.com\/greenhub\/wp-content\/uploads\/sites\/2\/2024\/04\/certificado-2023-img.webp\" data-elementor-open-lightbox=\"yes\" data-elementor-lightbox-title=\"certificado-2023-img\" data-e-action-hash=\"#elementor-action%3Aaction%3Dlightbox%26settings%3DeyJpZCI6NDM3MCwidXJsIjoiaHR0cHM6XC9cL2dlYXJ0aXBzLmNvbVwvZ3JlZW5odWJcL3dwLWNvbnRlbnRcL3VwbG9hZHNcL3NpdGVzXC8yXC8yMDI0XC8wNFwvY2VydGlmaWNhZG8tMjAyMy1pbWcud2VicCJ9\">\n\t\t\t\t\t\t\t<img fetchpriority=\"high\" decoding=\"async\" width=\"800\" height=\"565\" src=\"https:\/\/geartips.com\/greenhub\/wp-content\/uploads\/sites\/2\/2024\/04\/certificado-2023-img.webp\" class=\"attachment-large size-large wp-image-4370\" alt=\"\" srcset=\"https:\/\/geartips.com\/greenhub\/wp-content\/uploads\/sites\/2\/2024\/04\/certificado-2023-img.webp 800w, https:\/\/geartips.com\/greenhub\/wp-content\/uploads\/sites\/2\/2024\/04\/certificado-2023-img-300x212.webp 300w, https:\/\/geartips.com\/greenhub\/wp-content\/uploads\/sites\/2\/2024\/04\/certificado-2023-img-768x542.webp 768w\" sizes=\"(max-width: 800px) 100vw, 800px\" \/>\t\t\t\t\t\t\t\t<\/a>\n\t\t\t\t\t\t\t\t\t\t\t\t\t\t\t<\/div>\n\t\t\t\t<\/div>\n\t\t\t\t\t<\/div>\n\t\t\t\t<\/div>\n\t\t<div class=\"elementor-element elementor-element-ab8b495 e-flex e-con-boxed e-con e-child\" data-id=\"ab8b495\" data-element_type=\"container\" data-e-type=\"container\">\n\t\t\t\t\t<div class=\"e-con-inner\">\n\t\t\t\t<div class=\"elementor-element elementor-element-7acbfeb dce_masking-none elementor-widget elementor-widget-image\" data-id=\"7acbfeb\" data-element_type=\"widget\" data-e-type=\"widget\" data-widget_type=\"image.default\">\n\t\t\t\t<div class=\"elementor-widget-container\">\n\t\t\t\t\t\t\t\t\t\t\t\t\t\t\t\t<a href=\"https:\/\/geartips.com\/greenhub\/wp-content\/uploads\/sites\/2\/2024\/04\/certificado-2022-img-1-1.webp\" data-elementor-open-lightbox=\"yes\" data-elementor-lightbox-title=\"certificado-2022-img-\" data-e-action-hash=\"#elementor-action%3Aaction%3Dlightbox%26settings%3DeyJpZCI6NDM5MSwidXJsIjoiaHR0cHM6XC9cL2dlYXJ0aXBzLmNvbVwvZ3JlZW5odWJcL3dwLWNvbnRlbnRcL3VwbG9hZHNcL3NpdGVzXC8yXC8yMDI0XC8wNFwvY2VydGlmaWNhZG8tMjAyMi1pbWctMS0xLndlYnAifQ%3D%3D\">\n\t\t\t\t\t\t\t<img decoding=\"async\" width=\"800\" height=\"565\" src=\"https:\/\/geartips.com\/greenhub\/wp-content\/uploads\/sites\/2\/2024\/04\/certificado-2022-img-1-1.webp\" class=\"attachment-large size-large wp-image-4391\" alt=\"\" srcset=\"https:\/\/geartips.com\/greenhub\/wp-content\/uploads\/sites\/2\/2024\/04\/certificado-2022-img-1-1.webp 800w, https:\/\/geartips.com\/greenhub\/wp-content\/uploads\/sites\/2\/2024\/04\/certificado-2022-img-1-1-300x212.webp 300w, https:\/\/geartips.com\/greenhub\/wp-content\/uploads\/sites\/2\/2024\/04\/certificado-2022-img-1-1-768x542.webp 768w\" sizes=\"(max-width: 800px) 100vw, 800px\" \/>\t\t\t\t\t\t\t\t<\/a>\n\t\t\t\t\t\t\t\t\t\t\t\t\t\t\t<\/div>\n\t\t\t\t<\/div>\n\t\t\t\t\t<\/div>\n\t\t\t\t<\/div>\n\t\t\t\t\t<\/div>\n\t\t\t\t<\/div>\n\t\t\t\t\t<\/div>\n\t\t\t\t<\/div>\n\t\t\t\t<\/div>\n\t\t","protected":false},"excerpt":{"rendered":"<p>Neutraliza\u00e7\u00e3o de Carbono Sustentabilidade \u00e9 um dos pilares do Gear Tips e a neutraliza\u00e7\u00e3o das emiss\u00f5es de carbono est\u00e1 dentro das nossas a\u00e7\u00f5es ambientais, tanto de nossos eventos quanto de nossas opera\u00e7\u00f5es como um todo. Essas a\u00e7\u00f5es refletem nosso compromisso em minimizar nosso impacto ambiental e contribuir para um futuro mais verde. Toneladas de CO\u2082 [&hellip;]<\/p>\n","protected":false},"author":3,"featured_media":0,"parent":0,"menu_order":0,"comment_status":"closed","ping_status":"closed","template":"","meta":{"_acf_changed":false,"footnotes":""},"class_list":["post-102","page","type-page","status-publish","hentry"],"blocksy_meta":[],"acf":[],"publishpress_future_workflow_manual_trigger":{"enabledWorkflows":[]},"_links":{"self":[{"href":"https:\/\/geartips.com\/greenhub\/wp-json\/wp\/v2\/pages\/102","targetHints":{"allow":["GET"]}}],"collection":[{"href":"https:\/\/geartips.com\/greenhub\/wp-json\/wp\/v2\/pages"}],"about":[{"href":"https:\/\/geartips.com\/greenhub\/wp-json\/wp\/v2\/types\/page"}],"author":[{"embeddable":true,"href":"https:\/\/geartips.com\/greenhub\/wp-json\/wp\/v2\/users\/3"}],"replies":[{"embeddable":true,"href":"https:\/\/geartips.com\/greenhub\/wp-json\/wp\/v2\/comments?post=102"}],"version-history":[{"count":5,"href":"https:\/\/geartips.com\/greenhub\/wp-json\/wp\/v2\/pages\/102\/revisions"}],"predecessor-version":[{"id":4396,"href":"https:\/\/geartips.com\/greenhub\/wp-json\/wp\/v2\/pages\/102\/revisions\/4396"}],"wp:attachment":[{"href":"https:\/\/geartips.com\/greenhub\/wp-json\/wp\/v2\/media?parent=102"}],"curies":[{"name":"wp","href":"https:\/\/api.w.org\/{rel}","templated":true}]}}