{"id":4502,"date":"2024-01-11T18:32:56","date_gmt":"2024-01-11T18:32:56","guid":{"rendered":"https:\/\/geartips.com\/greenhub\/neutralizacion-del-carbono\/"},"modified":"2024-05-13T14:20:38","modified_gmt":"2024-05-13T14:20:38","slug":"neutralizacion-del-carbono","status":"publish","type":"page","link":"https:\/\/geartips.com\/greenhub\/es\/neutralizacion-del-carbono\/","title":{"rendered":"Neutralizaci\u00f3n del carbono"},"content":{"rendered":"\t\t<div data-elementor-type=\"wp-page\" data-elementor-id=\"4502\" class=\"elementor elementor-4502 elementor-102\" data-elementor-post-type=\"page\">\n\t\t\t\t<div data-dce-background-color=\"#ECECEC\" data-dce-background-overlay-color=\"#00000000\" data-dce-background-image-url=\"https:\/\/geartips.com\/greenhub\/wp-content\/uploads\/sites\/2\/2024\/03\/gear-tips-bg-23.webp\" class=\"elementor-element elementor-element-1f2d3f49 e-flex e-con-boxed e-con e-parent\" data-id=\"1f2d3f49\" data-element_type=\"container\" data-e-type=\"container\" data-settings=\"{&quot;background_background&quot;:&quot;classic&quot;}\">\n\t\t\t\t\t<div class=\"e-con-inner\">\n\t\t<div class=\"elementor-element elementor-element-3d7c15ee e-con-full e-flex e-con e-child\" data-id=\"3d7c15ee\" data-element_type=\"container\" data-e-type=\"container\">\n\t\t<div class=\"elementor-element elementor-element-6df52f35 e-con-full e-flex e-con e-child\" data-id=\"6df52f35\" data-element_type=\"container\" data-e-type=\"container\">\n\t\t<div class=\"elementor-element elementor-element-365ae195 e-con-full e-flex e-con e-child\" data-id=\"365ae195\" data-element_type=\"container\" data-e-type=\"container\">\n\t\t\t\t<div data-dce-title-color=\"#FFFFFF\" class=\"elementor-element elementor-element-60a941c6 elementor-widget elementor-widget-heading\" data-id=\"60a941c6\" data-element_type=\"widget\" data-e-type=\"widget\" data-widget_type=\"heading.default\">\n\t\t\t\t<div class=\"elementor-widget-container\">\n\t\t\t\t\t<h1 class=\"elementor-heading-title elementor-size-default\">Neutralizaci\u00f3n del carbono<\/h1>\t\t\t\t<\/div>\n\t\t\t\t<\/div>\n\t\t\t\t<div data-dce-text-color=\"#FFFFFF\" class=\"elementor-element elementor-element-3ab55bc8 elementor-widget elementor-widget-text-editor\" data-id=\"3ab55bc8\" data-element_type=\"widget\" data-e-type=\"widget\" data-widget_type=\"text-editor.default\">\n\t\t\t\t<div class=\"elementor-widget-container\">\n\t\t\t\t\t\t\t\t\t<p>La sostenibilidad es uno de los pilares de Gear Tips y la neutralizaci\u00f3n de las emisiones de carbono forma parte de nuestras acciones medioambientales, tanto en nuestros eventos como en el conjunto de nuestras operaciones. Estas acciones reflejan nuestro compromiso de minimizar nuestro impacto medioambiental y contribuir a un futuro m\u00e1s verde.<\/p>\n\t\t\t\t\t\t\t\t<\/div>\n\t\t\t\t<\/div>\n\t\t\t\t<\/div>\n\t\t<div class=\"elementor-element elementor-element-4eb0b5ab e-con-full e-flex e-con e-child\" data-id=\"4eb0b5ab\" data-element_type=\"container\" data-e-type=\"container\">\n\t\t\t\t<div data-dce-title-color=\"#3d594b\" data-dce-advanced-background-color=\"#D4DBD8F2\" class=\"elementor-element elementor-element-91ec11e elementor-widget elementor-widget-counter\" data-id=\"91ec11e\" data-element_type=\"widget\" data-e-type=\"widget\" data-widget_type=\"counter.default\">\n\t\t\t\t<div class=\"elementor-widget-container\">\n\t\t\t\t\t\t\t<div class=\"elementor-counter\">\n\t\t\t<div class=\"elementor-counter-title\">Toneladas de  <br>  Desplazamiento de CO\u2082<\/div>\t\t\t<div class=\"elementor-counter-number-wrapper\">\n\t\t\t\t<span class=\"elementor-counter-number-prefix\">+<\/span>\n\t\t\t\t<span class=\"elementor-counter-number\" data-duration=\"6000\" data-to-value=\"40\" data-from-value=\"0\" data-delimiter=\" \">0<\/span>\n\t\t\t\t<span class=\"elementor-counter-number-suffix\"><\/span>\n\t\t\t<\/div>\n\t\t<\/div>\n\t\t\t\t\t\t<\/div>\n\t\t\t\t<\/div>\n\t\t\t\t<div data-dce-title-color=\"#3d594b\" data-dce-advanced-background-color=\"#D4DBD8F2\" class=\"elementor-element elementor-element-15bb617 elementor-widget elementor-widget-counter\" data-id=\"15bb617\" data-element_type=\"widget\" data-e-type=\"widget\" data-widget_type=\"counter.default\">\n\t\t\t\t<div class=\"elementor-widget-container\">\n\t\t\t\t\t\t\t<div class=\"elementor-counter\">\n\t\t\t<div class=\"elementor-counter-title\">\u00c1rboles<br>  Plantado<\/div>\t\t\t<div class=\"elementor-counter-number-wrapper\">\n\t\t\t\t<span class=\"elementor-counter-number-prefix\">+<\/span>\n\t\t\t\t<span class=\"elementor-counter-number\" data-duration=\"6900\" data-to-value=\"240\" data-from-value=\"0\" data-delimiter=\",\">0<\/span>\n\t\t\t\t<span class=\"elementor-counter-number-suffix\"><\/span>\n\t\t\t<\/div>\n\t\t<\/div>\n\t\t\t\t\t\t<\/div>\n\t\t\t\t<\/div>\n\t\t\t\t<\/div>\n\t\t\t\t<\/div>\n\t\t\t\t<\/div>\n\t\t\t\t\t<\/div>\n\t\t\t\t<\/div>\n\t\t<div data-dce-background-color=\"#FFFFFF\" class=\"elementor-element elementor-element-c2a4106 e-flex e-con-boxed e-con e-parent\" data-id=\"c2a4106\" data-element_type=\"container\" data-e-type=\"container\" data-settings=\"{&quot;background_background&quot;:&quot;classic&quot;}\">\n\t\t\t\t\t<div class=\"e-con-inner\">\n\t\t<div class=\"elementor-element elementor-element-03b2d7f e-con-full e-flex e-con e-child\" data-id=\"03b2d7f\" data-element_type=\"container\" data-e-type=\"container\">\n\t\t\t\t<div class=\"elementor-element elementor-element-df7b91d elementor-widget elementor-widget-heading\" data-id=\"df7b91d\" data-element_type=\"widget\" data-e-type=\"widget\" data-widget_type=\"heading.default\">\n\t\t\t\t<div class=\"elementor-widget-container\">\n\t\t\t\t\t<h2 class=\"elementor-heading-title elementor-size-default\">Tenemos que neutralizar<\/h2>\t\t\t\t<\/div>\n\t\t\t\t<\/div>\n\t\t\t\t<div class=\"elementor-element elementor-element-66c451d elementor-widget elementor-widget-text-editor\" data-id=\"66c451d\" data-element_type=\"widget\" data-e-type=\"widget\" data-widget_type=\"text-editor.default\">\n\t\t\t\t<div class=\"elementor-widget-container\">\n\t\t\t\t\t\t\t\t\t<p>Gear Tips fue la primera instituci\u00f3n del segmento de actividades al aire libre de Brasil en neutralizar las emisiones de carbono generadas por sus principales eventos en 2022 y 2023. En total, compensamos las emisiones de <strong>40,77 toneladas<\/strong> equivalentes de <strong>CO2<\/strong> plantando <strong>249 \u00e1rboles<\/strong> que, a medida que se establezcan y crezcan, compensar\u00e1n nuestras emisiones a lo largo de una vida \u00fatil aproximada de 30 a\u00f1os.<\/p>\n\t\t\t\t\t\t\t\t<\/div>\n\t\t\t\t<\/div>\n\t\t\t\t<\/div>\n\t\t\t\t\t<\/div>\n\t\t\t\t<\/div>\n\t\t<div data-dce-background-image-url=\"https:\/\/geartips.com\/greenhub\/wp-content\/uploads\/sites\/2\/2024\/03\/bg-montanhas-home11.webp\" class=\"elementor-element elementor-element-4749074 e-flex e-con-boxed e-con e-parent\" data-id=\"4749074\" data-element_type=\"container\" data-e-type=\"container\" data-settings=\"{&quot;background_background&quot;:&quot;classic&quot;}\">\n\t\t\t\t\t<div class=\"e-con-inner\">\n\t\t<div class=\"elementor-element elementor-element-9964a4b e-con-full e-flex e-con e-child\" data-id=\"9964a4b\" data-element_type=\"container\" data-e-type=\"container\">\n\t\t\t\t<div class=\"elementor-element elementor-element-cb32432 elementor-widget elementor-widget-heading\" data-id=\"cb32432\" data-element_type=\"widget\" data-e-type=\"widget\" data-widget_type=\"heading.default\">\n\t\t\t\t<div class=\"elementor-widget-container\">\n\t\t\t\t\t<h2 class=\"elementor-heading-title elementor-size-default\">Consejos sobre engranajes neutralizados Eventos<\/h2>\t\t\t\t<\/div>\n\t\t\t\t<\/div>\n\t\t\t\t<div class=\"elementor-element elementor-element-c3e5029 elementor-widget elementor-widget-text-editor\" data-id=\"c3e5029\" data-element_type=\"widget\" data-e-type=\"widget\" data-widget_type=\"text-editor.default\">\n\t\t\t\t<div class=\"elementor-widget-container\">\n\t\t\t\t\t\t\t\t\t<p>Desde que iniciamos nuestras acciones de neutralizaci\u00f3n, ya hemos neutralizado las emisiones de los siguientes sucesos:<\/p>\n<ul>\n<li>XVII Festival de Monta\u00f1a de R\u00edo<\/li>\n<li>III Conferencia Cultural y Cient\u00edfica de Monta\u00f1ismo<\/li>\n<li>XVIII Festival de Monta\u00f1a de R\u00edo<\/li>\n<li>Experiencia peregrina<\/li>\n<li>IV Conferencia Cultural y Cient\u00edfica de Monta\u00f1ismo<\/li>\n<\/ul>\n<p>En la \u00faltima Jornada, celebrada en 2023, adem\u00e1s de neutralizar las emisiones directas emitidas, tambi\u00e9n plantamos un \u00e1rbol por participante en el evento, aumentando as\u00ed nuestro alcance e impacto positivo.  <\/p>\n<p><span style=\"font-weight: 400;\">El trabajo se realiz\u00f3 junto con OCT &#8211; Organizaci\u00f3n para la Conservaci\u00f3n de la Tierra, instituci\u00f3n activa en proyectos de conservaci\u00f3n medioambiental, que llev\u00f3 a cabo la plantaci\u00f3n en el \u00c1rea de Protecci\u00f3n Medioambiental de Pratigi, parte del Mosaico de APAS en el bajo sur de Bah\u00eda.<\/span><\/p>\n\t\t\t\t\t\t\t\t<\/div>\n\t\t\t\t<\/div>\n\t\t\t\t<\/div>\n\t\t<div class=\"elementor-element elementor-element-dd10b9f e-con-full e-flex e-con e-child\" data-id=\"dd10b9f\" data-element_type=\"container\" data-e-type=\"container\">\n\t\t\t\t<div class=\"elementor-element elementor-element-4cfec02 elementor-pagination-position-outside elementor-widget elementor-widget-image-carousel\" data-id=\"4cfec02\" data-element_type=\"widget\" data-e-type=\"widget\" data-settings=\"{&quot;slides_to_show&quot;:&quot;1&quot;,&quot;navigation&quot;:&quot;dots&quot;,&quot;slides_to_show_tablet&quot;:&quot;3&quot;,&quot;image_spacing_custom_tablet&quot;:{&quot;unit&quot;:&quot;px&quot;,&quot;size&quot;:15,&quot;sizes&quot;:[]},&quot;autoplay&quot;:&quot;yes&quot;,&quot;pause_on_hover&quot;:&quot;yes&quot;,&quot;pause_on_interaction&quot;:&quot;yes&quot;,&quot;autoplay_speed&quot;:5000,&quot;infinite&quot;:&quot;yes&quot;,&quot;effect&quot;:&quot;slide&quot;,&quot;speed&quot;:500,&quot;image_spacing_custom_mobile&quot;:{&quot;unit&quot;:&quot;px&quot;,&quot;size&quot;:&quot;&quot;,&quot;sizes&quot;:[]}}\" data-widget_type=\"image-carousel.default\">\n\t\t\t\t<div class=\"elementor-widget-container\">\n\t\t\t\t\t\t\t<div class=\"elementor-image-carousel-wrapper swiper\" role=\"region\" aria-roledescription=\"carousel\" aria-label=\"Carrusel de im\u00e1genes\" dir=\"ltr\">\n\t\t\t<div class=\"elementor-image-carousel swiper-wrapper\" aria-live=\"off\">\n\t\t\t\t\t\t\t\t<div class=\"swiper-slide\" role=\"group\" aria-roledescription=\"slide\" aria-label=\"1 de 5\"><figure class=\"swiper-slide-inner\"><img decoding=\"async\" class=\"swiper-slide-image\" src=\"https:\/\/geartips.com\/greenhub\/wp-content\/uploads\/sites\/2\/2024\/03\/scn_rmf_2023.webp\" alt=\"Selo Carbono Neutro\" \/><\/figure><\/div><div class=\"swiper-slide\" role=\"group\" aria-roledescription=\"slide\" aria-label=\"2 de 5\"><figure class=\"swiper-slide-inner\"><img decoding=\"async\" class=\"swiper-slide-image\" src=\"https:\/\/geartips.com\/greenhub\/wp-content\/uploads\/sites\/2\/2024\/03\/scn_rmf_2022.webp\" alt=\"Selo Carbono Neutro\" \/><\/figure><\/div><div class=\"swiper-slide\" role=\"group\" aria-roledescription=\"slide\" aria-label=\"3 de 5\"><figure class=\"swiper-slide-inner\"><img decoding=\"async\" class=\"swiper-slide-image\" src=\"https:\/\/geartips.com\/greenhub\/wp-content\/uploads\/sites\/2\/2024\/03\/scn_pilgrim_2023.webp\" alt=\"Selo Carbono Neutro\" \/><\/figure><\/div><div class=\"swiper-slide\" role=\"group\" aria-roledescription=\"slide\" aria-label=\"4 de 5\"><figure class=\"swiper-slide-inner\"><img decoding=\"async\" class=\"swiper-slide-image\" src=\"https:\/\/geartips.com\/greenhub\/wp-content\/uploads\/sites\/2\/2024\/03\/scn_4jccm_2023.webp\" alt=\"Selo Carbono Neutro\" \/><\/figure><\/div><div class=\"swiper-slide\" role=\"group\" aria-roledescription=\"slide\" aria-label=\"5 de 5\"><figure class=\"swiper-slide-inner\"><img decoding=\"async\" class=\"swiper-slide-image\" src=\"https:\/\/geartips.com\/greenhub\/wp-content\/uploads\/sites\/2\/2024\/03\/scn_3jccm_2022.webp\" alt=\"Selo Carbono Neutro\" \/><\/figure><\/div>\t\t\t<\/div>\n\t\t\t\t\t\t\t\n\t\t\t\t\t\t\t\t\t<div class=\"swiper-pagination\"><\/div>\n\t\t\t\t\t\t\t\t\t<\/div>\n\t\t\t\t\t\t<\/div>\n\t\t\t\t<\/div>\n\t\t\t\t<\/div>\n\t\t\t\t\t<\/div>\n\t\t\t\t<\/div>\n\t\t<div data-dce-background-image-url=\"https:\/\/geartips.com\/greenhub\/wp-content\/uploads\/sites\/2\/2024\/03\/bg-montanhas-home11.webp\" class=\"elementor-element elementor-element-3ab200c e-flex e-con-boxed e-con e-parent\" data-id=\"3ab200c\" data-element_type=\"container\" data-e-type=\"container\" data-settings=\"{&quot;background_background&quot;:&quot;classic&quot;}\">\n\t\t\t\t\t<div class=\"e-con-inner\">\n\t\t<div class=\"elementor-element elementor-element-addefe9 e-flex e-con-boxed e-con e-child\" data-id=\"addefe9\" data-element_type=\"container\" data-e-type=\"container\">\n\t\t\t\t\t<div class=\"e-con-inner\">\n\t\t<div class=\"elementor-element elementor-element-eee55e3 e-con-full e-flex e-con e-child\" data-id=\"eee55e3\" data-element_type=\"container\" data-e-type=\"container\" data-settings=\"{&quot;background_background&quot;:&quot;classic&quot;}\">\n\t\t\t\t<div class=\"elementor-element elementor-element-bdb67ef elementor-widget elementor-widget-heading\" data-id=\"bdb67ef\" data-element_type=\"widget\" data-e-type=\"widget\" data-widget_type=\"heading.default\">\n\t\t\t\t<div class=\"elementor-widget-container\">\n\t\t\t\t\t<h2 class=\"elementor-heading-title elementor-size-default\">\u00a1Est\u00e1 en nuestra esencia!<\/h2>\t\t\t\t<\/div>\n\t\t\t\t<\/div>\n\t\t\t\t<div class=\"elementor-element elementor-element-3041876 elementor-widget elementor-widget-text-editor\" data-id=\"3041876\" data-element_type=\"widget\" data-e-type=\"widget\" data-widget_type=\"text-editor.default\">\n\t\t\t\t<div class=\"elementor-widget-container\">\n\t\t\t\t\t\t\t\t\t<p>Gear Tips tambi\u00e9n neutraliza todas las emisiones de carbono de la empresa. En 2022 y 2023, se plantaron veinticuatro \u00e1rboles aut\u00f3ctonos de la Mata Atl\u00e1ntica en proyectos de restauraci\u00f3n ecol\u00f3gica en las cuencas de los r\u00edos Peixe y Camanducaia, al sur de Minas Gerais y al este del estado de S\u00e3o Paulo, y en el \u00c1rea de Protecci\u00f3n Ambiental de Pratigi, al sur de Bah\u00eda. Las plantaciones fueron realizadas por organizaciones ecologistas especializadas en proyectos de reforestaci\u00f3n que trabajan para proteger el Bosque Atl\u00e1ntico.<\/p>\n<p>Mapeamos el uso de electricidad de todos los miembros del equipo durante las horas de trabajo, los desplazamientos realizados en nuestras actividades espec\u00edficas y la producci\u00f3n de material publicitario. Al final, aplicamos un amplio margen de error y llegamos a un total de 3,52 toneladas equivalentes de carbono emitidas y neutralizadas.<\/p>\n<p>Nuestra propuesta es llevar a cabo la neutralizaci\u00f3n durante todos nuestros a\u00f1os de funcionamiento, a partir de 2022. Nuestras emisiones de 2024, por ejemplo, se neutralizar\u00e1n en 2025.<\/p>\n\t\t\t\t\t\t\t\t<\/div>\n\t\t\t\t<\/div>\n\t\t\t\t<\/div>\n\t\t<div data-dce-background-image-url=\"https:\/\/geartips.com\/greenhub\/wp-content\/uploads\/sites\/2\/2024\/03\/imagem-plantando.webp\" class=\"elementor-element elementor-element-ed0335f e-flex e-con-boxed e-con e-child\" data-id=\"ed0335f\" data-element_type=\"container\" data-e-type=\"container\" data-settings=\"{&quot;background_background&quot;:&quot;classic&quot;}\">\n\t\t\t\t\t<div class=\"e-con-inner\">\n\t\t\t\t\t<\/div>\n\t\t\t\t<\/div>\n\t\t\t\t\t<\/div>\n\t\t\t\t<\/div>\n\t\t\t\t\t<\/div>\n\t\t\t\t<\/div>\n\t\t<div class=\"elementor-element elementor-element-a9ed95a e-flex e-con-boxed e-con e-parent\" data-id=\"a9ed95a\" data-element_type=\"container\" data-e-type=\"container\">\n\t\t\t\t\t<div class=\"e-con-inner\">\n\t\t\t\t<div class=\"elementor-element elementor-element-9803bf4 elementor-widget elementor-widget-heading\" data-id=\"9803bf4\" data-element_type=\"widget\" data-e-type=\"widget\" data-widget_type=\"heading.default\">\n\t\t\t\t<div class=\"elementor-widget-container\">\n\t\t\t\t\t<h2 class=\"elementor-heading-title elementor-size-default\">Nuestros certificados<\/h2>\t\t\t\t<\/div>\n\t\t\t\t<\/div>\n\t\t<div class=\"elementor-element elementor-element-04456a4 e-flex e-con-boxed e-con e-child\" data-id=\"04456a4\" data-element_type=\"container\" data-e-type=\"container\">\n\t\t\t\t\t<div class=\"e-con-inner\">\n\t\t<div class=\"elementor-element elementor-element-0df9590 e-flex e-con-boxed e-con e-child\" data-id=\"0df9590\" data-element_type=\"container\" data-e-type=\"container\">\n\t\t\t\t\t<div class=\"e-con-inner\">\n\t\t\t\t<div class=\"elementor-element elementor-element-07422bd dce_masking-none elementor-widget elementor-widget-image\" data-id=\"07422bd\" data-element_type=\"widget\" data-e-type=\"widget\" data-widget_type=\"image.default\">\n\t\t\t\t<div class=\"elementor-widget-container\">\n\t\t\t\t\t\t\t\t\t\t\t\t\t\t\t\t<a href=\"https:\/\/geartips.com\/greenhub\/wp-content\/uploads\/sites\/2\/2024\/04\/certificado-2023-img.webp\" data-elementor-open-lightbox=\"yes\" data-elementor-lightbox-title=\"certificado-2023-img\" data-e-action-hash=\"#elementor-action%3Aaction%3Dlightbox%26settings%3DeyJpZCI6NDM3MCwidXJsIjoiaHR0cHM6XC9cL2dlYXJ0aXBzLmNvbVwvZ3JlZW5odWJcL3dwLWNvbnRlbnRcL3VwbG9hZHNcL3NpdGVzXC8yXC8yMDI0XC8wNFwvY2VydGlmaWNhZG8tMjAyMy1pbWcud2VicCJ9\">\n\t\t\t\t\t\t\t<img fetchpriority=\"high\" decoding=\"async\" width=\"800\" height=\"565\" src=\"https:\/\/geartips.com\/greenhub\/wp-content\/uploads\/sites\/2\/2024\/04\/certificado-2023-img.webp\" class=\"attachment-large size-large wp-image-4370\" alt=\"\" srcset=\"https:\/\/geartips.com\/greenhub\/wp-content\/uploads\/sites\/2\/2024\/04\/certificado-2023-img.webp 800w, https:\/\/geartips.com\/greenhub\/wp-content\/uploads\/sites\/2\/2024\/04\/certificado-2023-img-300x212.webp 300w, https:\/\/geartips.com\/greenhub\/wp-content\/uploads\/sites\/2\/2024\/04\/certificado-2023-img-768x542.webp 768w\" sizes=\"(max-width: 800px) 100vw, 800px\" \/>\t\t\t\t\t\t\t\t<\/a>\n\t\t\t\t\t\t\t\t\t\t\t\t\t\t\t<\/div>\n\t\t\t\t<\/div>\n\t\t\t\t\t<\/div>\n\t\t\t\t<\/div>\n\t\t<div class=\"elementor-element elementor-element-ab8b495 e-flex e-con-boxed e-con e-child\" data-id=\"ab8b495\" data-element_type=\"container\" data-e-type=\"container\">\n\t\t\t\t\t<div class=\"e-con-inner\">\n\t\t\t\t<div class=\"elementor-element elementor-element-7acbfeb dce_masking-none elementor-widget elementor-widget-image\" data-id=\"7acbfeb\" data-element_type=\"widget\" data-e-type=\"widget\" data-widget_type=\"image.default\">\n\t\t\t\t<div class=\"elementor-widget-container\">\n\t\t\t\t\t\t\t\t\t\t\t\t\t\t\t\t<a href=\"https:\/\/geartips.com\/greenhub\/wp-content\/uploads\/sites\/2\/2024\/04\/certificado-2022-img-1-1.webp\" data-elementor-open-lightbox=\"yes\" data-elementor-lightbox-title=\"certificado-2022-img-\" data-e-action-hash=\"#elementor-action%3Aaction%3Dlightbox%26settings%3DeyJpZCI6NDM5MSwidXJsIjoiaHR0cHM6XC9cL2dlYXJ0aXBzLmNvbVwvZ3JlZW5odWJcL3dwLWNvbnRlbnRcL3VwbG9hZHNcL3NpdGVzXC8yXC8yMDI0XC8wNFwvY2VydGlmaWNhZG8tMjAyMi1pbWctMS0xLndlYnAifQ%3D%3D\">\n\t\t\t\t\t\t\t<img decoding=\"async\" width=\"800\" height=\"565\" src=\"https:\/\/geartips.com\/greenhub\/wp-content\/uploads\/sites\/2\/2024\/04\/certificado-2022-img-1-1.webp\" class=\"attachment-large size-large wp-image-4391\" alt=\"\" srcset=\"https:\/\/geartips.com\/greenhub\/wp-content\/uploads\/sites\/2\/2024\/04\/certificado-2022-img-1-1.webp 800w, https:\/\/geartips.com\/greenhub\/wp-content\/uploads\/sites\/2\/2024\/04\/certificado-2022-img-1-1-300x212.webp 300w, https:\/\/geartips.com\/greenhub\/wp-content\/uploads\/sites\/2\/2024\/04\/certificado-2022-img-1-1-768x542.webp 768w\" sizes=\"(max-width: 800px) 100vw, 800px\" \/>\t\t\t\t\t\t\t\t<\/a>\n\t\t\t\t\t\t\t\t\t\t\t\t\t\t\t<\/div>\n\t\t\t\t<\/div>\n\t\t\t\t\t<\/div>\n\t\t\t\t<\/div>\n\t\t\t\t\t<\/div>\n\t\t\t\t<\/div>\n\t\t\t\t\t<\/div>\n\t\t\t\t<\/div>\n\t\t\t\t<\/div>\n\t\t","protected":false},"excerpt":{"rendered":"<p>Neutralizaci\u00f3n del carbono La sostenibilidad es uno de los pilares de Gear Tips y la neutralizaci\u00f3n de las emisiones de carbono forma parte de nuestras acciones medioambientales, tanto en nuestros eventos como en el conjunto de nuestras operaciones. Estas acciones reflejan nuestro compromiso de minimizar nuestro impacto medioambiental y contribuir a un futuro m\u00e1s verde. [&hellip;]<\/p>\n","protected":false},"author":3,"featured_media":0,"parent":0,"menu_order":0,"comment_status":"closed","ping_status":"closed","template":"","meta":{"_acf_changed":false,"footnotes":""},"class_list":["post-4502","page","type-page","status-publish","hentry"],"blocksy_meta":[],"acf":[],"publishpress_future_workflow_manual_trigger":{"enabledWorkflows":[]},"_links":{"self":[{"href":"https:\/\/geartips.com\/greenhub\/es\/wp-json\/wp\/v2\/pages\/4502","targetHints":{"allow":["GET"]}}],"collection":[{"href":"https:\/\/geartips.com\/greenhub\/es\/wp-json\/wp\/v2\/pages"}],"about":[{"href":"https:\/\/geartips.com\/greenhub\/es\/wp-json\/wp\/v2\/types\/page"}],"author":[{"embeddable":true,"href":"https:\/\/geartips.com\/greenhub\/es\/wp-json\/wp\/v2\/users\/3"}],"replies":[{"embeddable":true,"href":"https:\/\/geartips.com\/greenhub\/es\/wp-json\/wp\/v2\/comments?post=4502"}],"version-history":[{"count":1,"href":"https:\/\/geartips.com\/greenhub\/es\/wp-json\/wp\/v2\/pages\/4502\/revisions"}],"predecessor-version":[{"id":4503,"href":"https:\/\/geartips.com\/greenhub\/es\/wp-json\/wp\/v2\/pages\/4502\/revisions\/4503"}],"wp:attachment":[{"href":"https:\/\/geartips.com\/greenhub\/es\/wp-json\/wp\/v2\/media?parent=4502"}],"curies":[{"name":"wp","href":"https:\/\/api.w.org\/{rel}","templated":true}]}}