{"id":4486,"date":"2024-03-25T21:17:07","date_gmt":"2024-03-25T21:17:07","guid":{"rendered":"https:\/\/geartips.com\/greenhub\/que-es-el-polo-verde\/"},"modified":"2024-05-13T14:33:46","modified_gmt":"2024-05-13T14:33:46","slug":"que-es-el-polo-verde","status":"publish","type":"page","link":"https:\/\/geartips.com\/greenhub\/es\/que-es-el-polo-verde\/","title":{"rendered":"Qu\u00e9 es el Polo Verde"},"content":{"rendered":"\t\t<div data-elementor-type=\"wp-page\" data-elementor-id=\"4486\" class=\"elementor elementor-4486 elementor-3173\" data-elementor-post-type=\"page\">\n\t\t\t\t<div data-dce-background-color=\"#ECECEC\" data-dce-background-overlay-color=\"#00000000\" data-dce-background-image-url=\"https:\/\/geartips.com\/greenhub\/wp-content\/uploads\/sites\/2\/2024\/03\/gear-tips-bg-31.webp\" class=\"elementor-element elementor-element-20e3387b e-flex e-con-boxed e-con e-parent\" data-id=\"20e3387b\" data-element_type=\"container\" data-e-type=\"container\" data-settings=\"{&quot;background_background&quot;:&quot;classic&quot;}\">\n\t\t\t\t\t<div class=\"e-con-inner\">\n\t\t<div class=\"elementor-element elementor-element-4b57c71c e-con-full e-flex e-con e-child\" data-id=\"4b57c71c\" data-element_type=\"container\" data-e-type=\"container\">\n\t\t<div class=\"elementor-element elementor-element-1a722c94 e-flex e-con-boxed e-con e-child\" data-id=\"1a722c94\" data-element_type=\"container\" data-e-type=\"container\">\n\t\t\t\t\t<div class=\"e-con-inner\">\n\t\t\t\t<div data-dce-title-color=\"#FFFFFF\" class=\"elementor-element elementor-element-7dd4bf41 elementor-widget elementor-widget-heading\" data-id=\"7dd4bf41\" data-element_type=\"widget\" data-e-type=\"widget\" data-widget_type=\"heading.default\">\n\t\t\t\t<div class=\"elementor-widget-container\">\n\t\t\t\t\t<h1 class=\"elementor-heading-title elementor-size-default\">Comprender el Green Hub<\/h1>\t\t\t\t<\/div>\n\t\t\t\t<\/div>\n\t\t\t\t\t<\/div>\n\t\t\t\t<\/div>\n\t\t<div class=\"elementor-element elementor-element-224dddb5 e-con-full e-flex e-con e-child\" data-id=\"224dddb5\" data-element_type=\"container\" data-e-type=\"container\">\n\t\t<div class=\"elementor-element elementor-element-3ebd0079 e-con-full e-flex e-con e-child\" data-id=\"3ebd0079\" data-element_type=\"container\" data-e-type=\"container\">\n\t\t\t\t<div data-dce-text-color=\"#FFFFFF\" class=\"elementor-element elementor-element-1e3d6f4d elementor-widget elementor-widget-text-editor\" data-id=\"1e3d6f4d\" data-element_type=\"widget\" data-e-type=\"widget\" data-widget_type=\"text-editor.default\">\n\t\t\t\t<div class=\"elementor-widget-container\">\n\t\t\t\t\t\t\t\t\t<p><span style=\"font-weight: 400;\">El Green Hub es el centro de las iniciativas sostenibles de Gear Tips, centradas en minimizar nuestro impacto medioambiental y promover pr\u00e1cticas ecoconscientes. Destacamos el Programa de Reciclaje de Cartuchos de Gas y la neutralizaci\u00f3n de las emisiones de carbono de nuestros eventos y operaciones. Nuestro compromiso con los Objetivos de Desarrollo Sostenible de la ONU gu\u00eda estas iniciativas, dirigidas a crear un futuro m\u00e1s ecol\u00f3gico y sostenible para los amantes de las actividades al aire libre.<\/span><\/p>\n\t\t\t\t\t\t\t\t<\/div>\n\t\t\t\t<\/div>\n\t\t\t\t<\/div>\n\t\t<div class=\"elementor-element elementor-element-32ae7320 e-con-full elementor-hidden-tablet elementor-hidden-mobile e-flex e-con e-child\" data-id=\"32ae7320\" data-element_type=\"container\" data-e-type=\"container\">\n\t\t\t\t<\/div>\n\t\t\t\t<\/div>\n\t\t\t\t<\/div>\n\t\t\t\t\t<\/div>\n\t\t\t\t<\/div>\n\t\t<div class=\"elementor-element elementor-element-77a06b0 e-flex e-con-boxed e-con e-parent\" data-id=\"77a06b0\" data-element_type=\"container\" data-e-type=\"container\">\n\t\t\t\t\t<div class=\"e-con-inner\">\n\t\t\t\t<div class=\"elementor-element elementor-element-b9b11b6 dce_masking-none elementor-vertical-align-top elementor-widget elementor-widget-image-box\" data-id=\"b9b11b6\" data-element_type=\"widget\" data-e-type=\"widget\" data-widget_type=\"image-box.default\">\n\t\t\t\t<div class=\"elementor-widget-container\">\n\t\t\t\t\t<div class=\"elementor-image-box-wrapper\"><div class=\"elementor-image-box-content\"><h3 class=\"elementor-image-box-title\">Promover la sostenibilidad y la conciencia medioambiental<\/h3><p class=\"elementor-image-box-description\">El Gear Tips Green Hub representa el coraz\u00f3n de nuestras iniciativas sostenibles, impulsando la concienciaci\u00f3n medioambiental y acciones concretas para minimizar nuestro impacto en el planeta.<\/p><\/div><\/div>\t\t\t\t<\/div>\n\t\t\t\t<\/div>\n\t\t\t\t\t<\/div>\n\t\t\t\t<\/div>\n\t\t<div class=\"elementor-element elementor-element-d2f3a20 e-flex e-con-boxed e-con e-parent\" data-id=\"d2f3a20\" data-element_type=\"container\" data-e-type=\"container\">\n\t\t\t\t\t<div class=\"e-con-inner\">\n\t\t<div data-dce-background-color=\"#FFFFFF\" class=\"elementor-element elementor-element-4e1a7ff e-flex e-con-boxed e-con e-child\" data-id=\"4e1a7ff\" data-element_type=\"container\" data-e-type=\"container\" data-settings=\"{&quot;background_background&quot;:&quot;classic&quot;}\">\n\t\t\t\t\t<div class=\"e-con-inner\">\n\t\t\t\t<div class=\"elementor-element elementor-element-60e5a5f elementor-position-left elementor-position-top dce_masking-none elementor-vertical-align-top elementor-widget elementor-widget-image-box\" data-id=\"60e5a5f\" data-element_type=\"widget\" data-e-type=\"widget\" data-widget_type=\"image-box.default\">\n\t\t\t\t<div class=\"elementor-widget-container\">\n\t\t\t\t\t<div class=\"elementor-image-box-wrapper\"><figure class=\"elementor-image-box-img\"><img decoding=\"async\" width=\"122\" height=\"86\" src=\"https:\/\/geartips.com\/greenhub\/wp-content\/uploads\/sites\/2\/2024\/03\/setas-verde.png\" class=\"attachment-full size-full wp-image-3248\" alt=\"\" \/><\/figure><div class=\"elementor-image-box-content\"><h3 class=\"elementor-image-box-title\">Programa de Reciclaje de Cartuchos de Gas: Fomento de la Sostenibilidad y la Concienciaci\u00f3n<\/h3><p class=\"elementor-image-box-description\">Ganador del prestigioso Premio a la Protecci\u00f3n de las Monta\u00f1as de la UIAA (Uni\u00f3n Internacional de Asociaciones de Alpinismo), nuestro Programa de Reciclaje de Cartuchos de Gas se ha consolidado como un modelo de excelencia en la conservaci\u00f3n del medio ambiente. Presente en parques nacionales y estatales de todo Brasil, as\u00ed como en clubes y tiendas de excursiones, el programa no s\u00f3lo promueve el reciclaje, sino que tambi\u00e9n educa y sensibiliza sobre la importancia de la gesti\u00f3n responsable de los residuos.<\/p><\/div><\/div>\t\t\t\t<\/div>\n\t\t\t\t<\/div>\n\t\t\t\t<div class=\"elementor-element elementor-element-958e677 elementor-widget elementor-widget-button\" data-id=\"958e677\" data-element_type=\"widget\" data-e-type=\"widget\" data-widget_type=\"button.default\">\n\t\t\t\t<div class=\"elementor-widget-container\">\n\t\t\t\t\t\t\t\t\t<div class=\"elementor-button-wrapper\">\n\t\t\t\t\t<a class=\"elementor-button elementor-button-link elementor-size-sm\" href=\"https:\/\/geartips.com\/greenhub\/programa-de-reciclagem\/\">\n\t\t\t\t\t\t<span class=\"elementor-button-content-wrapper\">\n\t\t\t\t\t\t\t\t\t<span class=\"elementor-button-text\">Seguir leyendo<\/span>\n\t\t\t\t\t<\/span>\n\t\t\t\t\t<\/a>\n\t\t\t\t<\/div>\n\t\t\t\t\t\t\t\t<\/div>\n\t\t\t\t<\/div>\n\t\t\t\t\t<\/div>\n\t\t\t\t<\/div>\n\t\t\t\t\t<\/div>\n\t\t\t\t<\/div>\n\t\t<div class=\"elementor-element elementor-element-f44e372 e-flex e-con-boxed e-con e-parent\" data-id=\"f44e372\" data-element_type=\"container\" data-e-type=\"container\">\n\t\t\t\t\t<div class=\"e-con-inner\">\n\t\t<div data-dce-background-color=\"#FFFFFF\" class=\"elementor-element elementor-element-9c1308e e-flex e-con-boxed e-con e-child\" data-id=\"9c1308e\" data-element_type=\"container\" data-e-type=\"container\" data-settings=\"{&quot;background_background&quot;:&quot;classic&quot;}\">\n\t\t\t\t\t<div class=\"e-con-inner\">\n\t\t\t\t<div class=\"elementor-element elementor-element-b4379bb elementor-position-left elementor-position-top dce_masking-none elementor-vertical-align-top elementor-widget elementor-widget-image-box\" data-id=\"b4379bb\" data-element_type=\"widget\" data-e-type=\"widget\" data-widget_type=\"image-box.default\">\n\t\t\t\t<div class=\"elementor-widget-container\">\n\t\t\t\t\t<div class=\"elementor-image-box-wrapper\"><figure class=\"elementor-image-box-img\"><img decoding=\"async\" width=\"122\" height=\"86\" src=\"https:\/\/geartips.com\/greenhub\/wp-content\/uploads\/sites\/2\/2024\/03\/setas-verde.png\" class=\"attachment-full size-full wp-image-3248\" alt=\"\" \/><\/figure><div class=\"elementor-image-box-content\"><h3 class=\"elementor-image-box-title\">Neutralizaci\u00f3n del carbono: compromiso con el medio ambiente<\/h3><p class=\"elementor-image-box-description\">Nuestro compromiso con la neutralidad de carbono es implacable. Tanto nuestros eventos como nuestras operaciones son neutros en carbono, gracias a la plantaci\u00f3n de \u00e1rboles en proyectos de reforestaci\u00f3n. Alineado con el ODS 13 (Acci\u00f3n por el Clima), este esfuerzo contribuye a mitigar los impactos del cambio clim\u00e1tico y a preservar el medio ambiente para las generaciones futuras.<\/p><\/div><\/div>\t\t\t\t<\/div>\n\t\t\t\t<\/div>\n\t\t\t\t<div class=\"elementor-element elementor-element-1f5bca6 elementor-widget elementor-widget-button\" data-id=\"1f5bca6\" data-element_type=\"widget\" data-e-type=\"widget\" data-widget_type=\"button.default\">\n\t\t\t\t<div class=\"elementor-widget-container\">\n\t\t\t\t\t\t\t\t\t<div class=\"elementor-button-wrapper\">\n\t\t\t\t\t<a class=\"elementor-button elementor-button-link elementor-size-sm\" href=\"https:\/\/geartips.com\/greenhub\/neutralizacao-de-carbono\/\">\n\t\t\t\t\t\t<span class=\"elementor-button-content-wrapper\">\n\t\t\t\t\t\t\t\t\t<span class=\"elementor-button-text\">Seguir leyendo<\/span>\n\t\t\t\t\t<\/span>\n\t\t\t\t\t<\/a>\n\t\t\t\t<\/div>\n\t\t\t\t\t\t\t\t<\/div>\n\t\t\t\t<\/div>\n\t\t\t\t\t<\/div>\n\t\t\t\t<\/div>\n\t\t\t\t\t<\/div>\n\t\t\t\t<\/div>\n\t\t<div class=\"elementor-element elementor-element-9a276ea e-flex e-con-boxed e-con e-parent\" data-id=\"9a276ea\" data-element_type=\"container\" data-e-type=\"container\">\n\t\t\t\t\t<div class=\"e-con-inner\">\n\t\t<div data-dce-background-color=\"#FFFFFF\" class=\"elementor-element elementor-element-6783216 e-flex e-con-boxed e-con e-child\" data-id=\"6783216\" data-element_type=\"container\" data-e-type=\"container\" data-settings=\"{&quot;background_background&quot;:&quot;classic&quot;}\">\n\t\t\t\t\t<div class=\"e-con-inner\">\n\t\t\t\t<div class=\"elementor-element elementor-element-cb45766 elementor-position-left elementor-position-top dce_masking-none elementor-vertical-align-top elementor-widget elementor-widget-image-box\" data-id=\"cb45766\" data-element_type=\"widget\" data-e-type=\"widget\" data-widget_type=\"image-box.default\">\n\t\t\t\t<div class=\"elementor-widget-container\">\n\t\t\t\t\t<div class=\"elementor-image-box-wrapper\"><figure class=\"elementor-image-box-img\"><img decoding=\"async\" width=\"122\" height=\"86\" src=\"https:\/\/geartips.com\/greenhub\/wp-content\/uploads\/sites\/2\/2024\/03\/setas-verde.png\" class=\"attachment-full size-full wp-image-3248\" alt=\"\" \/><\/figure><div class=\"elementor-image-box-content\"><h3 class=\"elementor-image-box-title\">Formaci\u00f3n y educaci\u00f3n: hacia un futuro sostenible<\/h3><p class=\"elementor-image-box-description\">Adem\u00e1s del Gear Tips Green Hub, invertimos en formaci\u00f3n y educaci\u00f3n, incorporando los Objetivos de Desarrollo Sostenible (ODS) a nuestras iniciativas. El ODS 4 (Educaci\u00f3n de calidad) gu\u00eda nuestro Programa CAPACITAR, que ofrece formaci\u00f3n t\u00e9cnica a los profesionales del mercado de actividades al aire libre. Adem\u00e1s, nuestros cursos No Dejes Huella promueven la protecci\u00f3n del medio terrestre, contribuyendo a la conservaci\u00f3n de ecosistemas fr\u00e1giles.<\/p><\/div><\/div>\t\t\t\t<\/div>\n\t\t\t\t<\/div>\n\t\t\t\t<div class=\"elementor-element elementor-element-891ed04 elementor-widget elementor-widget-button\" data-id=\"891ed04\" data-element_type=\"widget\" data-e-type=\"widget\" data-widget_type=\"button.default\">\n\t\t\t\t<div class=\"elementor-widget-container\">\n\t\t\t\t\t\t\t\t\t<div class=\"elementor-button-wrapper\">\n\t\t\t\t\t<a class=\"elementor-button elementor-button-link elementor-size-sm\" href=\"https:\/\/geartips.com\/programa-capacitar\/\">\n\t\t\t\t\t\t<span class=\"elementor-button-content-wrapper\">\n\t\t\t\t\t\t\t\t\t<span class=\"elementor-button-text\">Seguir leyendo<\/span>\n\t\t\t\t\t<\/span>\n\t\t\t\t\t<\/a>\n\t\t\t\t<\/div>\n\t\t\t\t\t\t\t\t<\/div>\n\t\t\t\t<\/div>\n\t\t\t\t\t<\/div>\n\t\t\t\t<\/div>\n\t\t\t\t\t<\/div>\n\t\t\t\t<\/div>\n\t\t<div class=\"elementor-element elementor-element-6d8e126 e-flex e-con-boxed e-con e-parent\" data-id=\"6d8e126\" data-element_type=\"container\" data-e-type=\"container\">\n\t\t\t\t\t<div class=\"e-con-inner\">\n\t\t<div data-dce-background-color=\"#FFFFFF\" class=\"elementor-element elementor-element-5daf57c e-flex e-con-boxed e-con e-child\" data-id=\"5daf57c\" data-element_type=\"container\" data-e-type=\"container\" data-settings=\"{&quot;background_background&quot;:&quot;classic&quot;}\">\n\t\t\t\t\t<div class=\"e-con-inner\">\n\t\t\t\t<div class=\"elementor-element elementor-element-bd61e91 elementor-position-left elementor-position-top dce_masking-none elementor-vertical-align-top elementor-widget elementor-widget-image-box\" data-id=\"bd61e91\" data-element_type=\"widget\" data-e-type=\"widget\" data-widget_type=\"image-box.default\">\n\t\t\t\t<div class=\"elementor-widget-container\">\n\t\t\t\t\t<div class=\"elementor-image-box-wrapper\"><figure class=\"elementor-image-box-img\"><img decoding=\"async\" width=\"122\" height=\"86\" src=\"https:\/\/geartips.com\/greenhub\/wp-content\/uploads\/sites\/2\/2024\/03\/setas-verde.png\" class=\"attachment-full size-full wp-image-3248\" alt=\"\" \/><\/figure><div class=\"elementor-image-box-content\"><h3 class=\"elementor-image-box-title\">Asociaciones y compromiso global<\/h3><p class=\"elementor-image-box-description\">Como orgullosos miembros de EOCA (Asociaci\u00f3n Europea de Conservaci\u00f3n al Aire Libre), participamos en campa\u00f1as globales para apoyar proyectos de conservaci\u00f3n en todo el mundo. Tambi\u00e9n colaboramos con Leave No Trace, una organizaci\u00f3n dedicada a difundir t\u00e9cnicas de impacto m\u00ednimo en entornos naturales, reforzando nuestro compromiso con la sostenibilidad.<\/p><\/div><\/div>\t\t\t\t<\/div>\n\t\t\t\t<\/div>\n\t\t\t\t<div class=\"elementor-element elementor-element-154eb9e elementor-widget elementor-widget-button\" data-id=\"154eb9e\" data-element_type=\"widget\" data-e-type=\"widget\" data-widget_type=\"button.default\">\n\t\t\t\t<div class=\"elementor-widget-container\">\n\t\t\t\t\t\t\t\t\t<div class=\"elementor-button-wrapper\">\n\t\t\t\t\t<a class=\"elementor-button elementor-button-link elementor-size-sm\" href=\"#\">\n\t\t\t\t\t\t<span class=\"elementor-button-content-wrapper\">\n\t\t\t\t\t\t\t\t\t<span class=\"elementor-button-text\">Seguir leyendo<\/span>\n\t\t\t\t\t<\/span>\n\t\t\t\t\t<\/a>\n\t\t\t\t<\/div>\n\t\t\t\t\t\t\t\t<\/div>\n\t\t\t\t<\/div>\n\t\t\t\t\t<\/div>\n\t\t\t\t<\/div>\n\t\t\t\t\t<\/div>\n\t\t\t\t<\/div>\n\t\t<div class=\"elementor-element elementor-element-2b1ec9e e-flex e-con-boxed e-con e-parent\" data-id=\"2b1ec9e\" data-element_type=\"container\" data-e-type=\"container\">\n\t\t\t\t\t<div class=\"e-con-inner\">\n\t\t<div data-dce-background-color=\"#FFFFFF\" class=\"elementor-element elementor-element-cbaa965 e-flex e-con-boxed e-con e-child\" data-id=\"cbaa965\" data-element_type=\"container\" data-e-type=\"container\" data-settings=\"{&quot;background_background&quot;:&quot;classic&quot;}\">\n\t\t\t\t\t<div class=\"e-con-inner\">\n\t\t\t\t<div class=\"elementor-element elementor-element-9baef8f elementor-position-left elementor-position-top dce_masking-none elementor-vertical-align-top elementor-widget elementor-widget-image-box\" data-id=\"9baef8f\" data-element_type=\"widget\" data-e-type=\"widget\" data-widget_type=\"image-box.default\">\n\t\t\t\t<div class=\"elementor-widget-container\">\n\t\t\t\t\t<div class=\"elementor-image-box-wrapper\"><figure class=\"elementor-image-box-img\"><img decoding=\"async\" width=\"122\" height=\"86\" src=\"https:\/\/geartips.com\/greenhub\/wp-content\/uploads\/sites\/2\/2024\/03\/setas-verde.png\" class=\"attachment-full size-full wp-image-3248\" alt=\"\" \/><\/figure><div class=\"elementor-image-box-content\"><h3 class=\"elementor-image-box-title\">Contribuir a un futuro sostenible<\/h3><p class=\"elementor-image-box-description\">Donamos parte de los beneficios del Club Gear Tips a acciones de conservaci\u00f3n del medio ambiente. En acciones concretas, el 20% del valor de las suscripciones se destina a proyectos de conservaci\u00f3n, mientras que el 10% se destina al Programa de Reciclaje y otro 10% alimenta el Fondo de Becas del Programa CAPACITAR. De este modo, cada suscriptor contribuye directamente a la conservaci\u00f3n del medio ambiente y al desarrollo sostenible.<\/p><\/div><\/div>\t\t\t\t<\/div>\n\t\t\t\t<\/div>\n\t\t\t\t<div class=\"elementor-element elementor-element-018a68a elementor-widget elementor-widget-button\" data-id=\"018a68a\" data-element_type=\"widget\" data-e-type=\"widget\" data-widget_type=\"button.default\">\n\t\t\t\t<div class=\"elementor-widget-container\">\n\t\t\t\t\t\t\t\t\t<div class=\"elementor-button-wrapper\">\n\t\t\t\t\t<a class=\"elementor-button elementor-button-link elementor-size-sm\" href=\"#\">\n\t\t\t\t\t\t<span class=\"elementor-button-content-wrapper\">\n\t\t\t\t\t\t\t\t\t<span class=\"elementor-button-text\">Seguir leyendo<\/span>\n\t\t\t\t\t<\/span>\n\t\t\t\t\t<\/a>\n\t\t\t\t<\/div>\n\t\t\t\t\t\t\t\t<\/div>\n\t\t\t\t<\/div>\n\t\t\t\t\t<\/div>\n\t\t\t\t<\/div>\n\t\t\t\t\t<\/div>\n\t\t\t\t<\/div>\n\t\t<div class=\"elementor-element elementor-element-3afebb3 e-flex e-con-boxed e-con e-parent\" data-id=\"3afebb3\" data-element_type=\"container\" data-e-type=\"container\">\n\t\t\t\t\t<div class=\"e-con-inner\">\n\t\t<div data-dce-background-color=\"#FFFFFF\" class=\"elementor-element elementor-element-21dcf27 e-flex e-con-boxed e-con e-child\" data-id=\"21dcf27\" data-element_type=\"container\" data-e-type=\"container\" data-settings=\"{&quot;background_background&quot;:&quot;classic&quot;}\">\n\t\t\t\t\t<div class=\"e-con-inner\">\n\t\t\t\t<div class=\"elementor-element elementor-element-d49b6d9 elementor-position-left elementor-position-top dce_masking-none elementor-vertical-align-top elementor-widget elementor-widget-image-box\" data-id=\"d49b6d9\" data-element_type=\"widget\" data-e-type=\"widget\" data-widget_type=\"image-box.default\">\n\t\t\t\t<div class=\"elementor-widget-container\">\n\t\t\t\t\t<div class=\"elementor-image-box-wrapper\"><figure class=\"elementor-image-box-img\"><img decoding=\"async\" width=\"122\" height=\"86\" src=\"https:\/\/geartips.com\/greenhub\/wp-content\/uploads\/sites\/2\/2024\/03\/setas-verde.png\" class=\"attachment-full size-full wp-image-3248\" alt=\"\" \/><\/figure><div class=\"elementor-image-box-content\"><h3 class=\"elementor-image-box-title\">Promover marcas y productos sostenibles<\/h3><p class=\"elementor-image-box-description\">Nuestro compromiso con la sostenibilidad se extiende a la promoci\u00f3n de marcas y productos que adoptan pr\u00e1cticas responsables. Mediante contenidos educativos, destacamos las empresas que utilizan materias primas sostenibles, eliminan productos nocivos como los PFC y se adhieren a certificaciones de calidad medioambiental como BlueSign y RDS (Responsible Down Standard). Al compartir estas historias, inspiramos a los consumidores para que tomen decisiones conscientes y apoyen a las empresas comprometidas con el medio ambiente.<\/p><\/div><\/div>\t\t\t\t<\/div>\n\t\t\t\t<\/div>\n\t\t\t\t<div class=\"elementor-element elementor-element-b83b9a9 elementor-widget elementor-widget-button\" data-id=\"b83b9a9\" data-element_type=\"widget\" data-e-type=\"widget\" data-widget_type=\"button.default\">\n\t\t\t\t<div class=\"elementor-widget-container\">\n\t\t\t\t\t\t\t\t\t<div class=\"elementor-button-wrapper\">\n\t\t\t\t\t<a class=\"elementor-button elementor-button-link elementor-size-sm\" href=\"#\">\n\t\t\t\t\t\t<span class=\"elementor-button-content-wrapper\">\n\t\t\t\t\t\t\t\t\t<span class=\"elementor-button-text\">Seguir leyendo<\/span>\n\t\t\t\t\t<\/span>\n\t\t\t\t\t<\/a>\n\t\t\t\t<\/div>\n\t\t\t\t\t\t\t\t<\/div>\n\t\t\t\t<\/div>\n\t\t\t\t\t<\/div>\n\t\t\t\t<\/div>\n\t\t\t\t\t<\/div>\n\t\t\t\t<\/div>\n\t\t<div class=\"elementor-element elementor-element-5364374 e-flex e-con-boxed e-con e-parent\" data-id=\"5364374\" data-element_type=\"container\" data-e-type=\"container\">\n\t\t\t\t\t<div class=\"e-con-inner\">\n\t\t\t\t<div class=\"elementor-element elementor-element-9056442 elementor-widget elementor-widget-text-editor\" data-id=\"9056442\" data-element_type=\"widget\" data-e-type=\"widget\" data-widget_type=\"text-editor.default\">\n\t\t\t\t<div class=\"elementor-widget-container\">\n\t\t\t\t\t\t\t\t\t<p>El Gear Tips Green Hub es m\u00e1s que una iniciativa: es un compromiso con un futuro m\u00e1s sostenible y consciente, en el que se valore, proteja y respete la naturaleza. \u00danete a nosotros en este viaje hacia un mundo mejor.<\/p>\n\t\t\t\t\t\t\t\t<\/div>\n\t\t\t\t<\/div>\n\t\t\t\t\t<\/div>\n\t\t\t\t<\/div>\n\t\t\t\t<\/div>\n\t\t","protected":false},"excerpt":{"rendered":"<p>Comprender el Green Hub El Green Hub es el centro de las iniciativas sostenibles de Gear Tips, centradas en minimizar nuestro impacto medioambiental y promover pr\u00e1cticas ecoconscientes. Destacamos el Programa de Reciclaje de Cartuchos de Gas y la neutralizaci\u00f3n de las emisiones de carbono de nuestros eventos y operaciones. Nuestro compromiso con los Objetivos de [&hellip;]<\/p>\n","protected":false},"author":3,"featured_media":0,"parent":0,"menu_order":0,"comment_status":"closed","ping_status":"closed","template":"","meta":{"_acf_changed":false,"footnotes":""},"class_list":["post-4486","page","type-page","status-publish","hentry"],"blocksy_meta":[],"acf":[],"publishpress_future_workflow_manual_trigger":{"enabledWorkflows":[]},"_links":{"self":[{"href":"https:\/\/geartips.com\/greenhub\/es\/wp-json\/wp\/v2\/pages\/4486","targetHints":{"allow":["GET"]}}],"collection":[{"href":"https:\/\/geartips.com\/greenhub\/es\/wp-json\/wp\/v2\/pages"}],"about":[{"href":"https:\/\/geartips.com\/greenhub\/es\/wp-json\/wp\/v2\/types\/page"}],"author":[{"embeddable":true,"href":"https:\/\/geartips.com\/greenhub\/es\/wp-json\/wp\/v2\/users\/3"}],"replies":[{"embeddable":true,"href":"https:\/\/geartips.com\/greenhub\/es\/wp-json\/wp\/v2\/comments?post=4486"}],"version-history":[{"count":2,"href":"https:\/\/geartips.com\/greenhub\/es\/wp-json\/wp\/v2\/pages\/4486\/revisions"}],"predecessor-version":[{"id":4580,"href":"https:\/\/geartips.com\/greenhub\/es\/wp-json\/wp\/v2\/pages\/4486\/revisions\/4580"}],"wp:attachment":[{"href":"https:\/\/geartips.com\/greenhub\/es\/wp-json\/wp\/v2\/media?parent=4486"}],"curies":[{"name":"wp","href":"https:\/\/api.w.org\/{rel}","templated":true}]}}