{"id":4463,"date":"2024-02-29T12:29:58","date_gmt":"2024-02-29T12:29:58","guid":{"rendered":"https:\/\/geartips.com\/greenhub\/hazte-socio\/"},"modified":"2024-05-13T15:07:22","modified_gmt":"2024-05-13T15:07:22","slug":"hazte-socio","status":"publish","type":"page","link":"https:\/\/geartips.com\/greenhub\/es\/hazte-socio\/","title":{"rendered":"Hazte socio"},"content":{"rendered":"\t\t<div data-elementor-type=\"wp-page\" data-elementor-id=\"4463\" class=\"elementor elementor-4463 elementor-1330\" data-elementor-post-type=\"page\">\n\t\t\t\t<div data-dce-background-color=\"#ECECEC\" data-dce-background-overlay-color=\"#00000000\" data-dce-background-image-url=\"https:\/\/geartips.com\/greenhub\/wp-content\/uploads\/sites\/2\/2024\/02\/gear-tips-bg-ps-1.webp\" class=\"elementor-element elementor-element-5eb0e7b6 e-flex e-con-boxed e-con e-parent\" data-id=\"5eb0e7b6\" data-element_type=\"container\" data-e-type=\"container\" data-settings=\"{&quot;background_background&quot;:&quot;classic&quot;}\">\n\t\t\t\t\t<div class=\"e-con-inner\">\n\t\t<div class=\"elementor-element elementor-element-7ec588fa e-con-full e-flex e-con e-child\" data-id=\"7ec588fa\" data-element_type=\"container\" data-e-type=\"container\">\n\t\t<div class=\"elementor-element elementor-element-628d2333 e-flex e-con-boxed e-con e-child\" data-id=\"628d2333\" data-element_type=\"container\" data-e-type=\"container\">\n\t\t\t\t\t<div class=\"e-con-inner\">\n\t\t\t\t<div data-dce-title-color=\"#FFFFFF\" class=\"elementor-element elementor-element-66110b5d elementor-widget elementor-widget-heading\" data-id=\"66110b5d\" data-element_type=\"widget\" data-e-type=\"widget\" data-widget_type=\"heading.default\">\n\t\t\t\t<div class=\"elementor-widget-container\">\n\t\t\t\t\t<h1 class=\"elementor-heading-title elementor-size-default\">Seja um Parceiro<\/h1>\t\t\t\t<\/div>\n\t\t\t\t<\/div>\n\t\t\t\t<div data-dce-title-color=\"#FFFFFF\" class=\"elementor-element elementor-element-6fa24513 elementor-widget elementor-widget-heading\" data-id=\"6fa24513\" data-element_type=\"widget\" data-e-type=\"widget\" data-widget_type=\"heading.default\">\n\t\t\t\t<div class=\"elementor-widget-container\">\n\t\t\t\t\t<h2 class=\"elementor-heading-title elementor-size-default\">Programa de reciclaje<\/h2>\t\t\t\t<\/div>\n\t\t\t\t<\/div>\n\t\t\t\t\t<\/div>\n\t\t\t\t<\/div>\n\t\t<div class=\"elementor-element elementor-element-1a14c17f e-con-full e-flex e-con e-child\" data-id=\"1a14c17f\" data-element_type=\"container\" data-e-type=\"container\">\n\t\t<div class=\"elementor-element elementor-element-3d837ec5 e-con-full e-flex e-con e-child\" data-id=\"3d837ec5\" data-element_type=\"container\" data-e-type=\"container\">\n\t\t\t\t<div data-dce-text-color=\"#FFFFFF\" class=\"elementor-element elementor-element-5d3f2f99 elementor-widget elementor-widget-text-editor\" data-id=\"5d3f2f99\" data-element_type=\"widget\" data-e-type=\"widget\" data-widget_type=\"text-editor.default\">\n\t\t\t\t<div class=\"elementor-widget-container\">\n\t\t\t\t\t\t\t\t\t<p>Se sua empresa se identifca com o prop\u00f3sito do Programa de Reciclagem do Gear Tips, voc\u00ea pode fazer a solicita\u00e7\u00e3o para ser um Parceiro do Programa e se tornar um Ponto de Coleta de cartuchos de g\u00e1s.<\/p>\n\t\t\t\t\t\t\t\t<\/div>\n\t\t\t\t<\/div>\n\t\t\t\t<div class=\"elementor-element elementor-element-29495cb0 elementor-align-left elementor-mobile-align-center elementor-tablet-align-left elementor-widget elementor-widget-button\" data-id=\"29495cb0\" data-element_type=\"widget\" data-e-type=\"widget\" data-widget_type=\"button.default\">\n\t\t\t\t<div class=\"elementor-widget-container\">\n\t\t\t\t\t\t\t\t\t<div class=\"elementor-button-wrapper\">\n\t\t\t\t\t<a class=\"elementor-button elementor-button-link elementor-size-md\" href=\"#entenda\">\n\t\t\t\t\t\t<span class=\"elementor-button-content-wrapper\">\n\t\t\t\t\t\t<span class=\"elementor-button-icon\">\n\t\t\t\t\t\t\t<\/span>\n\t\t\t\t\t\t\t\t\t<span class=\"elementor-button-text\">ENTENDA COMO FUNCIONA<\/span>\n\t\t\t\t\t<\/span>\n\t\t\t\t\t<\/a>\n\t\t\t\t<\/div>\n\t\t\t\t\t\t\t\t<\/div>\n\t\t\t\t<\/div>\n\t\t\t\t<\/div>\n\t\t<div class=\"elementor-element elementor-element-5f750802 e-con-full elementor-hidden-tablet elementor-hidden-mobile e-flex e-con e-child\" data-id=\"5f750802\" data-element_type=\"container\" data-e-type=\"container\">\n\t\t\t\t<\/div>\n\t\t\t\t<\/div>\n\t\t\t\t<\/div>\n\t\t\t\t\t<\/div>\n\t\t\t\t<\/div>\n\t\t<div data-dce-background-color=\"#FFFFFF\" class=\"elementor-element elementor-element-f91da62 e-flex e-con-boxed e-con e-parent\" data-id=\"f91da62\" data-element_type=\"container\" data-e-type=\"container\" id=\"entenda\" data-settings=\"{&quot;background_background&quot;:&quot;classic&quot;}\">\n\t\t\t\t\t<div class=\"e-con-inner\">\n\t\t\t\t<div class=\"elementor-element elementor-element-345b40e9 elementor-widget elementor-widget-heading\" data-id=\"345b40e9\" data-element_type=\"widget\" data-e-type=\"widget\" id=\"entenda\" data-widget_type=\"heading.default\">\n\t\t\t\t<div class=\"elementor-widget-container\">\n\t\t\t\t\t<h2 class=\"elementor-heading-title elementor-size-default\">Como funciona<\/h2>\t\t\t\t<\/div>\n\t\t\t\t<\/div>\n\t\t\t\t\t<\/div>\n\t\t\t\t<\/div>\n\t\t<div data-dce-background-color=\"#FFFFFF\" class=\"elementor-element elementor-element-21104426 e-flex e-con-boxed e-con e-parent\" data-id=\"21104426\" data-element_type=\"container\" data-e-type=\"container\" data-settings=\"{&quot;background_background&quot;:&quot;classic&quot;}\">\n\t\t\t\t\t<div class=\"e-con-inner\">\n\t\t<div class=\"elementor-element elementor-element-3ebd7643 e-con-full e-flex e-con e-child\" data-id=\"3ebd7643\" data-element_type=\"container\" data-e-type=\"container\">\n\t\t\t\t<div class=\"elementor-element elementor-element-4036537b elementor-widget elementor-widget-text-editor\" data-id=\"4036537b\" data-element_type=\"widget\" data-e-type=\"widget\" data-widget_type=\"text-editor.default\">\n\t\t\t\t<div class=\"elementor-widget-container\">\n\t\t\t\t\t\t\t\t\t<p>Para se tornar um parceiro do <strong><a href=\"https:\/\/geartips.com\/greenhub\/programa-de-reciclagem\/\">Programa de Reciclagem<\/a><\/strong> voc\u00ea dever\u00e1 fazer um cadastro preenchendo o formul\u00e1rio com os dados da sua empresa. Ao fazer isso, nossa equipe entrar\u00e1 em contato e voc\u00ea ser\u00e1 adicionado \u00e0 lista dos futuros pontos de coleta (de acordo com a fila de fabrica\u00e7\u00e3o). Assim que seu coletor estiver pronto, entraremos em contato para assinatura do contrato e envio do coletor.<\/p>\n<p>N\u00e3o h\u00e1 qualquer custo para receber o coletor e se tornar um Ponto de Coleta, mas \u00e9 importante estar atento \u00e0s responsabilidades (que estar\u00e3o acordadas no contrato).<\/p>\n\t\t\t\t\t\t\t\t<\/div>\n\t\t\t\t<\/div>\n\t\t\t\t<\/div>\n\t\t<div class=\"elementor-element elementor-element-46f66a72 e-con-full e-flex e-con e-child\" data-id=\"46f66a72\" data-element_type=\"container\" data-e-type=\"container\">\n\t\t\t\t<div class=\"elementor-element elementor-element-65630901 animated-fast dce_masking-none elementor-widget elementor-widget-image\" data-id=\"65630901\" data-element_type=\"widget\" data-e-type=\"widget\" data-settings=\"{&quot;_animation&quot;:&quot;none&quot;}\" data-widget_type=\"image.default\">\n\t\t\t\t<div class=\"elementor-widget-container\">\n\t\t\t\t\t\t\t\t\t\t\t\t\t\t\t<img fetchpriority=\"high\" decoding=\"async\" width=\"950\" height=\"948\" src=\"https:\/\/geartips.com\/greenhub\/wp-content\/uploads\/sites\/2\/2024\/01\/infografico-cartucho-reciclagem-gear-tips.png\" class=\"attachment-full size-full wp-image-53\" alt=\"\" srcset=\"https:\/\/geartips.com\/greenhub\/wp-content\/uploads\/sites\/2\/2024\/01\/infografico-cartucho-reciclagem-gear-tips.png 950w, https:\/\/geartips.com\/greenhub\/wp-content\/uploads\/sites\/2\/2024\/01\/infografico-cartucho-reciclagem-gear-tips-300x300.png 300w, https:\/\/geartips.com\/greenhub\/wp-content\/uploads\/sites\/2\/2024\/01\/infografico-cartucho-reciclagem-gear-tips-150x150.png 150w, https:\/\/geartips.com\/greenhub\/wp-content\/uploads\/sites\/2\/2024\/01\/infografico-cartucho-reciclagem-gear-tips-768x766.png 768w\" sizes=\"(max-width: 950px) 100vw, 950px\" \/>\t\t\t\t\t\t\t\t\t\t\t\t\t\t\t<\/div>\n\t\t\t\t<\/div>\n\t\t\t\t<\/div>\n\t\t\t\t\t<\/div>\n\t\t\t\t<\/div>\n\t\t<div data-dce-background-color=\"#F4F4F4\" data-dce-background-overlay-color=\"#F4F4F4\" data-dce-background-overlay-image-url=\"https:\/\/geartips.com\/greenhub\/wp-content\/uploads\/sites\/2\/2024\/02\/bg-reciclagem4.png\" class=\"elementor-element elementor-element-1488f95b e-flex e-con-boxed e-con e-parent\" data-id=\"1488f95b\" data-element_type=\"container\" data-e-type=\"container\" data-settings=\"{&quot;background_background&quot;:&quot;classic&quot;}\">\n\t\t\t\t\t<div class=\"e-con-inner\">\n\t\t<div class=\"elementor-element elementor-element-143a5365 e-con-full e-flex e-con e-child\" data-id=\"143a5365\" data-element_type=\"container\" data-e-type=\"container\">\n\t\t\t\t<div class=\"elementor-element elementor-element-359a62da elementor-widget elementor-widget-heading\" data-id=\"359a62da\" data-element_type=\"widget\" data-e-type=\"widget\" data-widget_type=\"heading.default\">\n\t\t\t\t<div class=\"elementor-widget-container\">\n\t\t\t\t\t<h2 class=\"elementor-heading-title elementor-size-default\">Responsabilidades do Ponto de Coleta<\/h2>\t\t\t\t<\/div>\n\t\t\t\t<\/div>\n\t\t\t\t<div class=\"elementor-element elementor-element-74355204 elementor-widget elementor-widget-text-editor\" data-id=\"74355204\" data-element_type=\"widget\" data-e-type=\"widget\" data-widget_type=\"text-editor.default\">\n\t\t\t\t<div class=\"elementor-widget-container\">\n\t\t\t\t\t\t\t\t\t<p>Confira quais as responsabilidades que voc\u00ea assume ao se tornar um Ponto de Coleta do Programa de Reciclagem Gear Tips:<\/p>\n<ul>\n<li>Receber do Gear Tips o coletor de cartuchos de g\u00e1s para implanta\u00e7\u00e3o em ponto de coleta.<\/li>\n<li>Colocar o coletor em local vis\u00edvel e de f\u00e1cil acesso aos usu\u00e1rios.<\/li>\n<li>Informar e apresentar aos clientes e \u00e0 comunidade no entorno a exist\u00eancia e funcionalidade do coletor instalado.<\/li>\n<li>Compartilhar em sites, m\u00eddias sociais e outros meios de comunica\u00e7\u00e3o a opera\u00e7\u00e3o do ponto de coleta.<\/li>\n<li>Receber, acondicionar e armazenar temporariamente os cartuchos de g\u00e1s.<\/li>\n<li>Quando o coletor estiver cheio, quantificar os produtos coletados, preenchendo e enviando o formul\u00e1rio fornecido pela Gear Tips.<\/li>\n<li>Encaminhar os produtos coletados ao Centro de Reciclagem indicado pela Gear Tips. <strong>Importante<\/strong>: a destina\u00e7\u00e3o dos cartuchos para o centro de reciclagem \u00e9 responsabilidade do Ponto de Coleta.<\/li>\n<\/ul>\n\t\t\t\t\t\t\t\t<\/div>\n\t\t\t\t<\/div>\n\t\t\t\t<div class=\"elementor-element elementor-element-76e821ae elementor-widget elementor-widget-heading\" data-id=\"76e821ae\" data-element_type=\"widget\" data-e-type=\"widget\" data-widget_type=\"heading.default\">\n\t\t\t\t<div class=\"elementor-widget-container\">\n\t\t\t\t\t<h2 class=\"elementor-heading-title elementor-size-default\">E quais as vantagens?<\/h2>\t\t\t\t<\/div>\n\t\t\t\t<\/div>\n\t\t\t\t<div class=\"elementor-element elementor-element-139815d7 elementor-widget elementor-widget-text-editor\" data-id=\"139815d7\" data-element_type=\"widget\" data-e-type=\"widget\" data-widget_type=\"text-editor.default\">\n\t\t\t\t<div class=\"elementor-widget-container\">\n\t\t\t\t\t\t\t\t\t<ul>\n<li>Refor\u00e7a a sua imagem como uma empresa\/institui\u00e7\u00e3o comprometida com a sustentabilidade e responsabilidade ambiental.<\/li>\n<li>Contribui para a preserva\u00e7\u00e3o do meio ambiente, evitando que cartuchos de g\u00e1s sejam descartados de maneira inadequada.<\/li>\n<li>Incentiva a reciclagem e o reaproveitamento de materiais presentes nos cartuchos de g\u00e1s.<\/li>\n<li>Fomenta o envolvimento da comunidade e a presen\u00e7a de pessoas em sua institui\u00e7\u00e3o.<\/li>\n<li>Atrai novos consumidores ou associados que valorizam este tipo de iniciativa.<\/li>\n<li>Proporciona oportunidades para a a promo\u00e7\u00e3o de uma maior conscientiza\u00e7\u00e3o ambiental.<\/li>\n<\/ul>\n\t\t\t\t\t\t\t\t<\/div>\n\t\t\t\t<\/div>\n\t\t\t\t<\/div>\n\t\t\t\t\t<\/div>\n\t\t\t\t<\/div>\n\t\t<div data-dce-background-color=\"#F4F4F4\" class=\"elementor-element elementor-element-5a63351 e-flex e-con-boxed e-con e-parent\" data-id=\"5a63351\" data-element_type=\"container\" data-e-type=\"container\" data-settings=\"{&quot;background_background&quot;:&quot;classic&quot;}\">\n\t\t\t\t\t<div class=\"e-con-inner\">\n\t\t<div data-dce-background-color=\"#AB4B27\" data-dce-background-overlay-image-url=\"https:\/\/geartips.com\/greenhub\/wp-content\/uploads\/sites\/2\/2024\/02\/bg-curvas-terracota-2.webp\" class=\"elementor-element elementor-element-4873762b e-flex e-con-boxed e-con e-child\" data-id=\"4873762b\" data-element_type=\"container\" data-e-type=\"container\" data-settings=\"{&quot;background_background&quot;:&quot;classic&quot;}\">\n\t\t\t\t\t<div class=\"e-con-inner\">\n\t\t<div class=\"elementor-element elementor-element-c1be46c e-con-full e-flex e-con e-child\" data-id=\"c1be46c\" data-element_type=\"container\" data-e-type=\"container\">\n\t\t<div class=\"elementor-element elementor-element-38c8ae21 e-flex e-con-boxed e-con e-child\" data-id=\"38c8ae21\" data-element_type=\"container\" data-e-type=\"container\">\n\t\t\t\t\t<div class=\"e-con-inner\">\n\t\t<div data-dce-background-color=\"#D18E7530\" class=\"elementor-element elementor-element-78a89ccf e-con-full e-flex e-con e-child\" data-id=\"78a89ccf\" data-element_type=\"container\" data-e-type=\"container\" data-settings=\"{&quot;background_background&quot;:&quot;classic&quot;}\">\n\t\t\t\t<div data-dce-title-color=\"#FFFFFF\" class=\"elementor-element elementor-element-120b21af elementor-widget elementor-widget-heading\" data-id=\"120b21af\" data-element_type=\"widget\" data-e-type=\"widget\" data-widget_type=\"heading.default\">\n\t\t\t\t<div class=\"elementor-widget-container\">\n\t\t\t\t\t<h2 class=\"elementor-heading-title elementor-size-default\">Est\u00e1 pronto para ser um Ponto de Coleta?<\/h2>\t\t\t\t<\/div>\n\t\t\t\t<\/div>\n\t\t\t\t<\/div>\n\t\t<div class=\"elementor-element elementor-element-16b6c937 e-con-full e-flex e-con e-child\" data-id=\"16b6c937\" data-element_type=\"container\" data-e-type=\"container\">\n\t\t\t\t<div data-dce-text-color=\"#FFFFFF\" class=\"elementor-element elementor-element-78b55755 elementor-widget elementor-widget-text-editor\" data-id=\"78b55755\" data-element_type=\"widget\" data-e-type=\"widget\" data-widget_type=\"text-editor.default\">\n\t\t\t\t<div class=\"elementor-widget-container\">\n\t\t\t\t\t\t\t\t\t<p>Preencha o formul\u00e1rio de cadastro da sua empresa e aguarde que nossa equipe entrar\u00e1 em contato com voc\u00ea. Se tiver d\u00favidas, mande um e-mail para: ambiental@geartips.com.br<\/p>\n\t\t\t\t\t\t\t\t<\/div>\n\t\t\t\t<\/div>\n\t\t\t\t<div class=\"elementor-element elementor-element-c69370a elementor-align-left elementor-tablet-align-left elementor-mobile-align-center elementor-widget elementor-widget-button\" data-id=\"c69370a\" data-element_type=\"widget\" data-e-type=\"widget\" data-widget_type=\"button.default\">\n\t\t\t\t<div class=\"elementor-widget-container\">\n\t\t\t\t\t\t\t\t\t<div class=\"elementor-button-wrapper\">\n\t\t\t\t\t<a class=\"elementor-button elementor-button-link elementor-size-md\" href=\"https:\/\/docs.google.com\/forms\/d\/e\/1FAIpQLSeYB__BYEFmI_q_yz3Y4oqZZA4LNqAWMfjHzsEzTTeYfQ7PFg\/viewform\" target=\"_blank\" rel=\"noopener\">\n\t\t\t\t\t\t<span class=\"elementor-button-content-wrapper\">\n\t\t\t\t\t\t\t\t\t<span class=\"elementor-button-text\">QUERO FAZER O CADASTRO!<\/span>\n\t\t\t\t\t<\/span>\n\t\t\t\t\t<\/a>\n\t\t\t\t<\/div>\n\t\t\t\t\t\t\t\t<\/div>\n\t\t\t\t<\/div>\n\t\t\t\t<\/div>\n\t\t\t\t\t<\/div>\n\t\t\t\t<\/div>\n\t\t\t\t<\/div>\n\t\t\t\t\t<\/div>\n\t\t\t\t<\/div>\n\t\t\t\t\t<\/div>\n\t\t\t\t<\/div>\n\t\t<div class=\"elementor-element elementor-element-1ca1cea e-flex e-con-boxed e-con e-parent\" data-id=\"1ca1cea\" data-element_type=\"container\" data-e-type=\"container\">\n\t\t\t\t\t<div class=\"e-con-inner\">\n\t\t\t\t<div class=\"elementor-element elementor-element-4cc1010 dce_masking-none elementor-widget elementor-widget-global elementor-global-4748 elementor-global-1735 elementor-widget-image\" data-id=\"4cc1010\" data-element_type=\"widget\" data-e-type=\"widget\" data-widget_type=\"image.default\">\n\t\t\t\t<div class=\"elementor-widget-container\">\n\t\t\t\t\t\t\t\t\t\t\t\t\t\t\t<img decoding=\"async\" width=\"1140\" height=\"500\" src=\"https:\/\/geartips.com\/greenhub\/wp-content\/uploads\/sites\/2\/2024\/03\/rodape-marcas-programa-reciclagem-gear-tips.webp\" class=\"attachment-full size-full wp-image-1690\" alt=\"Programa de Reciclagem Gear Tips\" srcset=\"https:\/\/geartips.com\/greenhub\/wp-content\/uploads\/sites\/2\/2024\/03\/rodape-marcas-programa-reciclagem-gear-tips.webp 1140w, https:\/\/geartips.com\/greenhub\/wp-content\/uploads\/sites\/2\/2024\/03\/rodape-marcas-programa-reciclagem-gear-tips-300x132.webp 300w, https:\/\/geartips.com\/greenhub\/wp-content\/uploads\/sites\/2\/2024\/03\/rodape-marcas-programa-reciclagem-gear-tips-1024x449.webp 1024w, https:\/\/geartips.com\/greenhub\/wp-content\/uploads\/sites\/2\/2024\/03\/rodape-marcas-programa-reciclagem-gear-tips-768x337.webp 768w\" sizes=\"(max-width: 1140px) 100vw, 1140px\" \/>\t\t\t\t\t\t\t\t\t\t\t\t\t\t\t<\/div>\n\t\t\t\t<\/div>\n\t\t\t\t\t<\/div>\n\t\t\t\t<\/div>\n\t\t\t\t<\/div>\n\t\t","protected":false},"excerpt":{"rendered":"<p>Seja um Parceiro Programa de reciclaje Se sua empresa se identifca com o prop\u00f3sito do Programa de Reciclagem do Gear Tips, voc\u00ea pode fazer a solicita\u00e7\u00e3o para ser um Parceiro do Programa e se tornar um Ponto de Coleta de cartuchos de g\u00e1s. ENTENDA COMO FUNCIONA Como funciona Para se tornar um parceiro do Programa [&hellip;]<\/p>\n","protected":false},"author":3,"featured_media":0,"parent":0,"menu_order":0,"comment_status":"closed","ping_status":"closed","template":"","meta":{"_acf_changed":false,"footnotes":""},"class_list":["post-4463","page","type-page","status-publish","hentry"],"blocksy_meta":[],"acf":[],"publishpress_future_workflow_manual_trigger":{"enabledWorkflows":[]},"_links":{"self":[{"href":"https:\/\/geartips.com\/greenhub\/es\/wp-json\/wp\/v2\/pages\/4463","targetHints":{"allow":["GET"]}}],"collection":[{"href":"https:\/\/geartips.com\/greenhub\/es\/wp-json\/wp\/v2\/pages"}],"about":[{"href":"https:\/\/geartips.com\/greenhub\/es\/wp-json\/wp\/v2\/types\/page"}],"author":[{"embeddable":true,"href":"https:\/\/geartips.com\/greenhub\/es\/wp-json\/wp\/v2\/users\/3"}],"replies":[{"embeddable":true,"href":"https:\/\/geartips.com\/greenhub\/es\/wp-json\/wp\/v2\/comments?post=4463"}],"version-history":[{"count":5,"href":"https:\/\/geartips.com\/greenhub\/es\/wp-json\/wp\/v2\/pages\/4463\/revisions"}],"predecessor-version":[{"id":4707,"href":"https:\/\/geartips.com\/greenhub\/es\/wp-json\/wp\/v2\/pages\/4463\/revisions\/4707"}],"wp:attachment":[{"href":"https:\/\/geartips.com\/greenhub\/es\/wp-json\/wp\/v2\/media?parent=4463"}],"curies":[{"name":"wp","href":"https:\/\/api.w.org\/{rel}","templated":true}]}}