{"id":13867,"date":"2024-11-26T17:17:13","date_gmt":"2024-11-26T20:17:13","guid":{"rendered":"https:\/\/geartips.com\/diario-del-curso\/"},"modified":"2025-01-23T17:02:39","modified_gmt":"2025-01-23T20:02:39","slug":"diario-del-curso","status":"publish","type":"page","link":"https:\/\/geartips.com\/es\/diario-del-curso\/","title":{"rendered":"Diario del curso"},"content":{"rendered":"\t\t<div data-elementor-type=\"wp-page\" data-elementor-id=\"13867\" class=\"elementor elementor-13867 elementor-13853\" data-elementor-post-type=\"page\">\n\t\t\t\t<div data-dce-background-color=\"#FFFFFF\" class=\"elementor-element elementor-element-513415e e-flex e-con-boxed e-con e-parent\" data-id=\"513415e\" data-element_type=\"container\" data-e-type=\"container\" data-settings=\"{&quot;background_background&quot;:&quot;gradient&quot;}\">\n\t\t\t\t\t<div class=\"e-con-inner\">\n\t\t<div class=\"elementor-element elementor-element-3893657 e-flex e-con-boxed e-con e-child\" data-id=\"3893657\" data-element_type=\"container\" data-e-type=\"container\">\n\t\t\t\t\t<div class=\"e-con-inner\">\n\t\t\t\t<div class=\"elementor-element elementor-element-fd95092 elementor-widget elementor-widget-heading\" data-id=\"fd95092\" data-element_type=\"widget\" data-e-type=\"widget\" data-widget_type=\"heading.default\">\n\t\t\t\t<div class=\"elementor-widget-container\">\n\t\t\t\t\t<h2 class=\"elementor-heading-title elementor-size-default\">Diario del curso<\/h2>\t\t\t\t<\/div>\n\t\t\t\t<\/div>\n\t\t\t\t<div class=\"elementor-element elementor-element-43bd728 elementor-widget elementor-widget-taxonomy-filter\" data-id=\"43bd728\" data-element_type=\"widget\" data-e-type=\"widget\" data-settings=\"{&quot;selected_element&quot;:&quot;8577de8&quot;,&quot;taxonomy&quot;:&quot;tipo-de-curso&quot;,&quot;item_alignment_horizontal&quot;:&quot;start&quot;,&quot;multiple_selection&quot;:&quot;no&quot;,&quot;horizontal_scroll&quot;:&quot;disable&quot;}\" data-widget_type=\"taxonomy-filter.default\">\n\t\t\t\t<div class=\"elementor-widget-container\">\n\t\t\t\t\t\t\t<search class=\"e-filter\" role=\"search\" data-base-url=\"https:\/\/geartips.com\/es\/\" data-page-num=\"1\">\n\t\t\t\t\t\t\t<button class=\"e-filter-item\" data-filter=\"cozinha-outdoor\" aria-pressed=\"false\">Cozinha Outdoor<\/button>\n\t\t\t\t\t\t\t<button class=\"e-filter-item\" data-filter=\"curso-de-orientacion-y-navegacion\" aria-pressed=\"false\">Curso de orientaci\u00f3n y navegaci\u00f3n<\/button>\n\t\t\t\t\t\t\t<button class=\"e-filter-item\" data-filter=\"curso-de-primeros-auxilios-en-zonas-remotas-avanzado\" aria-pressed=\"false\">Curso de primeros auxilios en zonas remotas - Avanzado<\/button>\n\t\t\t\t\t\t\t<button class=\"e-filter-item\" data-filter=\"fotografia-outdoor\" aria-pressed=\"false\">Fotografia Outdoor<\/button>\n\t\t\t\t\t\t\t<button class=\"e-filter-item\" data-filter=\"leave-no-trace-instructor-level-1-es\" aria-pressed=\"false\">Leave No Trace Instructor - Level 1<\/button>\n\t\t\t\t\t\t\t<button class=\"e-filter-item\" data-filter=\"leave-no-trace-instructor-level-2-es\" aria-pressed=\"false\">Leave No Trace Instructor - Level 2<\/button>\n\t\t\t\t\t\t\t<button class=\"e-filter-item\" data-filter=\"planejamento-de-expedicoes\" aria-pressed=\"false\">Planejamento de Expedi\u00e7\u00f5es<\/button>\n\t\t\t\t\t\t\t<button class=\"e-filter-item\" data-filter=\"primeiros-socorros-em-areas-remotas-mext\" aria-pressed=\"false\">Primeiros Socorros em \u00c1reas Remotas - MEXT<\/button>\n\t\t\t\t\t\t\t<button class=\"e-filter-item\" data-filter=\"soft-skills\" aria-pressed=\"false\">Soft Skills<\/button>\n\t\t\t\t\t\t\t<button class=\"e-filter-item\" data-filter=\"wafa\" aria-pressed=\"false\">WAFA<\/button>\n\t\t\t\n\t\t\t\t\t\t\t\t\t<button class=\"e-filter-item\" data-filter=\"__all\" aria-pressed=\"true\">\n\t\t\t\tTodos\t\t\t<\/button>\n\t\t\t\t\t<\/search>\n\t\t\t\t\t\t<\/div>\n\t\t\t\t<\/div>\n\t\t\t\t<div data-dce-background-color=\"#AB4B27\" class=\"elementor-element elementor-element-8577de8 elementor-grid-2 elementor-grid-tablet-1 elementor-grid-mobile-1 elementor-widget elementor-widget-loop-grid\" data-id=\"8577de8\" data-element_type=\"widget\" data-e-type=\"widget\" data-settings=\"{&quot;template_id&quot;:11329,&quot;pagination_type&quot;:&quot;load_more_on_click&quot;,&quot;columns&quot;:&quot;2&quot;,&quot;columns_tablet&quot;:&quot;1&quot;,&quot;row_gap&quot;:{&quot;unit&quot;:&quot;px&quot;,&quot;size&quot;:0,&quot;sizes&quot;:[]},&quot;_skin&quot;:&quot;post&quot;,&quot;columns_mobile&quot;:&quot;1&quot;,&quot;edit_handle_selector&quot;:&quot;[data-elementor-type=\\&quot;loop-item\\&quot;]&quot;,&quot;load_more_spinner&quot;:{&quot;value&quot;:&quot;fas fa-spinner&quot;,&quot;library&quot;:&quot;fa-solid&quot;},&quot;row_gap_tablet&quot;:{&quot;unit&quot;:&quot;px&quot;,&quot;size&quot;:&quot;&quot;,&quot;sizes&quot;:[]},&quot;row_gap_mobile&quot;:{&quot;unit&quot;:&quot;px&quot;,&quot;size&quot;:&quot;&quot;,&quot;sizes&quot;:[]}}\" data-widget_type=\"loop-grid.post\">\n\t\t\t\t<div class=\"elementor-widget-container\">\n\t\t\t\t\t\t\t<div class=\"e-loop-nothing-found-message\">\n\t\t<\/div>\n\t\t\t\t\t\t<\/div>\n\t\t\t\t<\/div>\n\t\t\t\t\t<\/div>\n\t\t\t\t<\/div>\n\t\t\t\t\t<\/div>\n\t\t\t\t<\/div>\n\t\t\t\t<\/div>\n\t\t","protected":false},"excerpt":{"rendered":"<p>Diario del curso Leave No Trace &#8211; Instrutor N\u00edvel 1 Leave No Trace \u2013 Instrutor N\u00edvel 2 Orienta\u00e7\u00e3o e Navega\u00e7\u00e3o Primeiros Socorros em \u00c1reas Remotas Todos<\/p>\n","protected":false},"author":3,"featured_media":0,"parent":0,"menu_order":0,"comment_status":"closed","ping_status":"closed","template":"","meta":{"_acf_changed":false,"footnotes":""},"class_list":["post-13867","page","type-page","status-publish","hentry"],"blocksy_meta":[],"acf":[],"publishpress_future_action":{"enabled":false,"date":"2026-04-28 02:38:37","action":"change-status","newStatus":"draft","terms":[],"taxonomy":"translation_priority","extraData":[]},"publishpress_future_workflow_manual_trigger":{"enabledWorkflows":[]},"_links":{"self":[{"href":"https:\/\/geartips.com\/es\/wp-json\/wp\/v2\/pages\/13867","targetHints":{"allow":["GET"]}}],"collection":[{"href":"https:\/\/geartips.com\/es\/wp-json\/wp\/v2\/pages"}],"about":[{"href":"https:\/\/geartips.com\/es\/wp-json\/wp\/v2\/types\/page"}],"author":[{"embeddable":true,"href":"https:\/\/geartips.com\/es\/wp-json\/wp\/v2\/users\/3"}],"replies":[{"embeddable":true,"href":"https:\/\/geartips.com\/es\/wp-json\/wp\/v2\/comments?post=13867"}],"version-history":[{"count":4,"href":"https:\/\/geartips.com\/es\/wp-json\/wp\/v2\/pages\/13867\/revisions"}],"predecessor-version":[{"id":14300,"href":"https:\/\/geartips.com\/es\/wp-json\/wp\/v2\/pages\/13867\/revisions\/14300"}],"wp:attachment":[{"href":"https:\/\/geartips.com\/es\/wp-json\/wp\/v2\/media?parent=13867"}],"curies":[{"name":"wp","href":"https:\/\/api.w.org\/{rel}","templated":true}]}}