{"id":11614,"date":"2024-05-10T17:00:21","date_gmt":"2024-05-10T20:00:21","guid":{"rendered":"https:\/\/geartips.com\/en-los-medios-de-comunicacion\/"},"modified":"2024-10-15T17:38:02","modified_gmt":"2024-10-15T20:38:02","slug":"en-los-medios-de-comunicacion","status":"publish","type":"page","link":"https:\/\/geartips.com\/es\/en-los-medios-de-comunicacion\/","title":{"rendered":"En los medios de comunicaci\u00f3n"},"content":{"rendered":"\t\t<div data-elementor-type=\"wp-page\" data-elementor-id=\"11614\" class=\"elementor elementor-11614 elementor-11609\" data-elementor-post-type=\"page\">\n\t\t\t\t<div data-dce-background-color=\"#ECECEC\" data-dce-background-overlay-color=\"#00000000\" data-dce-background-image-url=\"https:\/\/geartips.com\/wp-content\/uploads\/2024\/02\/gear-tips-bg-20.webp\" class=\"elementor-element elementor-element-168a10d5 e-flex e-con-boxed e-con e-parent\" data-id=\"168a10d5\" data-element_type=\"container\" data-e-type=\"container\" data-settings=\"{&quot;background_background&quot;:&quot;classic&quot;}\">\n\t\t\t\t\t<div class=\"e-con-inner\">\n\t\t<div class=\"elementor-element elementor-element-3ccaf79 e-con-full e-flex e-con e-child\" data-id=\"3ccaf79\" data-element_type=\"container\" data-e-type=\"container\">\n\t\t<div class=\"elementor-element elementor-element-35c6fffc e-flex e-con-boxed e-con e-child\" data-id=\"35c6fffc\" data-element_type=\"container\" data-e-type=\"container\">\n\t\t\t\t\t<div class=\"e-con-inner\">\n\t\t\t\t<div data-dce-title-color=\"#FFFFFF\" class=\"elementor-element elementor-element-3252f966 elementor-widget elementor-widget-heading\" data-id=\"3252f966\" data-element_type=\"widget\" data-e-type=\"widget\" data-widget_type=\"heading.default\">\n\t\t\t\t<div class=\"elementor-widget-container\">\n\t\t\t\t\t<h1 class=\"elementor-heading-title elementor-size-default\">En los medios de comunicaci\u00f3n<\/h1>\t\t\t\t<\/div>\n\t\t\t\t<\/div>\n\t\t\t\t\t<\/div>\n\t\t\t\t<\/div>\n\t\t<div class=\"elementor-element elementor-element-79ad0e6a e-con-full e-flex e-con e-child\" data-id=\"79ad0e6a\" data-element_type=\"container\" data-e-type=\"container\">\n\t\t<div class=\"elementor-element elementor-element-668f3a2d e-con-full e-flex e-con e-child\" data-id=\"668f3a2d\" data-element_type=\"container\" data-e-type=\"container\">\n\t\t\t\t<div data-dce-text-color=\"#FFFFFF\" class=\"elementor-element elementor-element-bb262ec elementor-widget elementor-widget-text-editor\" data-id=\"bb262ec\" data-element_type=\"widget\" data-e-type=\"widget\" data-widget_type=\"text-editor.default\">\n\t\t\t\t<div class=\"elementor-widget-container\">\n\t\t\t\t\t\t\t\t\tGear Tips \u00a1Consulta las principales noticias y reportajes sobre en los medios de comunicaci\u00f3n! Aqu\u00ed encontrar\u00e1s nuestros logros, eventos e iniciativas que est\u00e1n marcando la diferencia en el mundo de las actividades al aire libre. \n\n\t\t\t\t\t\t\t\t<\/div>\n\t\t\t\t<\/div>\n\t\t\t\t<\/div>\n\t\t<div class=\"elementor-element elementor-element-7354772b e-con-full elementor-hidden-tablet elementor-hidden-mobile e-flex e-con e-child\" data-id=\"7354772b\" data-element_type=\"container\" data-e-type=\"container\">\n\t\t\t\t<\/div>\n\t\t\t\t<\/div>\n\t\t\t\t<\/div>\n\t\t\t\t\t<\/div>\n\t\t\t\t<\/div>\n\t\t<div class=\"elementor-element elementor-element-999bd31 e-flex e-con-boxed e-con e-parent\" data-id=\"999bd31\" data-element_type=\"container\" data-e-type=\"container\">\n\t\t\t\t\t<div class=\"e-con-inner\">\n\t\t\t\t<div class=\"elementor-element elementor-element-aad4acc elementor-grid-1 elementor-grid-tablet-2 elementor-grid-mobile-1 elementor-widget elementor-widget-loop-grid\" data-id=\"aad4acc\" data-element_type=\"widget\" data-e-type=\"widget\" data-settings=\"{&quot;template_id&quot;:11607,&quot;columns&quot;:1,&quot;pagination_type&quot;:&quot;numbers&quot;,&quot;_skin&quot;:&quot;post&quot;,&quot;columns_tablet&quot;:&quot;2&quot;,&quot;columns_mobile&quot;:&quot;1&quot;,&quot;edit_handle_selector&quot;:&quot;[data-elementor-type=\\&quot;loop-item\\&quot;]&quot;,&quot;pagination_load_type&quot;:&quot;page_reload&quot;,&quot;row_gap&quot;:{&quot;unit&quot;:&quot;px&quot;,&quot;size&quot;:&quot;&quot;,&quot;sizes&quot;:[]},&quot;row_gap_tablet&quot;:{&quot;unit&quot;:&quot;px&quot;,&quot;size&quot;:&quot;&quot;,&quot;sizes&quot;:[]},&quot;row_gap_mobile&quot;:{&quot;unit&quot;:&quot;px&quot;,&quot;size&quot;:&quot;&quot;,&quot;sizes&quot;:[]}}\" data-widget_type=\"loop-grid.post\">\n\t\t\t\t<div class=\"elementor-widget-container\">\n\t\t\t\t\t\t\t<div class=\"elementor-loop-container elementor-grid\" role=\"list\">\n\t\t<style id=\"loop-11607\">.elementor-11607 .elementor-element.elementor-element-1a1ba21{--display:flex;--gap:10px 20px;--row-gap:10px;--column-gap:20px;}.elementor-11607 .elementor-element.elementor-element-47b4c53 .elementor-heading-title{font-family:\"Nunito\", Sans-serif;font-size:28px;}.elementor-11607 .elementor-element.elementor-element-1124a7a .elementor-heading-title{font-family:\"Nunito\", Sans-serif;font-size:22px;color:#AB4B27;}.elementor-11607 .elementor-element.elementor-element-1124a7a > .elementor-widget-container{margin:0px 0px 0px 0px;}.elementor-11607 .elementor-element.elementor-element-59f80cb .elementor-heading-title{font-family:\"Nunito\", Sans-serif;font-size:19px;}.elementor-11607 .elementor-element.elementor-element-59f80cb > .elementor-widget-container{margin:0px 0px 0px 0px;padding:0px 0px 0px 0px;}.elementor-11607 .elementor-element.elementor-element-0b29623 .elementor-heading-title{font-family:\"Nunito\", Sans-serif;font-size:19px;}<\/style>\t\t<div data-elementor-type=\"loop-item\" data-elementor-id=\"11607\" class=\"elementor elementor-11607 elementor-11602 e-loop-item e-loop-item-14835 post-14835 saiu-na-midia type-saiu-na-midia status-publish hentry\" data-elementor-post-type=\"elementor_library\" data-custom-edit-handle=\"1\">\n\t\t\t<div class=\"elementor-element elementor-element-1a1ba21 e-flex e-con-boxed e-con e-parent\" data-id=\"1a1ba21\" data-element_type=\"container\" data-e-type=\"container\">\n\t\t\t\t\t<div class=\"e-con-inner\">\n\t\t\t\t<div class=\"elementor-element elementor-element-47b4c53 elementor-widget elementor-widget-theme-post-title elementor-page-title elementor-widget-heading\" data-id=\"47b4c53\" data-element_type=\"widget\" data-e-type=\"widget\" data-widget_type=\"theme-post-title.default\">\n\t\t\t\t<div class=\"elementor-widget-container\">\n\t\t\t\t\t<h2 class=\"elementor-heading-title elementor-size-default\">V\u00eddeo reportaje para el peri\u00f3dico Bom Dia Esp\u00edrito Santo<\/h2>\t\t\t\t<\/div>\n\t\t\t\t<\/div>\n\t\t\t\t\t<\/div>\n\t\t\t\t<\/div>\n\t\t\t\t<\/div>\n\t\t\t\t<div data-elementor-type=\"loop-item\" data-elementor-id=\"11607\" class=\"elementor elementor-11607 elementor-11602 e-loop-item e-loop-item-14768 post-14768 saiu-na-midia type-saiu-na-midia status-publish hentry\" data-elementor-post-type=\"elementor_library\" data-custom-edit-handle=\"1\">\n\t\t\t<div class=\"elementor-element elementor-element-1a1ba21 e-flex e-con-boxed e-con e-parent\" data-id=\"1a1ba21\" data-element_type=\"container\" data-e-type=\"container\">\n\t\t\t\t\t<div class=\"e-con-inner\">\n\t\t\t\t<div class=\"elementor-element elementor-element-47b4c53 elementor-widget elementor-widget-theme-post-title elementor-page-title elementor-widget-heading\" data-id=\"47b4c53\" data-element_type=\"widget\" data-e-type=\"widget\" data-widget_type=\"theme-post-title.default\">\n\t\t\t\t<div class=\"elementor-widget-container\">\n\t\t\t\t\t<h2 class=\"elementor-heading-title elementor-size-default\">Art\u00edculo en el Bolet\u00edn CEP sobre el Curso de M\u00ednimo Impacto<\/h2>\t\t\t\t<\/div>\n\t\t\t\t<\/div>\n\t\t\t\t\t<\/div>\n\t\t\t\t<\/div>\n\t\t\t\t<\/div>\n\t\t\t\t<div data-elementor-type=\"loop-item\" data-elementor-id=\"11607\" class=\"elementor elementor-11607 elementor-11602 e-loop-item e-loop-item-14762 post-14762 saiu-na-midia type-saiu-na-midia status-publish hentry\" data-elementor-post-type=\"elementor_library\" data-custom-edit-handle=\"1\">\n\t\t\t<div class=\"elementor-element elementor-element-1a1ba21 e-flex e-con-boxed e-con e-parent\" data-id=\"1a1ba21\" data-element_type=\"container\" data-e-type=\"container\">\n\t\t\t\t\t<div class=\"e-con-inner\">\n\t\t\t\t<div class=\"elementor-element elementor-element-47b4c53 elementor-widget elementor-widget-theme-post-title elementor-page-title elementor-widget-heading\" data-id=\"47b4c53\" data-element_type=\"widget\" data-e-type=\"widget\" data-widget_type=\"theme-post-title.default\">\n\t\t\t\t<div class=\"elementor-widget-container\">\n\t\t\t\t\t<h2 class=\"elementor-heading-title elementor-size-default\">El Portal Alta Montanha anuncia un curso del Programa Capacitar para personas de raza negra<\/h2>\t\t\t\t<\/div>\n\t\t\t\t<\/div>\n\t\t\t\t\t<\/div>\n\t\t\t\t<\/div>\n\t\t\t\t<\/div>\n\t\t\t\t<div data-elementor-type=\"loop-item\" data-elementor-id=\"11607\" class=\"elementor elementor-11607 elementor-11602 e-loop-item e-loop-item-14760 post-14760 saiu-na-midia type-saiu-na-midia status-publish hentry\" data-elementor-post-type=\"elementor_library\" data-custom-edit-handle=\"1\">\n\t\t\t<div class=\"elementor-element elementor-element-1a1ba21 e-flex e-con-boxed e-con e-parent\" data-id=\"1a1ba21\" data-element_type=\"container\" data-e-type=\"container\">\n\t\t\t\t\t<div class=\"e-con-inner\">\n\t\t\t\t<div class=\"elementor-element elementor-element-47b4c53 elementor-widget elementor-widget-theme-post-title elementor-page-title elementor-widget-heading\" data-id=\"47b4c53\" data-element_type=\"widget\" data-e-type=\"widget\" data-widget_type=\"theme-post-title.default\">\n\t\t\t\t<div class=\"elementor-widget-container\">\n\t\t\t\t\t<h2 class=\"elementor-heading-title elementor-size-default\">Alma Preta publica un art\u00edculo sobre el curso para negros<\/h2>\t\t\t\t<\/div>\n\t\t\t\t<\/div>\n\t\t\t\t\t<\/div>\n\t\t\t\t<\/div>\n\t\t\t\t<\/div>\n\t\t\t\t<div data-elementor-type=\"loop-item\" data-elementor-id=\"11607\" class=\"elementor elementor-11607 elementor-11602 e-loop-item e-loop-item-14710 post-14710 saiu-na-midia type-saiu-na-midia status-publish hentry\" data-elementor-post-type=\"elementor_library\" data-custom-edit-handle=\"1\">\n\t\t\t<div class=\"elementor-element elementor-element-1a1ba21 e-flex e-con-boxed e-con e-parent\" data-id=\"1a1ba21\" data-element_type=\"container\" data-e-type=\"container\">\n\t\t\t\t\t<div class=\"e-con-inner\">\n\t\t\t\t<div class=\"elementor-element elementor-element-47b4c53 elementor-widget elementor-widget-theme-post-title elementor-page-title elementor-widget-heading\" data-id=\"47b4c53\" data-element_type=\"widget\" data-e-type=\"widget\" data-widget_type=\"theme-post-title.default\">\n\t\t\t\t<div class=\"elementor-widget-container\">\n\t\t\t\t\t<h2 class=\"elementor-heading-title elementor-size-default\">Art\u00edculo en el sitio web de la UIAA sobre el progreso del Programa de Reciclaje de Cartuchos de Gas<\/h2>\t\t\t\t<\/div>\n\t\t\t\t<\/div>\n\t\t\t\t\t<\/div>\n\t\t\t\t<\/div>\n\t\t\t\t<\/div>\n\t\t\t\t<div data-elementor-type=\"loop-item\" data-elementor-id=\"11607\" class=\"elementor elementor-11607 elementor-11602 e-loop-item e-loop-item-14765 post-14765 saiu-na-midia type-saiu-na-midia status-publish hentry\" data-elementor-post-type=\"elementor_library\" data-custom-edit-handle=\"1\">\n\t\t\t<div class=\"elementor-element elementor-element-1a1ba21 e-flex e-con-boxed e-con e-parent\" data-id=\"1a1ba21\" data-element_type=\"container\" data-e-type=\"container\">\n\t\t\t\t\t<div class=\"e-con-inner\">\n\t\t\t\t<div class=\"elementor-element elementor-element-47b4c53 elementor-widget elementor-widget-theme-post-title elementor-page-title elementor-widget-heading\" data-id=\"47b4c53\" data-element_type=\"widget\" data-e-type=\"widget\" data-widget_type=\"theme-post-title.default\">\n\t\t\t\t<div class=\"elementor-widget-container\">\n\t\t\t\t\t<h2 class=\"elementor-heading-title elementor-size-default\">Art\u00edculo de Tribuna sobre la formaci\u00f3n de los agentes de Parnas<\/h2>\t\t\t\t<\/div>\n\t\t\t\t<\/div>\n\t\t\t\t\t<\/div>\n\t\t\t\t<\/div>\n\t\t\t\t<\/div>\n\t\t\t\t<div data-elementor-type=\"loop-item\" data-elementor-id=\"11607\" class=\"elementor elementor-11607 elementor-11602 e-loop-item e-loop-item-14625 post-14625 saiu-na-midia type-saiu-na-midia status-publish hentry\" data-elementor-post-type=\"elementor_library\" data-custom-edit-handle=\"1\">\n\t\t\t<div class=\"elementor-element elementor-element-1a1ba21 e-flex e-con-boxed e-con e-parent\" data-id=\"1a1ba21\" data-element_type=\"container\" data-e-type=\"container\">\n\t\t\t\t\t<div class=\"e-con-inner\">\n\t\t\t\t<div class=\"elementor-element elementor-element-47b4c53 elementor-widget elementor-widget-theme-post-title elementor-page-title elementor-widget-heading\" data-id=\"47b4c53\" data-element_type=\"widget\" data-e-type=\"widget\" data-widget_type=\"theme-post-title.default\">\n\t\t\t\t<div class=\"elementor-widget-container\">\n\t\t\t\t\t<h2 class=\"elementor-heading-title elementor-size-default\">Art\u00edculo sobre la formaci\u00f3n en Parnas<\/h2>\t\t\t\t<\/div>\n\t\t\t\t<\/div>\n\t\t\t\t\t<\/div>\n\t\t\t\t<\/div>\n\t\t\t\t<\/div>\n\t\t\t\t<div data-elementor-type=\"loop-item\" data-elementor-id=\"11607\" class=\"elementor elementor-11607 elementor-11602 e-loop-item e-loop-item-14463 post-14463 saiu-na-midia type-saiu-na-midia status-publish hentry\" data-elementor-post-type=\"elementor_library\" data-custom-edit-handle=\"1\">\n\t\t\t<div class=\"elementor-element elementor-element-1a1ba21 e-flex e-con-boxed e-con e-parent\" data-id=\"1a1ba21\" data-element_type=\"container\" data-e-type=\"container\">\n\t\t\t\t\t<div class=\"e-con-inner\">\n\t\t\t\t<div class=\"elementor-element elementor-element-47b4c53 elementor-widget elementor-widget-theme-post-title elementor-page-title elementor-widget-heading\" data-id=\"47b4c53\" data-element_type=\"widget\" data-e-type=\"widget\" data-widget_type=\"theme-post-title.default\">\n\t\t\t\t<div class=\"elementor-widget-container\">\n\t\t\t\t\t<h2 class=\"elementor-heading-title elementor-size-default\">Art\u00edculo sobre la formaci\u00f3n de los agentes del Parque Nacional de Serra dos \u00d3rg\u00e3os<\/h2>\t\t\t\t<\/div>\n\t\t\t\t<\/div>\n\t\t\t\t\t<\/div>\n\t\t\t\t<\/div>\n\t\t\t\t<\/div>\n\t\t\t\t<div data-elementor-type=\"loop-item\" data-elementor-id=\"11607\" class=\"elementor elementor-11607 elementor-11602 e-loop-item e-loop-item-14144 post-14144 saiu-na-midia type-saiu-na-midia status-publish hentry\" data-elementor-post-type=\"elementor_library\" data-custom-edit-handle=\"1\">\n\t\t\t<div class=\"elementor-element elementor-element-1a1ba21 e-flex e-con-boxed e-con e-parent\" data-id=\"1a1ba21\" data-element_type=\"container\" data-e-type=\"container\">\n\t\t\t\t\t<div class=\"e-con-inner\">\n\t\t\t\t<div class=\"elementor-element elementor-element-47b4c53 elementor-widget elementor-widget-theme-post-title elementor-page-title elementor-widget-heading\" data-id=\"47b4c53\" data-element_type=\"widget\" data-e-type=\"widget\" data-widget_type=\"theme-post-title.default\">\n\t\t\t\t<div class=\"elementor-widget-container\">\n\t\t\t\t\t<h2 class=\"elementor-heading-title elementor-size-default\">Comunicado de prensa de Equipamiento vivo para peregrinos<\/h2>\t\t\t\t<\/div>\n\t\t\t\t<\/div>\n\t\t\t\t\t<\/div>\n\t\t\t\t<\/div>\n\t\t\t\t<\/div>\n\t\t\t\t<div data-elementor-type=\"loop-item\" data-elementor-id=\"11607\" class=\"elementor elementor-11607 elementor-11602 e-loop-item e-loop-item-13872 post-13872 saiu-na-midia type-saiu-na-midia status-publish hentry\" data-elementor-post-type=\"elementor_library\" data-custom-edit-handle=\"1\">\n\t\t\t<div class=\"elementor-element elementor-element-1a1ba21 e-flex e-con-boxed e-con e-parent\" data-id=\"1a1ba21\" data-element_type=\"container\" data-e-type=\"container\">\n\t\t\t\t\t<div class=\"e-con-inner\">\n\t\t\t\t<div class=\"elementor-element elementor-element-47b4c53 elementor-widget elementor-widget-theme-post-title elementor-page-title elementor-widget-heading\" data-id=\"47b4c53\" data-element_type=\"widget\" data-e-type=\"widget\" data-widget_type=\"theme-post-title.default\">\n\t\t\t\t<div class=\"elementor-widget-container\">\n\t\t\t\t\t<h2 class=\"elementor-heading-title elementor-size-default\">Comunicado de prensa en directo sobre el lanzamiento de Sea To Summit<\/h2>\t\t\t\t<\/div>\n\t\t\t\t<\/div>\n\t\t\t\t\t<\/div>\n\t\t\t\t<\/div>\n\t\t\t\t<\/div>\n\t\t\t\t<\/div>\n\t\t\n\t\t\t\t<div class=\"e-load-more-anchor\" data-page=\"1\" data-max-page=\"2\" data-next-page=\"https:\/\/geartips.com\/es\/wp-json\/wp\/v2\/pages\/11614\/page\/2\/\"><\/div>\n\t\t\t\t<nav class=\"elementor-pagination\" aria-label=\"Paginaci\u00f3n\">\n\t\t\t<span aria-current=\"page\" class=\"page-numbers current\"><span class=\"elementor-screen-only\">P\u00e1gina<\/span>1<\/span>\n<a class=\"page-numbers\" href=\"https:\/\/geartips.com\/es\/wp-json\/wp\/v2\/pages\/11614\/page\/2\/\"><span class=\"elementor-screen-only\">P\u00e1gina<\/span>2<\/a>\t\t<\/nav>\n\t\t\t\t\t\t<\/div>\n\t\t\t\t<\/div>\n\t\t\t\t\t<\/div>\n\t\t\t\t<\/div>\n\t\t\t\t<\/div>\n\t\t","protected":false},"excerpt":{"rendered":"<p>En los medios de comunicaci\u00f3n Gear Tips \u00a1Consulta las principales noticias y reportajes sobre en los medios de comunicaci\u00f3n! Aqu\u00ed encontrar\u00e1s nuestros logros, eventos e iniciativas que est\u00e1n marcando la diferencia en el mundo de las actividades al aire libre.<\/p>\n","protected":false},"author":3,"featured_media":0,"parent":0,"menu_order":0,"comment_status":"closed","ping_status":"closed","template":"","meta":{"_acf_changed":false,"footnotes":""},"class_list":["post-11614","page","type-page","status-publish","hentry"],"blocksy_meta":[],"acf":[],"publishpress_future_action":{"enabled":false,"date":"2026-04-14 08:23:08","action":"change-status","newStatus":"draft","terms":[],"taxonomy":"translation_priority","extraData":[]},"publishpress_future_workflow_manual_trigger":{"enabledWorkflows":[]},"_links":{"self":[{"href":"https:\/\/geartips.com\/es\/wp-json\/wp\/v2\/pages\/11614","targetHints":{"allow":["GET"]}}],"collection":[{"href":"https:\/\/geartips.com\/es\/wp-json\/wp\/v2\/pages"}],"about":[{"href":"https:\/\/geartips.com\/es\/wp-json\/wp\/v2\/types\/page"}],"author":[{"embeddable":true,"href":"https:\/\/geartips.com\/es\/wp-json\/wp\/v2\/users\/3"}],"replies":[{"embeddable":true,"href":"https:\/\/geartips.com\/es\/wp-json\/wp\/v2\/comments?post=11614"}],"version-history":[{"count":5,"href":"https:\/\/geartips.com\/es\/wp-json\/wp\/v2\/pages\/11614\/revisions"}],"predecessor-version":[{"id":12842,"href":"https:\/\/geartips.com\/es\/wp-json\/wp\/v2\/pages\/11614\/revisions\/12842"}],"wp:attachment":[{"href":"https:\/\/geartips.com\/es\/wp-json\/wp\/v2\/media?parent=11614"}],"curies":[{"name":"wp","href":"https:\/\/api.w.org\/{rel}","templated":true}]}}