{"id":11164,"date":"2024-02-08T17:22:57","date_gmt":"2024-02-08T20:22:57","guid":{"rendered":"https:\/\/geartips.com\/programa-capacitar\/estudiantes-formados\/"},"modified":"2024-11-12T17:35:52","modified_gmt":"2024-11-12T20:35:52","slug":"estudiantes-formados","status":"publish","type":"page","link":"https:\/\/geartips.com\/es\/estudiantes-formados\/","title":{"rendered":"Estudiantes formados"},"content":{"rendered":"\t\t<div data-elementor-type=\"wp-page\" data-elementor-id=\"11164\" class=\"elementor elementor-11164 elementor-2627\" data-elementor-post-type=\"page\">\n\t\t\t\t<div data-dce-background-color=\"#ECECEC\" data-dce-background-overlay-color=\"#00000000\" data-dce-background-image-url=\"https:\/\/geartips.com\/wp-content\/uploads\/2024\/02\/gear-tips-bg-16.webp\" class=\"elementor-element elementor-element-1b9846b6 e-flex e-con-boxed e-con e-parent\" data-id=\"1b9846b6\" data-element_type=\"container\" data-e-type=\"container\" data-settings=\"{&quot;background_background&quot;:&quot;classic&quot;}\">\n\t\t\t\t\t<div class=\"e-con-inner\">\n\t\t<div class=\"elementor-element elementor-element-540dae00 e-con-full e-flex e-con e-child\" data-id=\"540dae00\" data-element_type=\"container\" data-e-type=\"container\">\n\t\t<div class=\"elementor-element elementor-element-2ee418e8 e-flex e-con-boxed e-con e-child\" data-id=\"2ee418e8\" data-element_type=\"container\" data-e-type=\"container\">\n\t\t\t\t\t<div class=\"e-con-inner\">\n\t\t\t\t<div data-dce-title-color=\"#FFFFFF\" class=\"elementor-element elementor-element-1059977e elementor-widget elementor-widget-heading\" data-id=\"1059977e\" data-element_type=\"widget\" data-e-type=\"widget\" data-widget_type=\"heading.default\">\n\t\t\t\t<div class=\"elementor-widget-container\">\n\t\t\t\t\t<h1 class=\"elementor-heading-title elementor-size-default\">Estudiantes formados<\/h1>\t\t\t\t<\/div>\n\t\t\t\t<\/div>\n\t\t\t\t<div data-dce-title-color=\"#FFFFFF\" class=\"elementor-element elementor-element-3b717fd3 elementor-widget elementor-widget-heading\" data-id=\"3b717fd3\" data-element_type=\"widget\" data-e-type=\"widget\" data-widget_type=\"heading.default\">\n\t\t\t\t<div class=\"elementor-widget-container\">\n\t\t\t\t\t<h2 class=\"elementor-heading-title elementor-size-default\">Programa Capacitar<\/h2>\t\t\t\t<\/div>\n\t\t\t\t<\/div>\n\t\t\t\t\t<\/div>\n\t\t\t\t<\/div>\n\t\t<div class=\"elementor-element elementor-element-50ab7599 e-con-full e-flex e-con e-child\" data-id=\"50ab7599\" data-element_type=\"container\" data-e-type=\"container\">\n\t\t<div class=\"elementor-element elementor-element-235df3ae e-con-full e-flex e-con e-child\" data-id=\"235df3ae\" data-element_type=\"container\" data-e-type=\"container\">\n\t\t\t\t<div data-dce-text-color=\"#FFFFFF\" class=\"elementor-element elementor-element-711dd6b0 elementor-widget elementor-widget-text-editor\" data-id=\"711dd6b0\" data-element_type=\"widget\" data-e-type=\"widget\" data-widget_type=\"text-editor.default\">\n\t\t\t\t<div class=\"elementor-widget-container\">\n\t\t\t\t\t\t\t\t\t<p> <strong> Gear Tips El<\/strong> <strong>Programa Capacitar<\/strong> ofrece cursos a <strong>empresas colaboradoras del Club <\/strong>, como escuelas de aventura, agencias, operadores, gu\u00edas y conductores que buscan cualificaci\u00f3n. Consulte la lista de alumnos que ya han superado los cursos de formaci\u00f3n.<\/p>\n\t\t\t\t\t\t\t\t<\/div>\n\t\t\t\t<\/div>\n\t\t\t\t<\/div>\n\t\t<div class=\"elementor-element elementor-element-48fb28f3 e-con-full elementor-hidden-tablet elementor-hidden-mobile e-flex e-con e-child\" data-id=\"48fb28f3\" data-element_type=\"container\" data-e-type=\"container\">\n\t\t\t\t<\/div>\n\t\t\t\t<\/div>\n\t\t\t\t<\/div>\n\t\t\t\t\t<\/div>\n\t\t\t\t<\/div>\n\t\t<div data-dce-background-color=\"#FFFFFF\" class=\"elementor-element elementor-element-7171cc2 e-flex e-con-boxed e-con e-parent\" data-id=\"7171cc2\" data-element_type=\"container\" data-e-type=\"container\" data-settings=\"{&quot;background_background&quot;:&quot;classic&quot;}\">\n\t\t\t\t\t<div class=\"e-con-inner\">\n\t\t<div data-dce-background-color=\"#3D594B\" class=\"elementor-element elementor-element-3e403d1 e-flex e-con-boxed e-con e-child\" data-id=\"3e403d1\" data-element_type=\"container\" data-e-type=\"container\" id=\"filtroalunos\" data-settings=\"{&quot;background_background&quot;:&quot;classic&quot;}\">\n\t\t\t\t\t<div class=\"e-con-inner\">\n\t\t\t\t<div data-dce-title-color=\"#FFFFFF\" class=\"elementor-element elementor-element-808443d elementor-widget elementor-widget-heading\" data-id=\"808443d\" data-element_type=\"widget\" data-e-type=\"widget\" data-widget_type=\"heading.default\">\n\t\t\t\t<div class=\"elementor-widget-container\">\n\t\t\t\t\t<h3 class=\"elementor-heading-title elementor-size-default\">Filtrar la lista de alumnos<\/h3>\t\t\t\t<\/div>\n\t\t\t\t<\/div>\n\t\t\t\t<div class=\"elementor-element elementor-element-51f230b elementor-widget elementor-widget-shortcode\" data-id=\"51f230b\" data-element_type=\"widget\" data-e-type=\"widget\" data-widget_type=\"shortcode.default\">\n\t\t\t\t<div class=\"elementor-widget-container\">\n\t\t\t\t\t\t\t<div class=\"elementor-shortcode\"><\/div>\n\t\t\t\t\t\t<\/div>\n\t\t\t\t<\/div>\n\t\t\t\t\t<\/div>\n\t\t\t\t<\/div>\n\t\t\t\t\t<\/div>\n\t\t\t\t<\/div>\n\t\t<div data-dce-background-color=\"#FFFFFF\" class=\"elementor-element elementor-element-847ed1a e-flex e-con-boxed e-con e-parent\" data-id=\"847ed1a\" data-element_type=\"container\" data-e-type=\"container\" data-settings=\"{&quot;background_background&quot;:&quot;classic&quot;}\">\n\t\t\t\t\t<div class=\"e-con-inner\">\n\t\t<div class=\"elementor-element elementor-element-7a05f0b e-flex e-con-boxed e-con e-child\" data-id=\"7a05f0b\" data-element_type=\"container\" data-e-type=\"container\">\n\t\t\t\t\t<div class=\"e-con-inner\">\n\t\t\t\t<div class=\"elementor-element elementor-element-240c1c8 elementor-widget elementor-widget-heading\" data-id=\"240c1c8\" data-element_type=\"widget\" data-e-type=\"widget\" data-widget_type=\"heading.default\">\n\t\t\t\t<div class=\"elementor-widget-container\">\n\t\t\t\t\t<h2 class=\"elementor-heading-title elementor-size-default\">Lista general de alumnos formados<\/h2>\t\t\t\t<\/div>\n\t\t\t\t<\/div>\n\t\t\t\t\t<\/div>\n\t\t\t\t<\/div>\n\t\t\t\t<div class=\"elementor-element elementor-element-641744a elementor-grid-1 elementor-grid-tablet-1 elementor-grid-mobile-1 elementor-widget elementor-widget-loop-grid\" data-id=\"641744a\" data-element_type=\"widget\" data-e-type=\"widget\" data-settings=\"{&quot;template_id&quot;:11347,&quot;columns&quot;:1,&quot;pagination_type&quot;:&quot;numbers&quot;,&quot;columns_tablet&quot;:1,&quot;_skin&quot;:&quot;post&quot;,&quot;columns_mobile&quot;:&quot;1&quot;,&quot;edit_handle_selector&quot;:&quot;[data-elementor-type=\\&quot;loop-item\\&quot;]&quot;,&quot;pagination_load_type&quot;:&quot;page_reload&quot;,&quot;row_gap&quot;:{&quot;unit&quot;:&quot;px&quot;,&quot;size&quot;:&quot;&quot;,&quot;sizes&quot;:[]},&quot;row_gap_tablet&quot;:{&quot;unit&quot;:&quot;px&quot;,&quot;size&quot;:&quot;&quot;,&quot;sizes&quot;:[]},&quot;row_gap_mobile&quot;:{&quot;unit&quot;:&quot;px&quot;,&quot;size&quot;:&quot;&quot;,&quot;sizes&quot;:[]}}\" data-widget_type=\"loop-grid.post\">\n\t\t\t\t<div class=\"elementor-widget-container\">\n\t\t\t\t\t\t\t<div class=\"e-loop-nothing-found-message\">\n\t\t<\/div>\n\t\t\t\t\t\t<\/div>\n\t\t\t\t<\/div>\n\t\t\t\t\t<\/div>\n\t\t\t\t<\/div>\n\t\t\t\t<\/div>\n\t\t","protected":false},"excerpt":{"rendered":"<p>Estudiantes formados Programa Capacitar Gear Tips El Programa Capacitar ofrece cursos a empresas colaboradoras del Club , como escuelas de aventura, agencias, operadores, gu\u00edas y conductores que buscan cualificaci\u00f3n. Consulte la lista de alumnos que ya han superado los cursos de formaci\u00f3n. Filtrar la lista de alumnos Lista general de alumnos formados<\/p>\n","protected":false},"author":3,"featured_media":0,"parent":0,"menu_order":0,"comment_status":"closed","ping_status":"closed","template":"","meta":{"_acf_changed":false,"footnotes":""},"class_list":["post-11164","page","type-page","status-publish","hentry"],"blocksy_meta":[],"acf":[],"publishpress_future_action":{"enabled":false,"date":"2026-04-19 02:42:25","action":"change-status","newStatus":"draft","terms":[],"taxonomy":"translation_priority","extraData":[]},"publishpress_future_workflow_manual_trigger":{"enabledWorkflows":[]},"_links":{"self":[{"href":"https:\/\/geartips.com\/es\/wp-json\/wp\/v2\/pages\/11164","targetHints":{"allow":["GET"]}}],"collection":[{"href":"https:\/\/geartips.com\/es\/wp-json\/wp\/v2\/pages"}],"about":[{"href":"https:\/\/geartips.com\/es\/wp-json\/wp\/v2\/types\/page"}],"author":[{"embeddable":true,"href":"https:\/\/geartips.com\/es\/wp-json\/wp\/v2\/users\/3"}],"replies":[{"embeddable":true,"href":"https:\/\/geartips.com\/es\/wp-json\/wp\/v2\/comments?post=11164"}],"version-history":[{"count":5,"href":"https:\/\/geartips.com\/es\/wp-json\/wp\/v2\/pages\/11164\/revisions"}],"predecessor-version":[{"id":13713,"href":"https:\/\/geartips.com\/es\/wp-json\/wp\/v2\/pages\/11164\/revisions\/13713"}],"wp:attachment":[{"href":"https:\/\/geartips.com\/es\/wp-json\/wp\/v2\/media?parent=11164"}],"curies":[{"name":"wp","href":"https:\/\/api.w.org\/{rel}","templated":true}]}}