{"id":11147,"date":"2023-12-27T15:06:14","date_gmt":"2023-12-27T18:06:14","guid":{"rendered":"https:\/\/geartips.com\/cumbre-al-aire-libre\/"},"modified":"2025-11-12T19:32:51","modified_gmt":"2025-11-12T22:32:51","slug":"cumbre-al-aire-libre","status":"publish","type":"page","link":"https:\/\/geartips.com\/es\/cumbre-al-aire-libre\/","title":{"rendered":"Outdoor Summit"},"content":{"rendered":"\t\t<div data-elementor-type=\"wp-page\" data-elementor-id=\"11147\" class=\"elementor elementor-11147 elementor-23\" data-elementor-post-type=\"page\">\n\t\t\t\t<div data-dce-background-color=\"#070505\" data-dce-background-overlay-color=\"#00000000\" data-dce-background-image-url=\"https:\/\/geartips.com\/wp-content\/uploads\/2024\/02\/gear-tips-bg-9.webp\" class=\"elementor-element elementor-element-4b6d3ac5 e-flex e-con-boxed e-con e-parent\" data-id=\"4b6d3ac5\" data-element_type=\"container\" data-e-type=\"container\" data-settings=\"{&quot;background_background&quot;:&quot;classic&quot;}\">\n\t\t\t\t\t<div class=\"e-con-inner\">\n\t\t<div class=\"elementor-element elementor-element-5c00d4e1 e-con-full e-flex e-con e-child\" data-id=\"5c00d4e1\" data-element_type=\"container\" data-e-type=\"container\">\n\t\t<div class=\"elementor-element elementor-element-2685bc5 e-flex e-con-boxed e-con e-child\" data-id=\"2685bc5\" data-element_type=\"container\" data-e-type=\"container\">\n\t\t\t\t\t<div class=\"e-con-inner\">\n\t\t\t\t<div data-dce-title-color=\"#FFFFFF\" class=\"elementor-element elementor-element-78dcd4b9 elementor-widget elementor-widget-heading\" data-id=\"78dcd4b9\" data-element_type=\"widget\" data-e-type=\"widget\" data-widget_type=\"heading.default\">\n\t\t\t\t<div class=\"elementor-widget-container\">\n\t\t\t\t\t<h1 class=\"elementor-heading-title elementor-size-default\">Outdoor Summit<\/h1>\t\t\t\t<\/div>\n\t\t\t\t<\/div>\n\t\t\t\t<div data-dce-title-color=\"#FFFFFF\" class=\"elementor-element elementor-element-6e799feb elementor-widget elementor-widget-heading\" data-id=\"6e799feb\" data-element_type=\"widget\" data-e-type=\"widget\" data-widget_type=\"heading.default\">\n\t\t\t\t<div class=\"elementor-widget-container\">\n\t\t\t\t\t<h2 class=\"elementor-heading-title elementor-size-default\">Congresos en l\u00ednea<\/h2>\t\t\t\t<\/div>\n\t\t\t\t<\/div>\n\t\t\t\t\t<\/div>\n\t\t\t\t<\/div>\n\t\t<div class=\"elementor-element elementor-element-49aa1b62 e-con-full e-flex e-con e-child\" data-id=\"49aa1b62\" data-element_type=\"container\" data-e-type=\"container\">\n\t\t<div class=\"elementor-element elementor-element-28d492cb e-con-full e-flex e-con e-child\" data-id=\"28d492cb\" data-element_type=\"container\" data-e-type=\"container\">\n\t\t\t\t<div data-dce-text-color=\"#FFFFFF\" class=\"elementor-element elementor-element-8ddd39b elementor-widget elementor-widget-text-editor\" data-id=\"8ddd39b\" data-element_type=\"widget\" data-e-type=\"widget\" data-widget_type=\"text-editor.default\">\n\t\t\t\t<div class=\"elementor-widget-container\">\n\t\t\t\t\t\t\t\t\t<p>Gear Tips Outdoor Summit es el \u00faltimo cap\u00edtulo de nuestro viaje para compartir conocimientos y experiencias en el mundo de las actividades al aire libre.<\/p>\n<p>Ya hemos celebrado 4 Congresos Online dedicados al Trekking y al Trail running. &nbsp; El \u00e9xito de estos eventos, junto con la creciente demanda de contenidos de calidad y la oportunidad de llegar a un p\u00fablico mundial, nos inspir\u00f3 para evolucionar hacia algo a\u00fan mayor y m\u00e1s completo.<\/p>\t\t\t\t\t\t\t\t<\/div>\n\t\t\t\t<\/div>\n\t\t\t\t<div class=\"elementor-element elementor-element-cc828b3 elementor-align-left elementor-mobile-align-center elementor-tablet-align-left elementor-widget elementor-widget-button\" data-id=\"cc828b3\" data-element_type=\"widget\" data-e-type=\"widget\" data-widget_type=\"button.default\">\n\t\t\t\t<div class=\"elementor-widget-container\">\n\t\t\t\t\t\t\t\t\t<div class=\"elementor-button-wrapper\">\n\t\t\t\t\t<a class=\"elementor-button elementor-button-link elementor-size-md\" href=\"#ja-realizados\">\n\t\t\t\t\t\t<span class=\"elementor-button-content-wrapper\">\n\t\t\t\t\t\t<span class=\"elementor-button-icon\">\n\t\t\t\t\t\t\t<\/span>\n\t\t\t\t\t\t\t\t\t<span class=\"elementor-button-text\">VER LOS CONGRESOS YA CELEBRADOS<\/span>\n\t\t\t\t\t<\/span>\n\t\t\t\t\t<\/a>\n\t\t\t\t<\/div>\n\t\t\t\t\t\t\t\t<\/div>\n\t\t\t\t<\/div>\n\t\t\t\t<\/div>\n\t\t<div class=\"elementor-element elementor-element-3fac25d7 e-con-full elementor-hidden-tablet elementor-hidden-mobile e-flex e-con e-child\" data-id=\"3fac25d7\" data-element_type=\"container\" data-e-type=\"container\">\n\t\t\t\t<\/div>\n\t\t\t\t<\/div>\n\t\t\t\t<\/div>\n\t\t\t\t\t<\/div>\n\t\t\t\t<\/div>\n\t\t<div class=\"elementor-element elementor-element-001822f e-flex e-con-boxed e-con e-parent\" data-id=\"001822f\" data-element_type=\"container\" data-e-type=\"container\">\n\t\t\t\t\t<div class=\"e-con-inner\">\n\t\t<div class=\"elementor-element elementor-element-023162d e-con-full e-flex e-con e-child\" data-id=\"023162d\" data-element_type=\"container\" data-e-type=\"container\">\n\t\t\t\t<div class=\"elementor-element elementor-element-718ab0b elementor-widget elementor-widget-heading\" data-id=\"718ab0b\" data-element_type=\"widget\" data-e-type=\"widget\" data-widget_type=\"heading.default\">\n\t\t\t\t<div class=\"elementor-widget-container\">\n\t\t\t\t\t<h2 class=\"elementor-heading-title elementor-size-default\">Una nueva propuesta<\/h2>\t\t\t\t<\/div>\n\t\t\t\t<\/div>\n\t\t\t\t<div class=\"elementor-element elementor-element-e337cdc elementor-widget elementor-widget-text-editor\" data-id=\"e337cdc\" data-element_type=\"widget\" data-e-type=\"widget\" data-widget_type=\"text-editor.default\">\n\t\t\t\t<div class=\"elementor-widget-container\">\n\t\t\t\t\t\t\t\t\t<p>Outdoor Summit Gear Tips marca una nueva etapa en el compromiso de &#8216;s de formar a las personas en distintos tipos de actividades al aire libre, para que puedan disfrutar de experiencias en la naturaleza de forma segura, gratificante y sostenible.<\/p>\n<p>Gear Tips Outdoor Summit El objetivo es ser un evento en l\u00ednea inclusivo y diverso en el que entusiastas de diversas disciplinas puedan reunirse para compartir conocimientos, aprender e inspirarse. Le ofreceremos un amplio abanico de temas, intereses y disciplinas -desde acampadas hasta alpinismo de alta monta\u00f1a, desde senderismo hasta cicloturismo- con ponentes de renombre y expertos de todo el mundo.<\/p>\n\t\t\t\t\t\t\t\t<\/div>\n\t\t\t\t<\/div>\n\t\t\t\t<\/div>\n\t\t<div data-dce-background-color=\"#3D594B\" class=\"elementor-element elementor-element-a4a13f4 e-con-full e-flex e-con e-child\" data-id=\"a4a13f4\" data-element_type=\"container\" data-e-type=\"container\" data-settings=\"{&quot;background_background&quot;:&quot;classic&quot;}\">\n\t\t\t\t<div data-dce-title-color=\"#FFFFFF\" class=\"elementor-element elementor-element-3da161c elementor-widget elementor-widget-heading\" data-id=\"3da161c\" data-element_type=\"widget\" data-e-type=\"widget\" data-widget_type=\"heading.default\">\n\t\t\t\t<div class=\"elementor-widget-container\">\n\t\t\t\t\t<h3 class=\"elementor-heading-title elementor-size-default\">\u00c1reas de inter\u00e9s<\/h3>\t\t\t\t<\/div>\n\t\t\t\t<\/div>\n\t\t\t\t<div data-dce-text-color=\"#FFFFFF\" class=\"elementor-element elementor-element-2e547b3 elementor-widget elementor-widget-text-editor\" data-id=\"2e547b3\" data-element_type=\"widget\" data-e-type=\"widget\" data-widget_type=\"text-editor.default\">\n\t\t\t\t<div class=\"elementor-widget-container\">\n\t\t\t\t\t\t\t\t\t<p>Gear Tips Outdoor Summit Como , se basa en cinco \u00e1reas principales de inter\u00e9s:<\/p>\n<ul>\n<li>Acondicionamiento f\u00edsico y mental<\/li>\n<li>Equipamiento y tecnolog\u00eda<\/li>\n<li>Competencias t\u00e9cnicas<\/li>\n<li>Sostenibilidad<\/li>\n<li>Destinos<\/li>\n<\/ul>\n\t\t\t\t\t\t\t\t<\/div>\n\t\t\t\t<\/div>\n\t\t\t\t<\/div>\n\t\t\t\t\t<\/div>\n\t\t\t\t<\/div>\n\t\t<div class=\"elementor-element elementor-element-67d7ed57 e-flex e-con-boxed e-con e-parent\" data-id=\"67d7ed57\" data-element_type=\"container\" data-e-type=\"container\">\n\t\t\t\t\t<div class=\"e-con-inner\">\n\t\t<div class=\"elementor-element elementor-element-1fefbce8 e-flex e-con-boxed e-con e-child\" data-id=\"1fefbce8\" data-element_type=\"container\" data-e-type=\"container\">\n\t\t\t\t\t<div class=\"e-con-inner\">\n\t\t\t\t<div class=\"elementor-element elementor-element-8821313 elementor-widget elementor-widget-heading\" data-id=\"8821313\" data-element_type=\"widget\" data-e-type=\"widget\" id=\"ja-realizados\" data-widget_type=\"heading.default\">\n\t\t\t\t<div class=\"elementor-widget-container\">\n\t\t\t\t\t<h2 class=\"elementor-heading-title elementor-size-default\">Vea los acontecimientos que ya han tenido lugar<\/h2>\t\t\t\t<\/div>\n\t\t\t\t<\/div>\n\t\t\t\t<div class=\"elementor-element elementor-element-1fc2084a elementor-widget elementor-widget-text-editor\" data-id=\"1fc2084a\" data-element_type=\"widget\" data-e-type=\"widget\" data-widget_type=\"text-editor.default\">\n\t\t\t\t<div class=\"elementor-widget-container\">\n\t\t\t\t\t\t\t\t\t<p style=\"text-align: center;\">Ediciones anteriores<\/p>\n\t\t\t\t\t\t\t\t<\/div>\n\t\t\t\t<\/div>\n\t\t\t\t\t<\/div>\n\t\t\t\t<\/div>\n\t\t\t\t\t<\/div>\n\t\t\t\t<\/div>\n\t\t<div class=\"elementor-element elementor-element-57a3fce e-flex e-con-boxed e-con e-parent\" data-id=\"57a3fce\" data-element_type=\"container\" data-e-type=\"container\">\n\t\t\t\t\t<div class=\"e-con-inner\">\n\t\t<div class=\"elementor-element elementor-element-d734710 e-con-full e-flex e-con e-child\" data-id=\"d734710\" data-element_type=\"container\" data-e-type=\"container\">\n\t\t<a data-dce-background-color=\"#406854\" data-dce-background-hover-color=\"#AB4B27\" class=\"elementor-element elementor-element-c40dd99 e-transform e-con-full card-congresso e-flex e-con e-child\" data-id=\"c40dd99\" data-element_type=\"container\" data-e-type=\"container\" data-settings=\"{&quot;background_background&quot;:&quot;classic&quot;,&quot;_transform_translateY_effect_hover&quot;:{&quot;unit&quot;:&quot;px&quot;,&quot;size&quot;:-5,&quot;sizes&quot;:[]},&quot;_transform_translateX_effect_hover&quot;:{&quot;unit&quot;:&quot;px&quot;,&quot;size&quot;:&quot;&quot;,&quot;sizes&quot;:[]},&quot;_transform_translateX_effect_hover_tablet&quot;:{&quot;unit&quot;:&quot;px&quot;,&quot;size&quot;:&quot;&quot;,&quot;sizes&quot;:[]},&quot;_transform_translateX_effect_hover_mobile&quot;:{&quot;unit&quot;:&quot;px&quot;,&quot;size&quot;:&quot;&quot;,&quot;sizes&quot;:[]},&quot;_transform_translateY_effect_hover_tablet&quot;:{&quot;unit&quot;:&quot;px&quot;,&quot;size&quot;:&quot;&quot;,&quot;sizes&quot;:[]},&quot;_transform_translateY_effect_hover_mobile&quot;:{&quot;unit&quot;:&quot;px&quot;,&quot;size&quot;:&quot;&quot;,&quot;sizes&quot;:[]}}\" href=\"https:\/\/geartips.com\/es\/cumbre-al-aire-libre\/congreso-de-trail-running-en-linea-2020\/\">\n\t\t\t\t<div class=\"elementor-element elementor-element-008e202 dce_masking-none elementor-widget elementor-widget-image\" data-id=\"008e202\" data-element_type=\"widget\" data-e-type=\"widget\" data-widget_type=\"image.default\">\n\t\t\t\t<div class=\"elementor-widget-container\">\n\t\t\t\t\t\t\t\t\t\t\t\t\t\t\t<img fetchpriority=\"high\" decoding=\"async\" width=\"511\" height=\"272\" src=\"https:\/\/geartips.com\/wp-content\/uploads\/2024\/02\/congresso-trail-2020-capa.jpg\" class=\"attachment-large size-large wp-image-1020\" alt=\"\" srcset=\"https:\/\/geartips.com\/wp-content\/uploads\/2024\/02\/congresso-trail-2020-capa.jpg 511w, https:\/\/geartips.com\/wp-content\/uploads\/2024\/02\/congresso-trail-2020-capa-300x160.jpg 300w\" sizes=\"(max-width: 511px) 100vw, 511px\" \/>\t\t\t\t\t\t\t\t\t\t\t\t\t\t\t<\/div>\n\t\t\t\t<\/div>\n\t\t\t\t<div data-dce-title-color=\"#FFFFFF\" data-dce-advanced-background-color=\"#32473C\" class=\"elementor-element elementor-element-a30366c elementor-widget elementor-widget-heading\" data-id=\"a30366c\" data-element_type=\"widget\" data-e-type=\"widget\" data-widget_type=\"heading.default\">\n\t\t\t\t<div class=\"elementor-widget-container\">\n\t\t\t\t\t<p class=\"elementor-heading-title elementor-size-default\">2020<\/p>\t\t\t\t<\/div>\n\t\t\t\t<\/div>\n\t\t\t\t<div data-dce-title-color=\"#FFFFFF\" class=\"elementor-element elementor-element-98f7067 elementor-widget elementor-widget-heading\" data-id=\"98f7067\" data-element_type=\"widget\" data-e-type=\"widget\" data-widget_type=\"heading.default\">\n\t\t\t\t<div class=\"elementor-widget-container\">\n\t\t\t\t\t<h3 class=\"elementor-heading-title elementor-size-default\">2\u00ba Congreso Online de Trail Running Gear Tips<\/h3>\t\t\t\t<\/div>\n\t\t\t\t<\/div>\n\t\t\t\t<\/a>\n\t\t\t\t<\/div>\n\t\t<div class=\"elementor-element elementor-element-d38075c e-con-full e-flex e-con e-child\" data-id=\"d38075c\" data-element_type=\"container\" data-e-type=\"container\">\n\t\t<a data-dce-background-color=\"#406854\" data-dce-background-hover-color=\"#AB4B27\" class=\"elementor-element elementor-element-808ee5a e-transform e-con-full card-congresso e-flex e-con e-child\" data-id=\"808ee5a\" data-element_type=\"container\" data-e-type=\"container\" data-settings=\"{&quot;background_background&quot;:&quot;classic&quot;,&quot;_transform_translateY_effect_hover&quot;:{&quot;unit&quot;:&quot;px&quot;,&quot;size&quot;:-5,&quot;sizes&quot;:[]},&quot;_transform_translateX_effect_hover&quot;:{&quot;unit&quot;:&quot;px&quot;,&quot;size&quot;:&quot;&quot;,&quot;sizes&quot;:[]},&quot;_transform_translateX_effect_hover_tablet&quot;:{&quot;unit&quot;:&quot;px&quot;,&quot;size&quot;:&quot;&quot;,&quot;sizes&quot;:[]},&quot;_transform_translateX_effect_hover_mobile&quot;:{&quot;unit&quot;:&quot;px&quot;,&quot;size&quot;:&quot;&quot;,&quot;sizes&quot;:[]},&quot;_transform_translateY_effect_hover_tablet&quot;:{&quot;unit&quot;:&quot;px&quot;,&quot;size&quot;:&quot;&quot;,&quot;sizes&quot;:[]},&quot;_transform_translateY_effect_hover_mobile&quot;:{&quot;unit&quot;:&quot;px&quot;,&quot;size&quot;:&quot;&quot;,&quot;sizes&quot;:[]}}\" href=\"https:\/\/geartips.com\/es\/cumbre-al-aire-libre\/congreso-de-senderismo-en-linea-2019\/\">\n\t\t\t\t<div class=\"elementor-element elementor-element-75a6c84 dce_masking-none elementor-widget elementor-widget-image\" data-id=\"75a6c84\" data-element_type=\"widget\" data-e-type=\"widget\" data-widget_type=\"image.default\">\n\t\t\t\t<div class=\"elementor-widget-container\">\n\t\t\t\t\t\t\t\t\t\t\t\t\t\t\t<img decoding=\"async\" width=\"511\" height=\"272\" src=\"https:\/\/geartips.com\/wp-content\/uploads\/2024\/02\/congresso-trekking-2019-capa.jpg\" class=\"attachment-large size-large wp-image-1021\" alt=\"\" srcset=\"https:\/\/geartips.com\/wp-content\/uploads\/2024\/02\/congresso-trekking-2019-capa.jpg 511w, https:\/\/geartips.com\/wp-content\/uploads\/2024\/02\/congresso-trekking-2019-capa-300x160.jpg 300w\" sizes=\"(max-width: 511px) 100vw, 511px\" \/>\t\t\t\t\t\t\t\t\t\t\t\t\t\t\t<\/div>\n\t\t\t\t<\/div>\n\t\t\t\t<div data-dce-title-color=\"#FFFFFF\" data-dce-advanced-background-color=\"#32473C\" class=\"elementor-element elementor-element-f0a1420 elementor-widget elementor-widget-heading\" data-id=\"f0a1420\" data-element_type=\"widget\" data-e-type=\"widget\" data-widget_type=\"heading.default\">\n\t\t\t\t<div class=\"elementor-widget-container\">\n\t\t\t\t\t<p class=\"elementor-heading-title elementor-size-default\">2019<\/p>\t\t\t\t<\/div>\n\t\t\t\t<\/div>\n\t\t\t\t<div data-dce-title-color=\"#FFFFFF\" class=\"elementor-element elementor-element-9c22ba3 elementor-widget elementor-widget-heading\" data-id=\"9c22ba3\" data-element_type=\"widget\" data-e-type=\"widget\" data-widget_type=\"heading.default\">\n\t\t\t\t<div class=\"elementor-widget-container\">\n\t\t\t\t\t<h3 class=\"elementor-heading-title elementor-size-default\">2\u00ba Congreso de Senderismo Online Gear Tips<\/h3>\t\t\t\t<\/div>\n\t\t\t\t<\/div>\n\t\t\t\t<\/a>\n\t\t\t\t<\/div>\n\t\t<div class=\"elementor-element elementor-element-cfa819a e-con-full e-flex e-con e-child\" data-id=\"cfa819a\" data-element_type=\"container\" data-e-type=\"container\">\n\t\t<a data-dce-background-color=\"#406854\" data-dce-background-hover-color=\"#AB4B27\" class=\"elementor-element elementor-element-9188859 e-transform e-con-full card-congresso e-flex e-con e-child\" data-id=\"9188859\" data-element_type=\"container\" data-e-type=\"container\" data-settings=\"{&quot;background_background&quot;:&quot;classic&quot;,&quot;_transform_translateY_effect_hover&quot;:{&quot;unit&quot;:&quot;px&quot;,&quot;size&quot;:-5,&quot;sizes&quot;:[]},&quot;_transform_translateX_effect_hover&quot;:{&quot;unit&quot;:&quot;px&quot;,&quot;size&quot;:&quot;&quot;,&quot;sizes&quot;:[]},&quot;_transform_translateX_effect_hover_tablet&quot;:{&quot;unit&quot;:&quot;px&quot;,&quot;size&quot;:&quot;&quot;,&quot;sizes&quot;:[]},&quot;_transform_translateX_effect_hover_mobile&quot;:{&quot;unit&quot;:&quot;px&quot;,&quot;size&quot;:&quot;&quot;,&quot;sizes&quot;:[]},&quot;_transform_translateY_effect_hover_tablet&quot;:{&quot;unit&quot;:&quot;px&quot;,&quot;size&quot;:&quot;&quot;,&quot;sizes&quot;:[]},&quot;_transform_translateY_effect_hover_mobile&quot;:{&quot;unit&quot;:&quot;px&quot;,&quot;size&quot;:&quot;&quot;,&quot;sizes&quot;:[]}}\" href=\"https:\/\/geartips.com\/es\/cumbre-al-aire-libre\/congreso-de-trail-running-en-linea-2019\/\">\n\t\t\t\t<div class=\"elementor-element elementor-element-4bf75c2 dce_masking-none elementor-widget elementor-widget-image\" data-id=\"4bf75c2\" data-element_type=\"widget\" data-e-type=\"widget\" data-widget_type=\"image.default\">\n\t\t\t\t<div class=\"elementor-widget-container\">\n\t\t\t\t\t\t\t\t\t\t\t\t\t\t\t<img decoding=\"async\" width=\"511\" height=\"272\" src=\"https:\/\/geartips.com\/wp-content\/uploads\/2024\/02\/congresso-trail-2019-capa.jpg\" class=\"attachment-large size-large wp-image-1019\" alt=\"\" srcset=\"https:\/\/geartips.com\/wp-content\/uploads\/2024\/02\/congresso-trail-2019-capa.jpg 511w, https:\/\/geartips.com\/wp-content\/uploads\/2024\/02\/congresso-trail-2019-capa-300x160.jpg 300w\" sizes=\"(max-width: 511px) 100vw, 511px\" \/>\t\t\t\t\t\t\t\t\t\t\t\t\t\t\t<\/div>\n\t\t\t\t<\/div>\n\t\t\t\t<div data-dce-title-color=\"#FFFFFF\" data-dce-advanced-background-color=\"#32473C\" class=\"elementor-element elementor-element-b52e48d elementor-widget elementor-widget-heading\" data-id=\"b52e48d\" data-element_type=\"widget\" data-e-type=\"widget\" data-widget_type=\"heading.default\">\n\t\t\t\t<div class=\"elementor-widget-container\">\n\t\t\t\t\t<p class=\"elementor-heading-title elementor-size-default\">2019<\/p>\t\t\t\t<\/div>\n\t\t\t\t<\/div>\n\t\t\t\t<div data-dce-title-color=\"#FFFFFF\" class=\"elementor-element elementor-element-80b61cf elementor-widget elementor-widget-heading\" data-id=\"80b61cf\" data-element_type=\"widget\" data-e-type=\"widget\" data-widget_type=\"heading.default\">\n\t\t\t\t<div class=\"elementor-widget-container\">\n\t\t\t\t\t<h3 class=\"elementor-heading-title elementor-size-default\">1er Congreso Online de Trail Running Gear Tips<\/h3>\t\t\t\t<\/div>\n\t\t\t\t<\/div>\n\t\t\t\t<\/a>\n\t\t\t\t<\/div>\n\t\t<div class=\"elementor-element elementor-element-c04cf1f e-con-full e-flex e-con e-child\" data-id=\"c04cf1f\" data-element_type=\"container\" data-e-type=\"container\">\n\t\t<a data-dce-background-color=\"#406854\" data-dce-background-hover-color=\"#AB4B27\" class=\"elementor-element elementor-element-535f4d8 e-transform e-con-full card-congresso e-flex e-con e-child\" data-id=\"535f4d8\" data-element_type=\"container\" data-e-type=\"container\" data-settings=\"{&quot;background_background&quot;:&quot;classic&quot;,&quot;_transform_translateY_effect_hover&quot;:{&quot;unit&quot;:&quot;px&quot;,&quot;size&quot;:-5,&quot;sizes&quot;:[]},&quot;_transform_translateX_effect_hover&quot;:{&quot;unit&quot;:&quot;px&quot;,&quot;size&quot;:&quot;&quot;,&quot;sizes&quot;:[]},&quot;_transform_translateX_effect_hover_tablet&quot;:{&quot;unit&quot;:&quot;px&quot;,&quot;size&quot;:&quot;&quot;,&quot;sizes&quot;:[]},&quot;_transform_translateX_effect_hover_mobile&quot;:{&quot;unit&quot;:&quot;px&quot;,&quot;size&quot;:&quot;&quot;,&quot;sizes&quot;:[]},&quot;_transform_translateY_effect_hover_tablet&quot;:{&quot;unit&quot;:&quot;px&quot;,&quot;size&quot;:&quot;&quot;,&quot;sizes&quot;:[]},&quot;_transform_translateY_effect_hover_mobile&quot;:{&quot;unit&quot;:&quot;px&quot;,&quot;size&quot;:&quot;&quot;,&quot;sizes&quot;:[]}}\" href=\"https:\/\/geartips.com\/es\/cumbre-al-aire-libre\/congreso-de-senderismo-en-linea-2018\/\">\n\t\t\t\t<div class=\"elementor-element elementor-element-d86c149 dce_masking-none elementor-widget elementor-widget-image\" data-id=\"d86c149\" data-element_type=\"widget\" data-e-type=\"widget\" data-widget_type=\"image.default\">\n\t\t\t\t<div class=\"elementor-widget-container\">\n\t\t\t\t\t\t\t\t\t\t\t\t\t\t\t<img loading=\"lazy\" decoding=\"async\" width=\"511\" height=\"272\" src=\"https:\/\/geartips.com\/wp-content\/uploads\/2024\/02\/congresso-trekking-2018-capa.jpg\" class=\"attachment-large size-large wp-image-1012\" alt=\"\" srcset=\"https:\/\/geartips.com\/wp-content\/uploads\/2024\/02\/congresso-trekking-2018-capa.jpg 511w, https:\/\/geartips.com\/wp-content\/uploads\/2024\/02\/congresso-trekking-2018-capa-300x160.jpg 300w\" sizes=\"(max-width: 511px) 100vw, 511px\" \/>\t\t\t\t\t\t\t\t\t\t\t\t\t\t\t<\/div>\n\t\t\t\t<\/div>\n\t\t\t\t<div data-dce-title-color=\"#FFFFFF\" data-dce-advanced-background-color=\"#32473C\" class=\"elementor-element elementor-element-8df5980 elementor-widget elementor-widget-heading\" data-id=\"8df5980\" data-element_type=\"widget\" data-e-type=\"widget\" data-widget_type=\"heading.default\">\n\t\t\t\t<div class=\"elementor-widget-container\">\n\t\t\t\t\t<p class=\"elementor-heading-title elementor-size-default\">2018<\/p>\t\t\t\t<\/div>\n\t\t\t\t<\/div>\n\t\t\t\t<div data-dce-title-color=\"#FFFFFF\" class=\"elementor-element elementor-element-9633ed8 elementor-widget elementor-widget-heading\" data-id=\"9633ed8\" data-element_type=\"widget\" data-e-type=\"widget\" data-widget_type=\"heading.default\">\n\t\t\t\t<div class=\"elementor-widget-container\">\n\t\t\t\t\t<h3 class=\"elementor-heading-title elementor-size-default\">1er Congreso de Senderismo Online Gear Tips<\/h3>\t\t\t\t<\/div>\n\t\t\t\t<\/div>\n\t\t\t\t<\/a>\n\t\t\t\t<\/div>\n\t\t\t\t\t<\/div>\n\t\t\t\t<\/div>\n\t\t\t\t<\/div>\n\t\t","protected":false},"excerpt":{"rendered":"<p>Outdoor Summit Congresos en l\u00ednea Gear Tips Outdoor Summit es el \u00faltimo cap\u00edtulo de nuestro viaje para compartir conocimientos y experiencias en el mundo de las actividades al aire libre. Ya hemos celebrado 4 Congresos Online dedicados al Trekking y al Trail running. &nbsp; El \u00e9xito de estos eventos, junto con la creciente demanda de [&hellip;]<\/p>\n","protected":false},"author":3,"featured_media":0,"parent":0,"menu_order":0,"comment_status":"closed","ping_status":"closed","template":"","meta":{"_acf_changed":false,"footnotes":""},"class_list":["post-11147","page","type-page","status-publish","hentry"],"blocksy_meta":[],"acf":[],"publishpress_future_action":{"enabled":false,"date":"2026-04-21 12:16:47","action":"change-status","newStatus":"draft","terms":[],"taxonomy":"translation_priority","extraData":[]},"publishpress_future_workflow_manual_trigger":{"enabledWorkflows":[]},"_links":{"self":[{"href":"https:\/\/geartips.com\/es\/wp-json\/wp\/v2\/pages\/11147","targetHints":{"allow":["GET"]}}],"collection":[{"href":"https:\/\/geartips.com\/es\/wp-json\/wp\/v2\/pages"}],"about":[{"href":"https:\/\/geartips.com\/es\/wp-json\/wp\/v2\/types\/page"}],"author":[{"embeddable":true,"href":"https:\/\/geartips.com\/es\/wp-json\/wp\/v2\/users\/3"}],"replies":[{"embeddable":true,"href":"https:\/\/geartips.com\/es\/wp-json\/wp\/v2\/comments?post=11147"}],"version-history":[{"count":5,"href":"https:\/\/geartips.com\/es\/wp-json\/wp\/v2\/pages\/11147\/revisions"}],"predecessor-version":[{"id":16907,"href":"https:\/\/geartips.com\/es\/wp-json\/wp\/v2\/pages\/11147\/revisions\/16907"}],"wp:attachment":[{"href":"https:\/\/geartips.com\/es\/wp-json\/wp\/v2\/media?parent=11147"}],"curies":[{"name":"wp","href":"https:\/\/api.w.org\/{rel}","templated":true}]}}