{"id":11194,"date":"2024-02-15T10:43:37","date_gmt":"2024-02-15T13:43:37","guid":{"rendered":"https:\/\/geartips.com\/stay-in-the-know\/"},"modified":"2024-05-30T16:30:27","modified_gmt":"2024-05-30T19:30:27","slug":"contact-us","status":"publish","type":"page","link":"https:\/\/geartips.com\/en\/contact-us\/","title":{"rendered":"Contact us"},"content":{"rendered":"\t\t<div data-elementor-type=\"wp-page\" data-elementor-id=\"11194\" class=\"elementor elementor-11194 elementor-3660\" data-elementor-post-type=\"page\">\n\t\t\t\t<div class=\"elementor-element elementor-element-1a04485 e-con-full e-flex e-con e-parent\" data-id=\"1a04485\" data-element_type=\"container\" data-e-type=\"container\" data-settings=\"{&quot;background_background&quot;:&quot;classic&quot;}\">\n\t\t<div data-dce-background-color=\"#ECECEC\" data-dce-background-overlay-color=\"#00000000\" data-dce-background-image-url=\"https:\/\/geartips.com\/wp-content\/uploads\/2024\/02\/fale-conosco-gear-tips-4.jpg\" class=\"elementor-element elementor-element-c9b86ae e-flex e-con-boxed e-con e-child\" data-id=\"c9b86ae\" data-element_type=\"container\" data-e-type=\"container\" data-settings=\"{&quot;background_background&quot;:&quot;classic&quot;}\">\n\t\t\t\t\t<div class=\"e-con-inner\">\n\t\t<div class=\"elementor-element elementor-element-c5f6682 e-con-full e-flex e-con e-child\" data-id=\"c5f6682\" data-element_type=\"container\" data-e-type=\"container\">\n\t\t<div class=\"elementor-element elementor-element-339c507 e-flex e-con-boxed e-con e-child\" data-id=\"339c507\" data-element_type=\"container\" data-e-type=\"container\">\n\t\t\t\t\t<div class=\"e-con-inner\">\n\t\t\t\t<div data-dce-title-color=\"#FFFFFF\" class=\"elementor-element elementor-element-f1d9240 elementor-widget elementor-widget-heading\" data-id=\"f1d9240\" data-element_type=\"widget\" data-e-type=\"widget\" data-widget_type=\"heading.default\">\n\t\t\t\t<div class=\"elementor-widget-container\">\n\t\t\t\t\t<h1 class=\"elementor-heading-title elementor-size-default\">Contact Us<\/h1>\t\t\t\t<\/div>\n\t\t\t\t<\/div>\n\t\t\t\t\t<\/div>\n\t\t\t\t<\/div>\n\t\t<div class=\"elementor-element elementor-element-66cabb0 e-con-full e-flex e-con e-child\" data-id=\"66cabb0\" data-element_type=\"container\" data-e-type=\"container\">\n\t\t<div class=\"elementor-element elementor-element-b886779 e-con-full e-flex e-con e-child\" data-id=\"b886779\" data-element_type=\"container\" data-e-type=\"container\">\n\t\t\t\t<div data-dce-title-color=\"#FFFFFF\" class=\"elementor-element elementor-element-5125c4b elementor-widget elementor-widget-heading\" data-id=\"5125c4b\" data-element_type=\"widget\" data-e-type=\"widget\" data-widget_type=\"heading.default\">\n\t\t\t\t<div class=\"elementor-widget-container\">\n\t\t\t\t\t<h2 class=\"elementor-heading-title elementor-size-default\">To keep up to date with our actions, promotions, videos, posts, articles, partners, courses and news, you can follow us on social networks, notification channels or by subscribing to our newsletter. What do you prefer?<\/h2>\t\t\t\t<\/div>\n\t\t\t\t<\/div>\n\t\t\t\t<\/div>\n\t\t<div class=\"elementor-element elementor-element-334c13d e-con-full elementor-hidden-tablet elementor-hidden-mobile e-flex e-con e-child\" data-id=\"334c13d\" data-element_type=\"container\" data-e-type=\"container\">\n\t\t\t\t<\/div>\n\t\t\t\t<\/div>\n\t\t\t\t<\/div>\n\t\t\t\t\t<\/div>\n\t\t\t\t<\/div>\n\t\t\t\t<\/div>\n\t\t<div data-dce-background-color=\"#FFFFFF\" class=\"elementor-element elementor-element-f987cfd e-flex e-con-boxed e-con e-parent\" data-id=\"f987cfd\" data-element_type=\"container\" data-e-type=\"container\" data-settings=\"{&quot;background_background&quot;:&quot;classic&quot;}\">\n\t\t\t\t\t<div class=\"e-con-inner\">\n\t\t<div class=\"elementor-element elementor-element-8060867 e-flex e-con-boxed e-con e-child\" data-id=\"8060867\" data-element_type=\"container\" data-e-type=\"container\">\n\t\t\t\t\t<div class=\"e-con-inner\">\n\t\t\t\t<div class=\"elementor-element elementor-element-dbc56f4 elementor-widget elementor-widget-heading\" data-id=\"dbc56f4\" data-element_type=\"widget\" data-e-type=\"widget\" data-widget_type=\"heading.default\">\n\t\t\t\t<div class=\"elementor-widget-container\">\n\t\t\t\t\t<h3 class=\"elementor-heading-title elementor-size-default\">Want to talk to our team?<\/h3>\t\t\t\t<\/div>\n\t\t\t\t<\/div>\n\t\t\t\t<div class=\"elementor-element elementor-element-94a7839 elementor-position-inline-start elementor-view-default elementor-mobile-position-block-start elementor-widget elementor-widget-icon-box\" data-id=\"94a7839\" data-element_type=\"widget\" data-e-type=\"widget\" data-widget_type=\"icon-box.default\">\n\t\t\t\t<div class=\"elementor-widget-container\">\n\t\t\t\t\t\t\t<div class=\"elementor-icon-box-wrapper\">\n\n\t\t\t\t\t\t<div class=\"elementor-icon-box-icon\">\n\t\t\t\t<span  class=\"elementor-icon\">\n\t\t\t\t<svg aria-hidden=\"true\" class=\"e-font-icon-svg e-fas-envelope\" viewBox=\"0 0 512 512\" xmlns=\"http:\/\/www.w3.org\/2000\/svg\"><path d=\"M502.3 190.8c3.9-3.1 9.7-.2 9.7 4.7V400c0 26.5-21.5 48-48 48H48c-26.5 0-48-21.5-48-48V195.6c0-5 5.7-7.8 9.7-4.7 22.4 17.4 52.1 39.5 154.1 113.6 21.1 15.4 56.7 47.8 92.2 47.6 35.7.3 72-32.8 92.3-47.6 102-74.1 131.6-96.3 154-113.7zM256 320c23.2.4 56.6-29.2 73.4-41.4 132.7-96.3 142.8-104.7 173.4-128.7 5.8-4.5 9.2-11.5 9.2-18.9v-19c0-26.5-21.5-48-48-48H48C21.5 64 0 85.5 0 112v19c0 7.4 3.4 14.3 9.2 18.9 30.6 23.9 40.7 32.4 173.4 128.7 16.8 12.2 50.2 41.8 73.4 41.4z\"><\/path><\/svg>\t\t\t\t<\/span>\n\t\t\t<\/div>\n\t\t\t\n\t\t\t\t\t\t<div class=\"elementor-icon-box-content\">\n\n\t\t\t\t\t\t\t\t\t<h3 class=\"elementor-icon-box-title\">\n\t\t\t\t\t\t<span  >\n\t\t\t\t\t\t\tinfo@geartips.com.br\t\t\t\t\t\t<\/span>\n\t\t\t\t\t<\/h3>\n\t\t\t\t\n\t\t\t\t\n\t\t\t<\/div>\n\t\t\t\n\t\t<\/div>\n\t\t\t\t\t\t<\/div>\n\t\t\t\t<\/div>\n\t\t\t\t<div class=\"elementor-element elementor-element-a99ff5c elementor-position-inline-start elementor-view-default elementor-mobile-position-block-start elementor-widget elementor-widget-icon-box\" data-id=\"a99ff5c\" data-element_type=\"widget\" data-e-type=\"widget\" data-widget_type=\"icon-box.default\">\n\t\t\t\t<div class=\"elementor-widget-container\">\n\t\t\t\t\t\t\t<div class=\"elementor-icon-box-wrapper\">\n\n\t\t\t\t\t\t<div class=\"elementor-icon-box-icon\">\n\t\t\t\t<a href=\"https:\/\/api.whatsapp.com\/send\/?phone=552174766754&#038;text=Ol%C3%A1%2C+estou+no+Gear+Tips+Club+e+gostaria+de+tirar+uma+d%C3%BAvida.&#038;type=phone_number&#038;app_absent=0\" target=\"_blank\" class=\"elementor-icon\" tabindex=\"-1\" aria-label=\"(21) 97476-6754\">\n\t\t\t\t<svg aria-hidden=\"true\" class=\"e-font-icon-svg e-fab-whatsapp\" viewBox=\"0 0 448 512\" xmlns=\"http:\/\/www.w3.org\/2000\/svg\"><path d=\"M380.9 97.1C339 55.1 283.2 32 223.9 32c-122.4 0-222 99.6-222 222 0 39.1 10.2 77.3 29.6 111L0 480l117.7-30.9c32.4 17.7 68.9 27 106.1 27h.1c122.3 0 224.1-99.6 224.1-222 0-59.3-25.2-115-67.1-157zm-157 341.6c-33.2 0-65.7-8.9-94-25.7l-6.7-4-69.8 18.3L72 359.2l-4.4-7c-18.5-29.4-28.2-63.3-28.2-98.2 0-101.7 82.8-184.5 184.6-184.5 49.3 0 95.6 19.2 130.4 54.1 34.8 34.9 56.2 81.2 56.1 130.5 0 101.8-84.9 184.6-186.6 184.6zm101.2-138.2c-5.5-2.8-32.8-16.2-37.9-18-5.1-1.9-8.8-2.8-12.5 2.8-3.7 5.6-14.3 18-17.6 21.8-3.2 3.7-6.5 4.2-12 1.4-32.6-16.3-54-29.1-75.5-66-5.7-9.8 5.7-9.1 16.3-30.3 1.8-3.7.9-6.9-.5-9.7-1.4-2.8-12.5-30.1-17.1-41.2-4.5-10.8-9.1-9.3-12.5-9.5-3.2-.2-6.9-.2-10.6-.2-3.7 0-9.7 1.4-14.8 6.9-5.1 5.6-19.4 19-19.4 46.3 0 27.3 19.9 53.7 22.6 57.4 2.8 3.7 39.1 59.7 94.8 83.8 35.2 15.2 49 16.5 66.6 13.9 10.7-1.6 32.8-13.4 37.4-26.4 4.6-13 4.6-24.1 3.2-26.4-1.3-2.5-5-3.9-10.5-6.6z\"><\/path><\/svg>\t\t\t\t<\/a>\n\t\t\t<\/div>\n\t\t\t\n\t\t\t\t\t\t<div class=\"elementor-icon-box-content\">\n\n\t\t\t\t\t\t\t\t\t<h3 class=\"elementor-icon-box-title\">\n\t\t\t\t\t\t<a href=\"https:\/\/api.whatsapp.com\/send\/?phone=552174766754&#038;text=Ol%C3%A1%2C+estou+no+Gear+Tips+Club+e+gostaria+de+tirar+uma+d%C3%BAvida.&#038;type=phone_number&#038;app_absent=0\" target=\"_blank\" >\n\t\t\t\t\t\t\t(21) 97476-6754\t\t\t\t\t\t<\/a>\n\t\t\t\t\t<\/h3>\n\t\t\t\t\n\t\t\t\t\n\t\t\t<\/div>\n\t\t\t\n\t\t<\/div>\n\t\t\t\t\t\t<\/div>\n\t\t\t\t<\/div>\n\t\t\t\t<div class=\"elementor-element elementor-element-62b14e2 elementor-widget elementor-widget-heading\" data-id=\"62b14e2\" data-element_type=\"widget\" data-e-type=\"widget\" data-widget_type=\"heading.default\">\n\t\t\t\t<div class=\"elementor-widget-container\">\n\t\t\t\t\t<h3 class=\"elementor-heading-title elementor-size-default\">Social networks<\/h3>\t\t\t\t<\/div>\n\t\t\t\t<\/div>\n\t\t\t\t<div class=\"elementor-element elementor-element-445756f e-grid-align-left elementor-shape-rounded elementor-grid-0 elementor-widget elementor-widget-social-icons\" data-id=\"445756f\" data-element_type=\"widget\" data-e-type=\"widget\" data-widget_type=\"social-icons.default\">\n\t\t\t\t<div class=\"elementor-widget-container\">\n\t\t\t\t\t\t\t<div class=\"elementor-social-icons-wrapper elementor-grid\" role=\"list\">\n\t\t\t\t\t\t\t<span class=\"elementor-grid-item\" role=\"listitem\">\n\t\t\t\t\t<a class=\"elementor-icon elementor-social-icon elementor-social-icon-instagram elementor-animation-shrink elementor-repeater-item-2cfefff\" href=\"https:\/\/www.instagram.com\/geartipsoutdoor\/\" target=\"_blank\">\n\t\t\t\t\t\t<span class=\"elementor-screen-only\">Instagram<\/span>\n\t\t\t\t\t\t<svg aria-hidden=\"true\" class=\"e-font-icon-svg e-fab-instagram\" viewBox=\"0 0 448 512\" xmlns=\"http:\/\/www.w3.org\/2000\/svg\"><path d=\"M224.1 141c-63.6 0-114.9 51.3-114.9 114.9s51.3 114.9 114.9 114.9S339 319.5 339 255.9 287.7 141 224.1 141zm0 189.6c-41.1 0-74.7-33.5-74.7-74.7s33.5-74.7 74.7-74.7 74.7 33.5 74.7 74.7-33.6 74.7-74.7 74.7zm146.4-194.3c0 14.9-12 26.8-26.8 26.8-14.9 0-26.8-12-26.8-26.8s12-26.8 26.8-26.8 26.8 12 26.8 26.8zm76.1 27.2c-1.7-35.9-9.9-67.7-36.2-93.9-26.2-26.2-58-34.4-93.9-36.2-37-2.1-147.9-2.1-184.9 0-35.8 1.7-67.6 9.9-93.9 36.1s-34.4 58-36.2 93.9c-2.1 37-2.1 147.9 0 184.9 1.7 35.9 9.9 67.7 36.2 93.9s58 34.4 93.9 36.2c37 2.1 147.9 2.1 184.9 0 35.9-1.7 67.7-9.9 93.9-36.2 26.2-26.2 34.4-58 36.2-93.9 2.1-37 2.1-147.8 0-184.8zM398.8 388c-7.8 19.6-22.9 34.7-42.6 42.6-29.5 11.7-99.5 9-132.1 9s-102.7 2.6-132.1-9c-19.6-7.8-34.7-22.9-42.6-42.6-11.7-29.5-9-99.5-9-132.1s-2.6-102.7 9-132.1c7.8-19.6 22.9-34.7 42.6-42.6 29.5-11.7 99.5-9 132.1-9s102.7-2.6 132.1 9c19.6 7.8 34.7 22.9 42.6 42.6 11.7 29.5 9 99.5 9 132.1s2.7 102.7-9 132.1z\"><\/path><\/svg>\t\t\t\t\t<\/a>\n\t\t\t\t<\/span>\n\t\t\t\t\t\t\t<span class=\"elementor-grid-item\" role=\"listitem\">\n\t\t\t\t\t<a class=\"elementor-icon elementor-social-icon elementor-social-icon-youtube elementor-animation-shrink elementor-repeater-item-7c4b80a\" href=\"https:\/\/www.youtube.com\/channel\/UC8ZDkuNI-bqilBMXS-eNWNQ\" target=\"_blank\">\n\t\t\t\t\t\t<span class=\"elementor-screen-only\">Youtube<\/span>\n\t\t\t\t\t\t<svg aria-hidden=\"true\" class=\"e-font-icon-svg e-fab-youtube\" viewBox=\"0 0 576 512\" xmlns=\"http:\/\/www.w3.org\/2000\/svg\"><path d=\"M549.655 124.083c-6.281-23.65-24.787-42.276-48.284-48.597C458.781 64 288 64 288 64S117.22 64 74.629 75.486c-23.497 6.322-42.003 24.947-48.284 48.597-11.412 42.867-11.412 132.305-11.412 132.305s0 89.438 11.412 132.305c6.281 23.65 24.787 41.5 48.284 47.821C117.22 448 288 448 288 448s170.78 0 213.371-11.486c23.497-6.321 42.003-24.171 48.284-47.821 11.412-42.867 11.412-132.305 11.412-132.305s0-89.438-11.412-132.305zm-317.51 213.508V175.185l142.739 81.205-142.739 81.201z\"><\/path><\/svg>\t\t\t\t\t<\/a>\n\t\t\t\t<\/span>\n\t\t\t\t\t\t\t<span class=\"elementor-grid-item\" role=\"listitem\">\n\t\t\t\t\t<a class=\"elementor-icon elementor-social-icon elementor-social-icon-facebook elementor-animation-shrink elementor-repeater-item-3da8390\" href=\"https:\/\/www.facebook.com\/GearTipsOutdoor\" target=\"_blank\">\n\t\t\t\t\t\t<span class=\"elementor-screen-only\">Facebook<\/span>\n\t\t\t\t\t\t<svg aria-hidden=\"true\" class=\"e-font-icon-svg e-fab-facebook\" viewBox=\"0 0 512 512\" xmlns=\"http:\/\/www.w3.org\/2000\/svg\"><path d=\"M504 256C504 119 393 8 256 8S8 119 8 256c0 123.78 90.69 226.38 209.25 245V327.69h-63V256h63v-54.64c0-62.15 37-96.48 93.67-96.48 27.14 0 55.52 4.84 55.52 4.84v61h-31.28c-30.8 0-40.41 19.12-40.41 38.73V256h68.78l-11 71.69h-57.78V501C413.31 482.38 504 379.78 504 256z\"><\/path><\/svg>\t\t\t\t\t<\/a>\n\t\t\t\t<\/span>\n\t\t\t\t\t\t\t<span class=\"elementor-grid-item\" role=\"listitem\">\n\t\t\t\t\t<a class=\"elementor-icon elementor-social-icon elementor-social-icon-telegram elementor-animation-shrink elementor-repeater-item-981901c\" href=\"https:\/\/www.youtube.com\/channel\/UC8ZDkuNI-bqilBMXS-eNWNQ\" target=\"_blank\">\n\t\t\t\t\t\t<span class=\"elementor-screen-only\">Telegram<\/span>\n\t\t\t\t\t\t<svg aria-hidden=\"true\" class=\"e-font-icon-svg e-fab-telegram\" viewBox=\"0 0 496 512\" xmlns=\"http:\/\/www.w3.org\/2000\/svg\"><path d=\"M248 8C111 8 0 119 0 256s111 248 248 248 248-111 248-248S385 8 248 8zm121.8 169.9l-40.7 191.8c-3 13.6-11.1 16.9-22.4 10.5l-62-45.7-29.9 28.8c-3.3 3.3-6.1 6.1-12.5 6.1l4.4-63.1 114.9-103.8c5-4.4-1.1-6.9-7.7-2.5l-142 89.4-61.2-19.1c-13.3-4.2-13.6-13.3 2.8-19.7l239.1-92.2c11.1-4 20.8 2.7 17.2 19.5z\"><\/path><\/svg>\t\t\t\t\t<\/a>\n\t\t\t\t<\/span>\n\t\t\t\t\t<\/div>\n\t\t\t\t\t\t<\/div>\n\t\t\t\t<\/div>\n\t\t\t\t<div class=\"elementor-element elementor-element-8bd5b7a elementor-widget elementor-widget-heading\" data-id=\"8bd5b7a\" data-element_type=\"widget\" data-e-type=\"widget\" data-widget_type=\"heading.default\">\n\t\t\t\t<div class=\"elementor-widget-container\">\n\t\t\t\t\t<h3 class=\"elementor-heading-title elementor-size-default\">Notification group<\/h3>\t\t\t\t<\/div>\n\t\t\t\t<\/div>\n\t\t\t\t<div class=\"elementor-element elementor-element-efd1028 e-grid-align-left elementor-shape-rounded elementor-grid-0 elementor-widget elementor-widget-social-icons\" data-id=\"efd1028\" data-element_type=\"widget\" data-e-type=\"widget\" data-widget_type=\"social-icons.default\">\n\t\t\t\t<div class=\"elementor-widget-container\">\n\t\t\t\t\t\t\t<div class=\"elementor-social-icons-wrapper elementor-grid\">\n\t\t\t\t\t\t\t<span class=\"elementor-grid-item\">\n\t\t\t\t\t<a class=\"elementor-icon elementor-social-icon elementor-social-icon-whatsapp elementor-animation-shrink elementor-repeater-item-2f48214\" href=\"https:\/\/chat.whatsapp.com\/HY19FmrLMNg9xst8trJfke\" target=\"_blank\">\n\t\t\t\t\t\t<span class=\"elementor-screen-only\">Whatsapp<\/span>\n\t\t\t\t\t\t<svg aria-hidden=\"true\" class=\"e-font-icon-svg e-fab-whatsapp\" viewBox=\"0 0 448 512\" xmlns=\"http:\/\/www.w3.org\/2000\/svg\"><path d=\"M380.9 97.1C339 55.1 283.2 32 223.9 32c-122.4 0-222 99.6-222 222 0 39.1 10.2 77.3 29.6 111L0 480l117.7-30.9c32.4 17.7 68.9 27 106.1 27h.1c122.3 0 224.1-99.6 224.1-222 0-59.3-25.2-115-67.1-157zm-157 341.6c-33.2 0-65.7-8.9-94-25.7l-6.7-4-69.8 18.3L72 359.2l-4.4-7c-18.5-29.4-28.2-63.3-28.2-98.2 0-101.7 82.8-184.5 184.6-184.5 49.3 0 95.6 19.2 130.4 54.1 34.8 34.9 56.2 81.2 56.1 130.5 0 101.8-84.9 184.6-186.6 184.6zm101.2-138.2c-5.5-2.8-32.8-16.2-37.9-18-5.1-1.9-8.8-2.8-12.5 2.8-3.7 5.6-14.3 18-17.6 21.8-3.2 3.7-6.5 4.2-12 1.4-32.6-16.3-54-29.1-75.5-66-5.7-9.8 5.7-9.1 16.3-30.3 1.8-3.7.9-6.9-.5-9.7-1.4-2.8-12.5-30.1-17.1-41.2-4.5-10.8-9.1-9.3-12.5-9.5-3.2-.2-6.9-.2-10.6-.2-3.7 0-9.7 1.4-14.8 6.9-5.1 5.6-19.4 19-19.4 46.3 0 27.3 19.9 53.7 22.6 57.4 2.8 3.7 39.1 59.7 94.8 83.8 35.2 15.2 49 16.5 66.6 13.9 10.7-1.6 32.8-13.4 37.4-26.4 4.6-13 4.6-24.1 3.2-26.4-1.3-2.5-5-3.9-10.5-6.6z\"><\/path><\/svg>\t\t\t\t\t<\/a>\n\t\t\t\t<\/span>\n\t\t\t\t\t<\/div>\n\t\t\t\t\t\t<\/div>\n\t\t\t\t<\/div>\n\t\t\t\t\t<\/div>\n\t\t\t\t<\/div>\n\t\t<div data-dce-background-color=\"#ECF0EE\" class=\"elementor-element elementor-element-66ec4d1 e-flex e-con-boxed e-con e-child\" data-id=\"66ec4d1\" data-element_type=\"container\" data-e-type=\"container\" data-settings=\"{&quot;background_background&quot;:&quot;classic&quot;}\">\n\t\t\t\t\t<div class=\"e-con-inner\">\n\t\t\t\t<div class=\"elementor-element elementor-element-eb920ba elementor-widget elementor-widget-heading\" data-id=\"eb920ba\" data-element_type=\"widget\" data-e-type=\"widget\" data-widget_type=\"heading.default\">\n\t\t\t\t<div class=\"elementor-widget-container\">\n\t\t\t\t\t<h3 class=\"elementor-heading-title elementor-size-default\">Subscribe to our newsletter<\/h3>\t\t\t\t<\/div>\n\t\t\t\t<\/div>\n\t\t\t\t<div class=\"elementor-element elementor-element-17f0eb4 elementor-widget elementor-widget-html\" data-id=\"17f0eb4\" data-element_type=\"widget\" data-e-type=\"widget\" data-widget_type=\"html.default\">\n\t\t\t\t<div class=\"elementor-widget-container\">\n\t\t\t\t\t<style type=\"text\/css\" scoped>.mauticform_wrapper { max-width: 600px; margin: 10px auto; font-family: \"Helvetica Neue\", Helvetica, Arial, sans-serif; font-size: 14px; color: #333333;}\n    .mauticform-innerform {}\n    .mauticform-post-success {}\n    .mauticform-name { font-weight: bold; font-size: 1.5em; margin-bottom: 3px; }\n    .mauticform-description { margin-top: 2px; margin-bottom: 10px; }\n    .mauticform-error { margin-bottom: 10px; color: red; }\n    .mauticform-message { margin-bottom: 10px;color: green; }\n    .mauticform-row { display: block; margin-bottom: 20px; }\n    .mauticform-label { font-size: 1.1em; display: block; font-weight: bold; margin-bottom: 5px; }\n    .mauticform-row.mauticform-required .mauticform-label:after { color: #e32; content: \" *\"; display: inline; }\n    .mauticform-helpmessage { display: block; font-size: 0.9em; margin-bottom: 3px; }\n    .mauticform-errormsg { display: block; color: red; margin-top: 2px; }\n    .mauticform-selectbox, .mauticform-input, .mauticform-textarea { width: 100%; padding: 0.5em 0.5em; border: 1px solid #CCC; background: #fff; box-shadow: 0px 0px 0px #fff inset; border-radius: 4px; box-sizing: border-box; }\n    .mauticform-checkboxgrp-row {}\n    .mauticform-checkboxgrp-label { font-weight: normal; }\n    .mauticform-checkboxgrp-checkbox {}\n    .mauticform-radiogrp-row {}\n    .mauticform-radiogrp-label { font-weight: normal; }\n    .mauticform-radiogrp-radio {}\n    .mauticform-button-wrapper .mauticform-button.btn-default { color: #5d6c7c;background-color: #ffffff;border-color: #dddddd;}\n    .mauticform-button-wrapper .mauticform-button { display: inline-block;margin-bottom: 0;font-weight: 600;text-align: center;vertical-align: middle;cursor: pointer;background-image: none;border: 1px solid transparent;white-space: nowrap;padding: 6px 12px;font-size: 13px;line-height: 1.3856;border-radius: 3px;-webkit-user-select: none;-moz-user-select: none;-ms-user-select: none;user-select: none;}\n    .mauticform-button-wrapper .mauticform-button.btn-default[disabled] { background-color: #ffffff; border-color: #dddddd;}\n<\/style><style type=\"text\/css\" scoped>.mauticform-field-hidden { display:none }\n<\/style><div id=\"mauticform_wrapper_centraldepreferenciasformularioparasiteinstitucionalcpfs\" class=\"mauticform_wrapper\"><form autocomplete=\"false\" role=\"form\" method=\"post\" action=\"https:\/\/mkt.geartips.club\/form\/submit?formId=36\" id=\"mauticform_centraldepreferenciasformularioparasiteinstitucionalcpfs\" data-mautic-form=\"centraldepreferenciasformularioparasiteinstitucionalcpfs\" enctype=\"multipart\/form-data\"><div class=\"mauticform-error\" id=\"mauticform_centraldepreferenciasformularioparasiteinstitucionalcpfs_error\"><\/div><div class=\"mauticform-message\" id=\"mauticform_centraldepreferenciasformularioparasiteinstitucionalcpfs_message\"><\/div><div class=\"mauticform-innerform\"><div class=\"mauticform-page-wrapper mauticform-page-1\" data-mautic-form-page=\"1\"><div id=\"mauticform_centraldepreferenciasformularioparasiteinstitucionalcpfs_nome\" data-validate=\"nome\" data-validation-type=\"text\" class=\"mauticform-row mauticform-text mauticform-field-1 mauticform-required\"><label id=\"mauticform_label_centraldepreferenciasformularioparasiteinstitucionalcpfs_nome\" for=\"mauticform_input_centraldepreferenciasformularioparasiteinstitucionalcpfs_nome\" class=\"mauticform-label\">Nome:<\/label><input id=\"mauticform_input_centraldepreferenciasformularioparasiteinstitucionalcpfs_nome\" name=\"mauticform[nome]\" value=\"\" class=\"mauticform-input\" type=\"text\"><span class=\"mauticform-errormsg\" style=\"display: none;\">This is required.<\/span><\/div><div id=\"mauticform_centraldepreferenciasformularioparasiteinstitucionalcpfs_sobrenome\" class=\"mauticform-row mauticform-text mauticform-field-2\"><label id=\"mauticform_label_centraldepreferenciasformularioparasiteinstitucionalcpfs_sobrenome\" for=\"mauticform_input_centraldepreferenciasformularioparasiteinstitucionalcpfs_sobrenome\" class=\"mauticform-label\">Sobrenome<\/label><input id=\"mauticform_input_centraldepreferenciasformularioparasiteinstitucionalcpfs_sobrenome\" name=\"mauticform[sobrenome]\" value=\"\" class=\"mauticform-input\" type=\"text\"><span class=\"mauticform-errormsg\" style=\"display: none;\"><\/span><\/div><div id=\"mauticform_centraldepreferenciasformularioparasiteinstitucionalcpfs_email\" data-validate=\"email\" data-validation-type=\"email\" class=\"mauticform-row mauticform-email mauticform-field-3 mauticform-required\"><label id=\"mauticform_label_centraldepreferenciasformularioparasiteinstitucionalcpfs_email\" for=\"mauticform_input_centraldepreferenciasformularioparasiteinstitucionalcpfs_email\" class=\"mauticform-label\">E-mail:<\/label><input id=\"mauticform_input_centraldepreferenciasformularioparasiteinstitucionalcpfs_email\" name=\"mauticform[email]\" value=\"\" class=\"mauticform-input\" type=\"email\"><span class=\"mauticform-errormsg\" style=\"display: none;\">This is required.<\/span><\/div><input id=\"mauticform_input_centraldepreferenciasformularioparasiteinstitucionalcpfs_email1\" name=\"mauticform[email1]\" value=\"\" class=\"mauticform-hidden\" type=\"hidden\"><div id=\"mauticform_centraldepreferenciasformularioparasiteinstitucionalcpfs_quais_tipos_de_emails_gos\" data-validate=\"quais_tipos_de_emails_gos\" data-validation-type=\"checkboxgrp\" class=\"mauticform-row mauticform-checkboxgrp mauticform-field-5 mauticform-required\"><label class=\"mauticform-label\" for=\"mauticform_checkboxgrp_checkbox_quais_tipos_de_emails_gos_ReceberTODOSosEmails1\">Quais tipos de e-mails gostaria de receber?<\/label><div class=\"mauticform-checkboxgrp-row\">                    <input class=\"mauticform-checkboxgrp-checkbox\" name=\"mauticform[quais_tipos_de_emails_gos][]\" id=\"mauticform_checkboxgrp_checkbox_quais_tipos_de_emails_gos_todoscpfs0\" type=\"checkbox\" value=\"todos_cpfs\"><label id=\"mauticform_checkboxgrp_label_quais_tipos_de_emails_gos_todoscpfs0\" for=\"mauticform_checkboxgrp_checkbox_quais_tipos_de_emails_gos_todoscpfs0\" class=\"mauticform-checkboxgrp-label\">Receber TODOS os E-mails<\/label><\/div><div class=\"mauticform-checkboxgrp-row\">                    <input class=\"mauticform-checkboxgrp-checkbox\" name=\"mauticform[quais_tipos_de_emails_gos][]\" id=\"mauticform_checkboxgrp_checkbox_quais_tipos_de_emails_gos_resumosemanalcpfs1\" type=\"checkbox\" value=\"resumo_semanal_cpfs\"><label id=\"mauticform_checkboxgrp_label_quais_tipos_de_emails_gos_resumosemanalcpfs1\" for=\"mauticform_checkboxgrp_checkbox_quais_tipos_de_emails_gos_resumosemanalcpfs1\" class=\"mauticform-checkboxgrp-label\">Resumo Semanal<\/label><\/div><div class=\"mauticform-checkboxgrp-row\">                    <input class=\"mauticform-checkboxgrp-checkbox\" name=\"mauticform[quais_tipos_de_emails_gos][]\" id=\"mauticform_checkboxgrp_checkbox_quais_tipos_de_emails_gos_geralnotificacoescpfs2\" type=\"checkbox\" value=\"geral_notificacoes_cpfs\"><label id=\"mauticform_checkboxgrp_label_quais_tipos_de_emails_gos_geralnotificacoescpfs2\" for=\"mauticform_checkboxgrp_checkbox_quais_tipos_de_emails_gos_geralnotificacoescpfs2\" class=\"mauticform-checkboxgrp-label\">Geral - Eventos, Promo\u00e7\u00f5es, A\u00e7\u00f5es, Lives e Informativos<\/label><\/div><div class=\"mauticform-checkboxgrp-row\">                    <input class=\"mauticform-checkboxgrp-checkbox\" name=\"mauticform[quais_tipos_de_emails_gos][]\" id=\"mauticform_checkboxgrp_checkbox_quais_tipos_de_emails_gos_agendacursoscpfs3\" type=\"checkbox\" value=\"agenda_cursos_cpfs\"><label id=\"mauticform_checkboxgrp_label_quais_tipos_de_emails_gos_agendacursoscpfs3\" for=\"mauticform_checkboxgrp_checkbox_quais_tipos_de_emails_gos_agendacursoscpfs3\" class=\"mauticform-checkboxgrp-label\">Agenda de Cursos<\/label><\/div><span class=\"mauticform-errormsg\" style=\"display: none;\">This is required.<\/span><\/div><div id=\"mauticform_centraldepreferenciasformularioparasiteinstitucionalcpfs_submit\" class=\"mauticform-row mauticform-button-wrapper mauticform-field-6\"><button type=\"submit\" name=\"mauticform[submit]\" id=\"mauticform_input_centraldepreferenciasformularioparasiteinstitucionalcpfs_submit\" value=\"\" class=\"mauticform-button btn btn-default\">Enviar<\/button><\/div><\/div><\/div><input type=\"hidden\" name=\"mauticform[formId]\" id=\"mauticform_centraldepreferenciasformularioparasiteinstitucionalcpfs_id\" value=\"36\"><input type=\"hidden\" name=\"mauticform[return]\" id=\"mauticform_centraldepreferenciasformularioparasiteinstitucionalcpfs_return\" value=\"\"><input type=\"hidden\" name=\"mauticform[formName]\" id=\"mauticform_centraldepreferenciasformularioparasiteinstitucionalcpfs_name\" value=\"centraldepreferenciasformularioparasiteinstitucionalcpfs\"><\/form><\/div>\t\t\t\t<\/div>\n\t\t\t\t<\/div>\n\t\t\t\t\t<\/div>\n\t\t\t\t<\/div>\n\t\t\t\t\t<\/div>\n\t\t\t\t<\/div>\n\t\t\t\t<\/div>\n\t\t","protected":false},"excerpt":{"rendered":"<p>Contact Us To keep up to date with our actions, promotions, videos, posts, articles, partners, courses and news, you can follow us on social networks, notification channels or by subscribing to our newsletter. What do you prefer? Want to talk to our team? info@geartips.com.br (21) 97476-6754 Social networks Instagram Youtube Facebook Telegram Notification group Whatsapp [&hellip;]<\/p>\n","protected":false},"author":3,"featured_media":0,"parent":0,"menu_order":0,"comment_status":"closed","ping_status":"closed","template":"","meta":{"_acf_changed":false,"footnotes":""},"class_list":["post-11194","page","type-page","status-publish","hentry"],"blocksy_meta":[],"acf":[],"publishpress_future_action":{"enabled":false,"date":"2026-04-22 07:16:20","action":"change-status","newStatus":"draft","terms":[],"taxonomy":"translation_priority","extraData":[]},"publishpress_future_workflow_manual_trigger":{"enabledWorkflows":[]},"_links":{"self":[{"href":"https:\/\/geartips.com\/en\/wp-json\/wp\/v2\/pages\/11194","targetHints":{"allow":["GET"]}}],"collection":[{"href":"https:\/\/geartips.com\/en\/wp-json\/wp\/v2\/pages"}],"about":[{"href":"https:\/\/geartips.com\/en\/wp-json\/wp\/v2\/types\/page"}],"author":[{"embeddable":true,"href":"https:\/\/geartips.com\/en\/wp-json\/wp\/v2\/users\/3"}],"replies":[{"embeddable":true,"href":"https:\/\/geartips.com\/en\/wp-json\/wp\/v2\/comments?post=11194"}],"version-history":[{"count":5,"href":"https:\/\/geartips.com\/en\/wp-json\/wp\/v2\/pages\/11194\/revisions"}],"predecessor-version":[{"id":11754,"href":"https:\/\/geartips.com\/en\/wp-json\/wp\/v2\/pages\/11194\/revisions\/11754"}],"wp:attachment":[{"href":"https:\/\/geartips.com\/en\/wp-json\/wp\/v2\/media?parent=11194"}],"curies":[{"name":"wp","href":"https:\/\/api.w.org\/{rel}","templated":true}]}}